{"id":9170,"date":"2021-03-06T15:25:22","date_gmt":"2021-03-06T14:25:22","guid":{"rendered":"https:\/\/grainedecoton.fr\/wordpress\/produit\/imiza-oliu-di-sole-100ml\/"},"modified":"2026-04-13T14:47:33","modified_gmt":"2026-04-13T12:47:33","slug":"imiza-oliu-di-sole-100ml","status":"publish","type":"product","link":"https:\/\/grainedecoton.fr\/wordpress\/produit\/imiza-oliu-di-sole-100ml\/","title":{"rendered":"imiza oliu di sole  100ml"},"content":{"rendered":"","protected":false},"excerpt":{"rendered":"<div>Cette huile s\u00e8che multi-usages (visage, corps, cheveux) est formul\u00e9e avec des produits corses d\u2019origine naturelle.<\/div>\n<p>&nbsp;<\/p>\n<div><a href=\"https:\/\/www.imiza.com\/fr\/content\/7-matieres-premieres-cosmetique-huile-essentielle-immortelle-corse\">L\u2019huile essentielle d\u2019immortelle BIO<\/a>\u00a0en fait un pr\u00e9cieux \u00e9lixir de beaut\u00e9, de par sa raret\u00e9. Les huiles de noisette et d\u2019olive nourrissent l\u2019\u00e9piderme. Go\u00fbtez au plaisir d&rsquo;un parfum m\u00e9diterran\u00e9en !<\/div>\n<p>&nbsp;<\/p>\n<div>\u00c0 son coeur de\u00a0<a href=\"https:\/\/www.imiza.com\/fr\/content\/7-matieres-premieres-cosmetique-huile-essentielle-immortelle-corse\">mati\u00e8res premi\u00e8res corses<\/a>\u00a0se combinent de l\u2019huile d\u2019amande douce : adoucissante et de l\u2019huile de jojoba : restructurante. Intens\u00e9ment nourrie et r\u00e9g\u00e9n\u00e9r\u00e9e, votre peau retrouve toute sa vitalit\u00e9 avec ce soin d\u2019exception.<\/div>\n","protected":false},"featured_media":13029,"comment_status":"open","ping_status":"closed","template":"","meta":[],"product_brand":[],"product_cat":[89],"product_tag":[],"class_list":{"0":"post-9170","1":"product","2":"type-product","3":"status-publish","4":"has-post-thumbnail","6":"product_cat-soin-corps","8":"first","9":"outofstock","10":"taxable","11":"shipping-taxable","12":"purchasable","13":"product-type-simple"},"yoast_head":"<!-- This site is optimized with the Yoast SEO plugin v25.6 - https:\/\/yoast.com\/wordpress\/plugins\/seo\/ -->\n<title>imiza oliu di sole 100ml - Graine de coton - Parapharmacie<\/title>\n<meta name=\"robots\" content=\"index, follow, max-snippet:-1, max-image-preview:large, max-video-preview:-1\" \/>\n<link rel=\"canonical\" href=\"https:\/\/grainedecoton.fr\/wordpress\/produit\/imiza-oliu-di-sole-100ml\/\" \/>\n<meta property=\"og:locale\" content=\"fr_FR\" \/>\n<meta property=\"og:type\" content=\"article\" \/>\n<meta property=\"og:title\" content=\"imiza oliu di sole 100ml - Graine de coton - Parapharmacie\" \/>\n<meta property=\"og:description\" content=\"Cette huile s\u00e8che multi-usages (visage, corps, cheveux) est formul\u00e9e avec des produits corses d\u2019origine naturelle. &nbsp; L\u2019huile essentielle d\u2019immortelle BIO\u00a0en fait un pr\u00e9cieux \u00e9lixir de beaut\u00e9, de par sa raret\u00e9. Les huiles de noisette et d\u2019olive nourrissent l\u2019\u00e9piderme. Go\u00fbtez au plaisir d&#039;un parfum m\u00e9diterran\u00e9en ! &nbsp; \u00c0 son coeur de\u00a0mati\u00e8res premi\u00e8res corses\u00a0se combinent de l\u2019huile d\u2019amande douce : adoucissante et de l\u2019huile de jojoba : restructurante. Intens\u00e9ment nourrie et r\u00e9g\u00e9n\u00e9r\u00e9e, votre peau retrouve toute sa vitalit\u00e9 avec ce soin d\u2019exception.\" \/>\n<meta property=\"og:url\" content=\"https:\/\/grainedecoton.fr\/wordpress\/produit\/imiza-oliu-di-sole-100ml\/\" \/>\n<meta property=\"og:site_name\" content=\"Graine de coton - Parapharmacie\" \/>\n<meta property=\"article:publisher\" content=\"https:\/\/www.facebook.com\/pages\/category\/Pharmacy---Drugstore\/Graine-de-coton-parapharmacie-339080217976\/\" \/>\n<meta property=\"article:modified_time\" content=\"2026-04-13T12:47:33+00:00\" \/>\n<meta property=\"og:image\" content=\"https:\/\/grainedecoton.fr\/wordpress\/wp-content\/uploads\/2021\/03\/oliu-di-sole-huile-essentielle-corse-immortelle@2x.png\" \/>\n\t<meta property=\"og:image:width\" content=\"350\" \/>\n\t<meta property=\"og:image:height\" content=\"456\" \/>\n\t<meta property=\"og:image:type\" content=\"image\/png\" \/>\n<meta name=\"twitter:card\" content=\"summary_large_image\" \/>\n<script type=\"application\/ld+json\" class=\"yoast-schema-graph\">{\"@context\":\"https:\/\/schema.org\",\"@graph\":[{\"@type\":\"WebPage\",\"@id\":\"https:\/\/grainedecoton.fr\/wordpress\/produit\/imiza-oliu-di-sole-100ml\/\",\"url\":\"https:\/\/grainedecoton.fr\/wordpress\/produit\/imiza-oliu-di-sole-100ml\/\",\"name\":\"imiza oliu di sole 100ml - Graine de coton - Parapharmacie\",\"isPartOf\":{\"@id\":\"https:\/\/grainedecoton.fr\/wordpress\/#website\"},\"primaryImageOfPage\":{\"@id\":\"https:\/\/grainedecoton.fr\/wordpress\/produit\/imiza-oliu-di-sole-100ml\/#primaryimage\"},\"image\":{\"@id\":\"https:\/\/grainedecoton.fr\/wordpress\/produit\/imiza-oliu-di-sole-100ml\/#primaryimage\"},\"thumbnailUrl\":\"https:\/\/grainedecoton.fr\/wordpress\/wp-content\/uploads\/2021\/03\/oliu-di-sole-huile-essentielle-corse-immortelle@2x.png\",\"datePublished\":\"2021-03-06T14:25:22+00:00\",\"dateModified\":\"2026-04-13T12:47:33+00:00\",\"breadcrumb\":{\"@id\":\"https:\/\/grainedecoton.fr\/wordpress\/produit\/imiza-oliu-di-sole-100ml\/#breadcrumb\"},\"inLanguage\":\"fr-FR\",\"potentialAction\":[{\"@type\":\"ReadAction\",\"target\":[\"https:\/\/grainedecoton.fr\/wordpress\/produit\/imiza-oliu-di-sole-100ml\/\"]}]},{\"@type\":\"ImageObject\",\"inLanguage\":\"fr-FR\",\"@id\":\"https:\/\/grainedecoton.fr\/wordpress\/produit\/imiza-oliu-di-sole-100ml\/#primaryimage\",\"url\":\"https:\/\/grainedecoton.fr\/wordpress\/wp-content\/uploads\/2021\/03\/oliu-di-sole-huile-essentielle-corse-immortelle@2x.png\",\"contentUrl\":\"https:\/\/grainedecoton.fr\/wordpress\/wp-content\/uploads\/2021\/03\/oliu-di-sole-huile-essentielle-corse-immortelle@2x.png\",\"width\":350,\"height\":456},{\"@type\":\"BreadcrumbList\",\"@id\":\"https:\/\/grainedecoton.fr\/wordpress\/produit\/imiza-oliu-di-sole-100ml\/#breadcrumb\",\"itemListElement\":[{\"@type\":\"ListItem\",\"position\":1,\"name\":\"Accueil\",\"item\":\"https:\/\/grainedecoton.fr\/wordpress\/\"},{\"@type\":\"ListItem\",\"position\":2,\"name\":\"Boutique\",\"item\":\"https:\/\/grainedecoton.fr\/wordpress\/boutique\/\"},{\"@type\":\"ListItem\",\"position\":3,\"name\":\"imiza oliu di sole 100ml\"}]},{\"@type\":\"WebSite\",\"@id\":\"https:\/\/grainedecoton.fr\/wordpress\/#website\",\"url\":\"https:\/\/grainedecoton.fr\/wordpress\/\",\"name\":\"Graine de coton - Parapharmacie\",\"description\":\"Produits Bios et naturels\",\"publisher\":{\"@id\":\"https:\/\/grainedecoton.fr\/wordpress\/#organization\"},\"potentialAction\":[{\"@type\":\"SearchAction\",\"target\":{\"@type\":\"EntryPoint\",\"urlTemplate\":\"https:\/\/grainedecoton.fr\/wordpress\/?s={search_term_string}\"},\"query-input\":{\"@type\":\"PropertyValueSpecification\",\"valueRequired\":true,\"valueName\":\"search_term_string\"}}],\"inLanguage\":\"fr-FR\"},{\"@type\":\"Organization\",\"@id\":\"https:\/\/grainedecoton.fr\/wordpress\/#organization\",\"name\":\"Graine de Coton\",\"url\":\"https:\/\/grainedecoton.fr\/wordpress\/\",\"logo\":{\"@type\":\"ImageObject\",\"inLanguage\":\"fr-FR\",\"@id\":\"https:\/\/grainedecoton.fr\/wordpress\/#\/schema\/logo\/image\/\",\"url\":\"https:\/\/grainedecoton.fr\/wordpress\/wp-content\/uploads\/2018\/11\/logo-graine-de-cotonpt.jpg\",\"contentUrl\":\"https:\/\/grainedecoton.fr\/wordpress\/wp-content\/uploads\/2018\/11\/logo-graine-de-cotonpt.jpg\",\"width\":576,\"height\":149,\"caption\":\"Graine de Coton\"},\"image\":{\"@id\":\"https:\/\/grainedecoton.fr\/wordpress\/#\/schema\/logo\/image\/\"},\"sameAs\":[\"https:\/\/www.facebook.com\/pages\/category\/Pharmacy---Drugstore\/Graine-de-coton-parapharmacie-339080217976\/\"]}]}<\/script>\n<!-- \/ Yoast SEO plugin. -->","yoast_head_json":{"title":"imiza oliu di sole 100ml - Graine de coton - Parapharmacie","robots":{"index":"index","follow":"follow","max-snippet":"max-snippet:-1","max-image-preview":"max-image-preview:large","max-video-preview":"max-video-preview:-1"},"canonical":"https:\/\/grainedecoton.fr\/wordpress\/produit\/imiza-oliu-di-sole-100ml\/","og_locale":"fr_FR","og_type":"article","og_title":"imiza oliu di sole 100ml - Graine de coton - Parapharmacie","og_description":"Cette huile s\u00e8che multi-usages (visage, corps, cheveux) est formul\u00e9e avec des produits corses d\u2019origine naturelle. &nbsp; L\u2019huile essentielle d\u2019immortelle BIO\u00a0en fait un pr\u00e9cieux \u00e9lixir de beaut\u00e9, de par sa raret\u00e9. Les huiles de noisette et d\u2019olive nourrissent l\u2019\u00e9piderme. Go\u00fbtez au plaisir d'un parfum m\u00e9diterran\u00e9en ! &nbsp; \u00c0 son coeur de\u00a0mati\u00e8res premi\u00e8res corses\u00a0se combinent de l\u2019huile d\u2019amande douce : adoucissante et de l\u2019huile de jojoba : restructurante. Intens\u00e9ment nourrie et r\u00e9g\u00e9n\u00e9r\u00e9e, votre peau retrouve toute sa vitalit\u00e9 avec ce soin d\u2019exception.","og_url":"https:\/\/grainedecoton.fr\/wordpress\/produit\/imiza-oliu-di-sole-100ml\/","og_site_name":"Graine de coton - Parapharmacie","article_publisher":"https:\/\/www.facebook.com\/pages\/category\/Pharmacy---Drugstore\/Graine-de-coton-parapharmacie-339080217976\/","article_modified_time":"2026-04-13T12:47:33+00:00","og_image":[{"width":350,"height":456,"url":"https:\/\/grainedecoton.fr\/wordpress\/wp-content\/uploads\/2021\/03\/oliu-di-sole-huile-essentielle-corse-immortelle@2x.png","type":"image\/png"}],"twitter_card":"summary_large_image","schema":{"@context":"https:\/\/schema.org","@graph":[{"@type":"WebPage","@id":"https:\/\/grainedecoton.fr\/wordpress\/produit\/imiza-oliu-di-sole-100ml\/","url":"https:\/\/grainedecoton.fr\/wordpress\/produit\/imiza-oliu-di-sole-100ml\/","name":"imiza oliu di sole 100ml - Graine de coton - Parapharmacie","isPartOf":{"@id":"https:\/\/grainedecoton.fr\/wordpress\/#website"},"primaryImageOfPage":{"@id":"https:\/\/grainedecoton.fr\/wordpress\/produit\/imiza-oliu-di-sole-100ml\/#primaryimage"},"image":{"@id":"https:\/\/grainedecoton.fr\/wordpress\/produit\/imiza-oliu-di-sole-100ml\/#primaryimage"},"thumbnailUrl":"https:\/\/grainedecoton.fr\/wordpress\/wp-content\/uploads\/2021\/03\/oliu-di-sole-huile-essentielle-corse-immortelle@2x.png","datePublished":"2021-03-06T14:25:22+00:00","dateModified":"2026-04-13T12:47:33+00:00","breadcrumb":{"@id":"https:\/\/grainedecoton.fr\/wordpress\/produit\/imiza-oliu-di-sole-100ml\/#breadcrumb"},"inLanguage":"fr-FR","potentialAction":[{"@type":"ReadAction","target":["https:\/\/grainedecoton.fr\/wordpress\/produit\/imiza-oliu-di-sole-100ml\/"]}]},{"@type":"ImageObject","inLanguage":"fr-FR","@id":"https:\/\/grainedecoton.fr\/wordpress\/produit\/imiza-oliu-di-sole-100ml\/#primaryimage","url":"https:\/\/grainedecoton.fr\/wordpress\/wp-content\/uploads\/2021\/03\/oliu-di-sole-huile-essentielle-corse-immortelle@2x.png","contentUrl":"https:\/\/grainedecoton.fr\/wordpress\/wp-content\/uploads\/2021\/03\/oliu-di-sole-huile-essentielle-corse-immortelle@2x.png","width":350,"height":456},{"@type":"BreadcrumbList","@id":"https:\/\/grainedecoton.fr\/wordpress\/produit\/imiza-oliu-di-sole-100ml\/#breadcrumb","itemListElement":[{"@type":"ListItem","position":1,"name":"Accueil","item":"https:\/\/grainedecoton.fr\/wordpress\/"},{"@type":"ListItem","position":2,"name":"Boutique","item":"https:\/\/grainedecoton.fr\/wordpress\/boutique\/"},{"@type":"ListItem","position":3,"name":"imiza oliu di sole 100ml"}]},{"@type":"WebSite","@id":"https:\/\/grainedecoton.fr\/wordpress\/#website","url":"https:\/\/grainedecoton.fr\/wordpress\/","name":"Graine de coton - Parapharmacie","description":"Produits Bios et naturels","publisher":{"@id":"https:\/\/grainedecoton.fr\/wordpress\/#organization"},"potentialAction":[{"@type":"SearchAction","target":{"@type":"EntryPoint","urlTemplate":"https:\/\/grainedecoton.fr\/wordpress\/?s={search_term_string}"},"query-input":{"@type":"PropertyValueSpecification","valueRequired":true,"valueName":"search_term_string"}}],"inLanguage":"fr-FR"},{"@type":"Organization","@id":"https:\/\/grainedecoton.fr\/wordpress\/#organization","name":"Graine de Coton","url":"https:\/\/grainedecoton.fr\/wordpress\/","logo":{"@type":"ImageObject","inLanguage":"fr-FR","@id":"https:\/\/grainedecoton.fr\/wordpress\/#\/schema\/logo\/image\/","url":"https:\/\/grainedecoton.fr\/wordpress\/wp-content\/uploads\/2018\/11\/logo-graine-de-cotonpt.jpg","contentUrl":"https:\/\/grainedecoton.fr\/wordpress\/wp-content\/uploads\/2018\/11\/logo-graine-de-cotonpt.jpg","width":576,"height":149,"caption":"Graine de Coton"},"image":{"@id":"https:\/\/grainedecoton.fr\/wordpress\/#\/schema\/logo\/image\/"},"sameAs":["https:\/\/www.facebook.com\/pages\/category\/Pharmacy---Drugstore\/Graine-de-coton-parapharmacie-339080217976\/"]}]}},"_links":{"self":[{"href":"https:\/\/grainedecoton.fr\/wordpress\/wp-json\/wp\/v2\/product\/9170"}],"collection":[{"href":"https:\/\/grainedecoton.fr\/wordpress\/wp-json\/wp\/v2\/product"}],"about":[{"href":"https:\/\/grainedecoton.fr\/wordpress\/wp-json\/wp\/v2\/types\/product"}],"replies":[{"embeddable":true,"href":"https:\/\/grainedecoton.fr\/wordpress\/wp-json\/wp\/v2\/comments?post=9170"}],"wp:featuredmedia":[{"embeddable":true,"href":"https:\/\/grainedecoton.fr\/wordpress\/wp-json\/wp\/v2\/media\/13029"}],"wp:attachment":[{"href":"https:\/\/grainedecoton.fr\/wordpress\/wp-json\/wp\/v2\/media?parent=9170"}],"wp:term":[{"taxonomy":"product_brand","embeddable":true,"href":"https:\/\/grainedecoton.fr\/wordpress\/wp-json\/wp\/v2\/product_brand?post=9170"},{"taxonomy":"product_cat","embeddable":true,"href":"https:\/\/grainedecoton.fr\/wordpress\/wp-json\/wp\/v2\/product_cat?post=9170"},{"taxonomy":"product_tag","embeddable":true,"href":"https:\/\/grainedecoton.fr\/wordpress\/wp-json\/wp\/v2\/product_tag?post=9170"}],"curies":[{"name":"wp","href":"https:\/\/api.w.org\/{rel}","templated":true}]}}