{"id":12978,"date":"2021-03-06T16:41:26","date_gmt":"2021-03-06T15:41:26","guid":{"rendered":"https:\/\/grainedecoton.fr\/wordpress\/produit\/oeil-multiple-8mm\/"},"modified":"2026-01-03T18:24:20","modified_gmt":"2026-01-03T17:24:20","slug":"oeil-multiple-8mm","status":"publish","type":"product","link":"https:\/\/grainedecoton.fr\/wordpress\/produit\/oeil-multiple-8mm\/","title":{"rendered":"oeil multiple 8mm"},"content":{"rendered":"<p><strong>Portez ce magnifique Bracelet \u00ab\u00a0\u0152il multiple\u00a0\u00bb<\/strong>\u00a0et recevez sa\u00a0<strong>protection extr\u00eame<\/strong>. il vous prot\u00e8gera au quotidien des ondes n\u00e9gatives.\u00a0Gardez\u00a0ce bracelet avec vous tous les jours, il vous rendra\u00a0<strong>plus fort(e)<\/strong>\u00a0et rien ne pourra vous atteindre.<\/p>\n<ul>\n<li><strong>L\u2019\u0152il de Tigre,<\/strong>\u00a0pierre protectrice, est port\u00e9e comme un talisman pour\u00a0<strong>pr\u00e9venir les mal\u00e9dictions.\u00a0<\/strong>C&rsquo;est un excellent compagnon pour des rencontres importantes. Elle vous\u00a0<strong>donne de l\u2019\u00e9nergie et de la confiance<\/strong>.\u00a0Si vous \u00eates timide et que vous manquez d\u2019assurance cette pierre est faite pour vous. Elle est aussi la\u00a0<strong>pierre de\u00a0l\u2019instinct<\/strong>, elle vous aide \u00e0 percer les situations confuses et compliqu\u00e9es. Elle est d\u2019un\u00a0soutien en cas de doute\u00a0et de difficult\u00e9 \u00e0 se d\u00e9cider.<\/li>\n<\/ul>\n<ul>\n<li><b>L\u2019\u0153il\u00a0de Faucon,\u00a0<\/b>pierre de protection, qui\u00a0<strong>\u00e9loigne les influences n\u00e9gatives.\u00a0<\/strong>Elle\u00a0repr\u00e9sente l\u2019ange gardien qui voit tout. Il\u00a0<strong>favorise la vision et l\u2019intuition<\/strong>. Si vous \u00eates\u00a0une personne \u00e9troite d\u2019esprit ou conservatrice, cette pierre est faite pour vous.\u00a0<strong>La pierre de Faucon\u00a0stimule l\u2019\u00e9coute des autres<\/strong>\u00a0et\u00a0apporte la tol\u00e9rance.<\/li>\n<\/ul>\n<ul>\n<li><strong>L\u2019Oeil de Taureau prot\u00e8ge du mauvais \u0153il.\u00a0<\/strong>Elle\u00a0elle prot\u00e8ge des influences n\u00e9gatives. Elle a un effet miroir car elle\u00a0agit comme un bouclier\u00a0en renvoyant l\u2019\u00e9nergie n\u00e9gative \u00e0 celui qui l\u2019a \u00e9mise. Pour ses vertus de\u00a0renfort physique,\u00a0<strong>cette pierre est tr\u00e8s recommand\u00e9e dans le domaine du sport.<\/strong>\u00a0Elle vous offre endurance dans les efforts pour aller le plus loin possible. L\u2019\u0153il de Taureau\u00a0<strong>prot\u00e8ge aussi du stress.\u00a0<\/strong><\/li>\n<\/ul>\n<hr \/>\n<p>&nbsp;<\/p>\n","protected":false},"excerpt":{"rendered":"<p>Portez ce magnifique Bracelet \u00ab\u00a0\u0152il multiple\u00a0\u00bb\u00a0et recevez sa\u00a0protection extr\u00eame. il vous prot\u00e8gera au quotidien des ondes n\u00e9gatives.\u00a0Gardez\u00a0ce bracelet avec vous&hellip;<\/p>\n","protected":false},"featured_media":13023,"comment_status":"open","ping_status":"closed","template":"","meta":[],"product_brand":[],"product_cat":[87],"product_tag":[],"class_list":{"0":"post-12978","1":"product","2":"type-product","3":"status-publish","4":"has-post-thumbnail","6":"product_cat-accessoires","8":"first","9":"instock","10":"taxable","11":"shipping-taxable","12":"purchasable","13":"product-type-simple"},"yoast_head":"<!-- This site is optimized with the Yoast SEO plugin v25.6 - https:\/\/yoast.com\/wordpress\/plugins\/seo\/ -->\n<title>oeil multiple 8mm - Graine de coton - Parapharmacie<\/title>\n<meta name=\"robots\" content=\"index, follow, max-snippet:-1, max-image-preview:large, max-video-preview:-1\" \/>\n<link rel=\"canonical\" href=\"https:\/\/grainedecoton.fr\/wordpress\/produit\/oeil-multiple-8mm\/\" \/>\n<meta property=\"og:locale\" content=\"fr_FR\" \/>\n<meta property=\"og:type\" content=\"article\" \/>\n<meta property=\"og:title\" content=\"oeil multiple 8mm - Graine de coton - Parapharmacie\" \/>\n<meta property=\"og:description\" content=\"Portez ce magnifique Bracelet \u00ab\u00a0\u0152il multiple\u00a0\u00bb\u00a0et recevez sa\u00a0protection extr\u00eame. il vous prot\u00e8gera au quotidien des ondes n\u00e9gatives.\u00a0Gardez\u00a0ce bracelet avec vous&hellip;\" \/>\n<meta property=\"og:url\" content=\"https:\/\/grainedecoton.fr\/wordpress\/produit\/oeil-multiple-8mm\/\" \/>\n<meta property=\"og:site_name\" content=\"Graine de coton - Parapharmacie\" \/>\n<meta property=\"article:publisher\" content=\"https:\/\/www.facebook.com\/pages\/category\/Pharmacy---Drugstore\/Graine-de-coton-parapharmacie-339080217976\/\" \/>\n<meta property=\"article:modified_time\" content=\"2026-01-03T17:24:20+00:00\" \/>\n<meta property=\"og:image\" content=\"https:\/\/grainedecoton.fr\/wordpress\/wp-content\/uploads\/2021\/03\/3-yeux.jpg\" \/>\n\t<meta property=\"og:image:width\" content=\"700\" \/>\n\t<meta property=\"og:image:height\" content=\"500\" \/>\n\t<meta property=\"og:image:type\" content=\"image\/jpeg\" \/>\n<meta name=\"twitter:card\" content=\"summary_large_image\" \/>\n<meta name=\"twitter:label1\" content=\"Dur\u00e9e de lecture estim\u00e9e\" \/>\n\t<meta name=\"twitter:data1\" content=\"2 minutes\" \/>\n<script type=\"application\/ld+json\" class=\"yoast-schema-graph\">{\"@context\":\"https:\/\/schema.org\",\"@graph\":[{\"@type\":\"WebPage\",\"@id\":\"https:\/\/grainedecoton.fr\/wordpress\/produit\/oeil-multiple-8mm\/\",\"url\":\"https:\/\/grainedecoton.fr\/wordpress\/produit\/oeil-multiple-8mm\/\",\"name\":\"oeil multiple 8mm - Graine de coton - Parapharmacie\",\"isPartOf\":{\"@id\":\"https:\/\/grainedecoton.fr\/wordpress\/#website\"},\"primaryImageOfPage\":{\"@id\":\"https:\/\/grainedecoton.fr\/wordpress\/produit\/oeil-multiple-8mm\/#primaryimage\"},\"image\":{\"@id\":\"https:\/\/grainedecoton.fr\/wordpress\/produit\/oeil-multiple-8mm\/#primaryimage\"},\"thumbnailUrl\":\"https:\/\/grainedecoton.fr\/wordpress\/wp-content\/uploads\/2021\/03\/3-yeux.jpg\",\"datePublished\":\"2021-03-06T15:41:26+00:00\",\"dateModified\":\"2026-01-03T17:24:20+00:00\",\"breadcrumb\":{\"@id\":\"https:\/\/grainedecoton.fr\/wordpress\/produit\/oeil-multiple-8mm\/#breadcrumb\"},\"inLanguage\":\"fr-FR\",\"potentialAction\":[{\"@type\":\"ReadAction\",\"target\":[\"https:\/\/grainedecoton.fr\/wordpress\/produit\/oeil-multiple-8mm\/\"]}]},{\"@type\":\"ImageObject\",\"inLanguage\":\"fr-FR\",\"@id\":\"https:\/\/grainedecoton.fr\/wordpress\/produit\/oeil-multiple-8mm\/#primaryimage\",\"url\":\"https:\/\/grainedecoton.fr\/wordpress\/wp-content\/uploads\/2021\/03\/3-yeux.jpg\",\"contentUrl\":\"https:\/\/grainedecoton.fr\/wordpress\/wp-content\/uploads\/2021\/03\/3-yeux.jpg\",\"width\":700,\"height\":500},{\"@type\":\"BreadcrumbList\",\"@id\":\"https:\/\/grainedecoton.fr\/wordpress\/produit\/oeil-multiple-8mm\/#breadcrumb\",\"itemListElement\":[{\"@type\":\"ListItem\",\"position\":1,\"name\":\"Accueil\",\"item\":\"https:\/\/grainedecoton.fr\/wordpress\/\"},{\"@type\":\"ListItem\",\"position\":2,\"name\":\"Boutique\",\"item\":\"https:\/\/grainedecoton.fr\/wordpress\/boutique\/\"},{\"@type\":\"ListItem\",\"position\":3,\"name\":\"oeil multiple 8mm\"}]},{\"@type\":\"WebSite\",\"@id\":\"https:\/\/grainedecoton.fr\/wordpress\/#website\",\"url\":\"https:\/\/grainedecoton.fr\/wordpress\/\",\"name\":\"Graine de coton - Parapharmacie\",\"description\":\"Produits Bios et naturels\",\"publisher\":{\"@id\":\"https:\/\/grainedecoton.fr\/wordpress\/#organization\"},\"potentialAction\":[{\"@type\":\"SearchAction\",\"target\":{\"@type\":\"EntryPoint\",\"urlTemplate\":\"https:\/\/grainedecoton.fr\/wordpress\/?s={search_term_string}\"},\"query-input\":{\"@type\":\"PropertyValueSpecification\",\"valueRequired\":true,\"valueName\":\"search_term_string\"}}],\"inLanguage\":\"fr-FR\"},{\"@type\":\"Organization\",\"@id\":\"https:\/\/grainedecoton.fr\/wordpress\/#organization\",\"name\":\"Graine de Coton\",\"url\":\"https:\/\/grainedecoton.fr\/wordpress\/\",\"logo\":{\"@type\":\"ImageObject\",\"inLanguage\":\"fr-FR\",\"@id\":\"https:\/\/grainedecoton.fr\/wordpress\/#\/schema\/logo\/image\/\",\"url\":\"https:\/\/grainedecoton.fr\/wordpress\/wp-content\/uploads\/2018\/11\/logo-graine-de-cotonpt.jpg\",\"contentUrl\":\"https:\/\/grainedecoton.fr\/wordpress\/wp-content\/uploads\/2018\/11\/logo-graine-de-cotonpt.jpg\",\"width\":576,\"height\":149,\"caption\":\"Graine de Coton\"},\"image\":{\"@id\":\"https:\/\/grainedecoton.fr\/wordpress\/#\/schema\/logo\/image\/\"},\"sameAs\":[\"https:\/\/www.facebook.com\/pages\/category\/Pharmacy---Drugstore\/Graine-de-coton-parapharmacie-339080217976\/\"]}]}<\/script>\n<!-- \/ Yoast SEO plugin. -->","yoast_head_json":{"title":"oeil multiple 8mm - Graine de coton - Parapharmacie","robots":{"index":"index","follow":"follow","max-snippet":"max-snippet:-1","max-image-preview":"max-image-preview:large","max-video-preview":"max-video-preview:-1"},"canonical":"https:\/\/grainedecoton.fr\/wordpress\/produit\/oeil-multiple-8mm\/","og_locale":"fr_FR","og_type":"article","og_title":"oeil multiple 8mm - Graine de coton - Parapharmacie","og_description":"Portez ce magnifique Bracelet \u00ab\u00a0\u0152il multiple\u00a0\u00bb\u00a0et recevez sa\u00a0protection extr\u00eame. il vous prot\u00e8gera au quotidien des ondes n\u00e9gatives.\u00a0Gardez\u00a0ce bracelet avec vous&hellip;","og_url":"https:\/\/grainedecoton.fr\/wordpress\/produit\/oeil-multiple-8mm\/","og_site_name":"Graine de coton - Parapharmacie","article_publisher":"https:\/\/www.facebook.com\/pages\/category\/Pharmacy---Drugstore\/Graine-de-coton-parapharmacie-339080217976\/","article_modified_time":"2026-01-03T17:24:20+00:00","og_image":[{"width":700,"height":500,"url":"https:\/\/grainedecoton.fr\/wordpress\/wp-content\/uploads\/2021\/03\/3-yeux.jpg","type":"image\/jpeg"}],"twitter_card":"summary_large_image","twitter_misc":{"Dur\u00e9e de lecture estim\u00e9e":"2 minutes"},"schema":{"@context":"https:\/\/schema.org","@graph":[{"@type":"WebPage","@id":"https:\/\/grainedecoton.fr\/wordpress\/produit\/oeil-multiple-8mm\/","url":"https:\/\/grainedecoton.fr\/wordpress\/produit\/oeil-multiple-8mm\/","name":"oeil multiple 8mm - Graine de coton - Parapharmacie","isPartOf":{"@id":"https:\/\/grainedecoton.fr\/wordpress\/#website"},"primaryImageOfPage":{"@id":"https:\/\/grainedecoton.fr\/wordpress\/produit\/oeil-multiple-8mm\/#primaryimage"},"image":{"@id":"https:\/\/grainedecoton.fr\/wordpress\/produit\/oeil-multiple-8mm\/#primaryimage"},"thumbnailUrl":"https:\/\/grainedecoton.fr\/wordpress\/wp-content\/uploads\/2021\/03\/3-yeux.jpg","datePublished":"2021-03-06T15:41:26+00:00","dateModified":"2026-01-03T17:24:20+00:00","breadcrumb":{"@id":"https:\/\/grainedecoton.fr\/wordpress\/produit\/oeil-multiple-8mm\/#breadcrumb"},"inLanguage":"fr-FR","potentialAction":[{"@type":"ReadAction","target":["https:\/\/grainedecoton.fr\/wordpress\/produit\/oeil-multiple-8mm\/"]}]},{"@type":"ImageObject","inLanguage":"fr-FR","@id":"https:\/\/grainedecoton.fr\/wordpress\/produit\/oeil-multiple-8mm\/#primaryimage","url":"https:\/\/grainedecoton.fr\/wordpress\/wp-content\/uploads\/2021\/03\/3-yeux.jpg","contentUrl":"https:\/\/grainedecoton.fr\/wordpress\/wp-content\/uploads\/2021\/03\/3-yeux.jpg","width":700,"height":500},{"@type":"BreadcrumbList","@id":"https:\/\/grainedecoton.fr\/wordpress\/produit\/oeil-multiple-8mm\/#breadcrumb","itemListElement":[{"@type":"ListItem","position":1,"name":"Accueil","item":"https:\/\/grainedecoton.fr\/wordpress\/"},{"@type":"ListItem","position":2,"name":"Boutique","item":"https:\/\/grainedecoton.fr\/wordpress\/boutique\/"},{"@type":"ListItem","position":3,"name":"oeil multiple 8mm"}]},{"@type":"WebSite","@id":"https:\/\/grainedecoton.fr\/wordpress\/#website","url":"https:\/\/grainedecoton.fr\/wordpress\/","name":"Graine de coton - Parapharmacie","description":"Produits Bios et naturels","publisher":{"@id":"https:\/\/grainedecoton.fr\/wordpress\/#organization"},"potentialAction":[{"@type":"SearchAction","target":{"@type":"EntryPoint","urlTemplate":"https:\/\/grainedecoton.fr\/wordpress\/?s={search_term_string}"},"query-input":{"@type":"PropertyValueSpecification","valueRequired":true,"valueName":"search_term_string"}}],"inLanguage":"fr-FR"},{"@type":"Organization","@id":"https:\/\/grainedecoton.fr\/wordpress\/#organization","name":"Graine de Coton","url":"https:\/\/grainedecoton.fr\/wordpress\/","logo":{"@type":"ImageObject","inLanguage":"fr-FR","@id":"https:\/\/grainedecoton.fr\/wordpress\/#\/schema\/logo\/image\/","url":"https:\/\/grainedecoton.fr\/wordpress\/wp-content\/uploads\/2018\/11\/logo-graine-de-cotonpt.jpg","contentUrl":"https:\/\/grainedecoton.fr\/wordpress\/wp-content\/uploads\/2018\/11\/logo-graine-de-cotonpt.jpg","width":576,"height":149,"caption":"Graine de Coton"},"image":{"@id":"https:\/\/grainedecoton.fr\/wordpress\/#\/schema\/logo\/image\/"},"sameAs":["https:\/\/www.facebook.com\/pages\/category\/Pharmacy---Drugstore\/Graine-de-coton-parapharmacie-339080217976\/"]}]}},"_links":{"self":[{"href":"https:\/\/grainedecoton.fr\/wordpress\/wp-json\/wp\/v2\/product\/12978"}],"collection":[{"href":"https:\/\/grainedecoton.fr\/wordpress\/wp-json\/wp\/v2\/product"}],"about":[{"href":"https:\/\/grainedecoton.fr\/wordpress\/wp-json\/wp\/v2\/types\/product"}],"replies":[{"embeddable":true,"href":"https:\/\/grainedecoton.fr\/wordpress\/wp-json\/wp\/v2\/comments?post=12978"}],"wp:featuredmedia":[{"embeddable":true,"href":"https:\/\/grainedecoton.fr\/wordpress\/wp-json\/wp\/v2\/media\/13023"}],"wp:attachment":[{"href":"https:\/\/grainedecoton.fr\/wordpress\/wp-json\/wp\/v2\/media?parent=12978"}],"wp:term":[{"taxonomy":"product_brand","embeddable":true,"href":"https:\/\/grainedecoton.fr\/wordpress\/wp-json\/wp\/v2\/product_brand?post=12978"},{"taxonomy":"product_cat","embeddable":true,"href":"https:\/\/grainedecoton.fr\/wordpress\/wp-json\/wp\/v2\/product_cat?post=12978"},{"taxonomy":"product_tag","embeddable":true,"href":"https:\/\/grainedecoton.fr\/wordpress\/wp-json\/wp\/v2\/product_tag?post=12978"}],"curies":[{"name":"wp","href":"https:\/\/api.w.org\/{rel}","templated":true}]}}