{"id":12977,"date":"2021-03-06T16:41:26","date_gmt":"2021-03-06T15:41:26","guid":{"rendered":"https:\/\/grainedecoton.fr\/wordpress\/produit\/tourmaline-oeil-de-chat-6mm\/"},"modified":"2026-01-03T18:22:21","modified_gmt":"2026-01-03T17:22:21","slug":"tourmaline-oeil-de-chat-6mm","status":"publish","type":"product","link":"https:\/\/grainedecoton.fr\/wordpress\/produit\/tourmaline-oeil-de-chat-6mm\/","title":{"rendered":"tourmaline noire 6mm"},"content":{"rendered":"","protected":false},"excerpt":{"rendered":"<p>La Tourmaline noire est l\u2019une des<strong>\u00a0pierres de protection<\/strong>\u00a0les plus utilis\u00e9es en lithoth\u00e9rapie. C\u2019est vraiment la pierre indispensable si l\u2019on souhaite effectuer un\u00a0<strong>travail de m\u00e9ditation<\/strong>\u00a0et de th\u00e9rapie, et garder en m\u00eame temps un bon enracinement.<\/p>\n<p>Elle aide \u00e0 garder les pieds sur terre, diminue le vagabondage mental, fait redescendre les \u00e9nergies du haut vers le bas, permet de couper le lien, et de ne plus \u00eatre d\u00e9rang\u00e9 par les entit\u00e9s.<\/p>\n<p>Ses actions sur le physique sont \u00e9galement non n\u00e9gligeables. D\u2019ailleurs, on la recommande souvent aux personnes tr\u00e8s sensibles \u00e0 la<strong>\u00a0pollution \u00e9lectromagn\u00e9tique.<\/strong>\u00a0La pierre va leur simplifier grandement la vie. De plus, ce min\u00e9ral aide \u00e0 uriner en dynamisant le syst\u00e8me r\u00e9nal. Il soulage \u00e9galement les chevilles et les pieds enfl\u00e9s.<\/p>\n<p>&nbsp;<\/p>\n","protected":false},"featured_media":13025,"comment_status":"open","ping_status":"closed","template":"","meta":[],"product_brand":[],"product_cat":[87],"product_tag":[],"class_list":{"0":"post-12977","1":"product","2":"type-product","3":"status-publish","4":"has-post-thumbnail","6":"product_cat-accessoires","8":"first","9":"outofstock","10":"taxable","11":"shipping-taxable","12":"purchasable","13":"product-type-simple"},"yoast_head":"<!-- This site is optimized with the Yoast SEO plugin v25.6 - https:\/\/yoast.com\/wordpress\/plugins\/seo\/ -->\n<title>tourmaline noire 6mm - Graine de coton - Parapharmacie<\/title>\n<meta name=\"description\" content=\"La Tourmaline noire est l\u2019une des pierres de protection les plus utilis\u00e9es en lithoth\u00e9rapie. C\u2019est vraiment la pierre indispensable si l\u2019on souhaite effectuer un travail de m\u00e9ditation et de th\u00e9rapie, et garder en m\u00eame temps un bon enracinement.Elle aide \u00e0 garder les pieds sur terre, diminue le vagabondage mental, fait redescendre les \u00e9nergies du haut vers le bas, permet de couper le lien, et de ne plus \u00eatre d\u00e9rang\u00e9 par les entit\u00e9s.Ses actions sur le physique sont \u00e9galement non n\u00e9gligeables. D\u2019ailleurs, on la recommande souvent aux personnes tr\u00e8s sensibles \u00e0 la pollution \u00e9lectromagn\u00e9tique. La pierre va leur simplifier grandement la vie. De plus, ce min\u00e9ral aide \u00e0 uriner en dynamisant le syst\u00e8me r\u00e9nal. Il soulage \u00e9galement les chevilles et les pieds enfl\u00e9s.\" \/>\n<meta name=\"robots\" content=\"index, follow, max-snippet:-1, max-image-preview:large, max-video-preview:-1\" \/>\n<link rel=\"canonical\" href=\"https:\/\/grainedecoton.fr\/wordpress\/produit\/tourmaline-oeil-de-chat-6mm\/\" \/>\n<meta property=\"og:locale\" content=\"fr_FR\" \/>\n<meta property=\"og:type\" content=\"article\" \/>\n<meta property=\"og:title\" content=\"tourmaline noire 6mm - Graine de coton - Parapharmacie\" \/>\n<meta property=\"og:description\" content=\"La Tourmaline noire est l\u2019une des pierres de protection les plus utilis\u00e9es en lithoth\u00e9rapie. C\u2019est vraiment la pierre indispensable si l\u2019on souhaite effectuer un travail de m\u00e9ditation et de th\u00e9rapie, et garder en m\u00eame temps un bon enracinement.Elle aide \u00e0 garder les pieds sur terre, diminue le vagabondage mental, fait redescendre les \u00e9nergies du haut vers le bas, permet de couper le lien, et de ne plus \u00eatre d\u00e9rang\u00e9 par les entit\u00e9s.Ses actions sur le physique sont \u00e9galement non n\u00e9gligeables. D\u2019ailleurs, on la recommande souvent aux personnes tr\u00e8s sensibles \u00e0 la pollution \u00e9lectromagn\u00e9tique. La pierre va leur simplifier grandement la vie. De plus, ce min\u00e9ral aide \u00e0 uriner en dynamisant le syst\u00e8me r\u00e9nal. Il soulage \u00e9galement les chevilles et les pieds enfl\u00e9s.\" \/>\n<meta property=\"og:url\" content=\"https:\/\/grainedecoton.fr\/wordpress\/produit\/tourmaline-oeil-de-chat-6mm\/\" \/>\n<meta property=\"og:site_name\" content=\"Graine de coton - Parapharmacie\" \/>\n<meta property=\"article:publisher\" content=\"https:\/\/www.facebook.com\/pages\/category\/Pharmacy---Drugstore\/Graine-de-coton-parapharmacie-339080217976\/\" \/>\n<meta property=\"article:modified_time\" content=\"2026-01-03T17:22:21+00:00\" \/>\n<meta property=\"og:image\" content=\"https:\/\/grainedecoton.fr\/wordpress\/wp-content\/uploads\/2021\/03\/TourmalineNoire_.jpg\" \/>\n\t<meta property=\"og:image:width\" content=\"400\" \/>\n\t<meta property=\"og:image:height\" content=\"400\" \/>\n\t<meta property=\"og:image:type\" content=\"image\/jpeg\" \/>\n<meta name=\"twitter:card\" content=\"summary_large_image\" \/>\n<script type=\"application\/ld+json\" class=\"yoast-schema-graph\">{\"@context\":\"https:\/\/schema.org\",\"@graph\":[{\"@type\":\"WebPage\",\"@id\":\"https:\/\/grainedecoton.fr\/wordpress\/produit\/tourmaline-oeil-de-chat-6mm\/\",\"url\":\"https:\/\/grainedecoton.fr\/wordpress\/produit\/tourmaline-oeil-de-chat-6mm\/\",\"name\":\"tourmaline noire 6mm - Graine de coton - Parapharmacie\",\"isPartOf\":{\"@id\":\"https:\/\/grainedecoton.fr\/wordpress\/#website\"},\"primaryImageOfPage\":{\"@id\":\"https:\/\/grainedecoton.fr\/wordpress\/produit\/tourmaline-oeil-de-chat-6mm\/#primaryimage\"},\"image\":{\"@id\":\"https:\/\/grainedecoton.fr\/wordpress\/produit\/tourmaline-oeil-de-chat-6mm\/#primaryimage\"},\"thumbnailUrl\":\"https:\/\/grainedecoton.fr\/wordpress\/wp-content\/uploads\/2021\/03\/TourmalineNoire_.jpg\",\"datePublished\":\"2021-03-06T15:41:26+00:00\",\"dateModified\":\"2026-01-03T17:22:21+00:00\",\"description\":\"La Tourmaline noire est l\u2019une des pierres de protection les plus utilis\u00e9es en lithoth\u00e9rapie. C\u2019est vraiment la pierre indispensable si l\u2019on souhaite effectuer un travail de m\u00e9ditation et de th\u00e9rapie, et garder en m\u00eame temps un bon enracinement.Elle aide \u00e0 garder les pieds sur terre, diminue le vagabondage mental, fait redescendre les \u00e9nergies du haut vers le bas, permet de couper le lien, et de ne plus \u00eatre d\u00e9rang\u00e9 par les entit\u00e9s.Ses actions sur le physique sont \u00e9galement non n\u00e9gligeables. D\u2019ailleurs, on la recommande souvent aux personnes tr\u00e8s sensibles \u00e0 la pollution \u00e9lectromagn\u00e9tique. La pierre va leur simplifier grandement la vie. De plus, ce min\u00e9ral aide \u00e0 uriner en dynamisant le syst\u00e8me r\u00e9nal. Il soulage \u00e9galement les chevilles et les pieds enfl\u00e9s.\",\"breadcrumb\":{\"@id\":\"https:\/\/grainedecoton.fr\/wordpress\/produit\/tourmaline-oeil-de-chat-6mm\/#breadcrumb\"},\"inLanguage\":\"fr-FR\",\"potentialAction\":[{\"@type\":\"ReadAction\",\"target\":[\"https:\/\/grainedecoton.fr\/wordpress\/produit\/tourmaline-oeil-de-chat-6mm\/\"]}]},{\"@type\":\"ImageObject\",\"inLanguage\":\"fr-FR\",\"@id\":\"https:\/\/grainedecoton.fr\/wordpress\/produit\/tourmaline-oeil-de-chat-6mm\/#primaryimage\",\"url\":\"https:\/\/grainedecoton.fr\/wordpress\/wp-content\/uploads\/2021\/03\/TourmalineNoire_.jpg\",\"contentUrl\":\"https:\/\/grainedecoton.fr\/wordpress\/wp-content\/uploads\/2021\/03\/TourmalineNoire_.jpg\",\"width\":400,\"height\":400},{\"@type\":\"BreadcrumbList\",\"@id\":\"https:\/\/grainedecoton.fr\/wordpress\/produit\/tourmaline-oeil-de-chat-6mm\/#breadcrumb\",\"itemListElement\":[{\"@type\":\"ListItem\",\"position\":1,\"name\":\"Accueil\",\"item\":\"https:\/\/grainedecoton.fr\/wordpress\/\"},{\"@type\":\"ListItem\",\"position\":2,\"name\":\"Boutique\",\"item\":\"https:\/\/grainedecoton.fr\/wordpress\/boutique\/\"},{\"@type\":\"ListItem\",\"position\":3,\"name\":\"tourmaline noire 6mm\"}]},{\"@type\":\"WebSite\",\"@id\":\"https:\/\/grainedecoton.fr\/wordpress\/#website\",\"url\":\"https:\/\/grainedecoton.fr\/wordpress\/\",\"name\":\"Graine de coton - Parapharmacie\",\"description\":\"Produits Bios et naturels\",\"publisher\":{\"@id\":\"https:\/\/grainedecoton.fr\/wordpress\/#organization\"},\"potentialAction\":[{\"@type\":\"SearchAction\",\"target\":{\"@type\":\"EntryPoint\",\"urlTemplate\":\"https:\/\/grainedecoton.fr\/wordpress\/?s={search_term_string}\"},\"query-input\":{\"@type\":\"PropertyValueSpecification\",\"valueRequired\":true,\"valueName\":\"search_term_string\"}}],\"inLanguage\":\"fr-FR\"},{\"@type\":\"Organization\",\"@id\":\"https:\/\/grainedecoton.fr\/wordpress\/#organization\",\"name\":\"Graine de Coton\",\"url\":\"https:\/\/grainedecoton.fr\/wordpress\/\",\"logo\":{\"@type\":\"ImageObject\",\"inLanguage\":\"fr-FR\",\"@id\":\"https:\/\/grainedecoton.fr\/wordpress\/#\/schema\/logo\/image\/\",\"url\":\"https:\/\/grainedecoton.fr\/wordpress\/wp-content\/uploads\/2018\/11\/logo-graine-de-cotonpt.jpg\",\"contentUrl\":\"https:\/\/grainedecoton.fr\/wordpress\/wp-content\/uploads\/2018\/11\/logo-graine-de-cotonpt.jpg\",\"width\":576,\"height\":149,\"caption\":\"Graine de Coton\"},\"image\":{\"@id\":\"https:\/\/grainedecoton.fr\/wordpress\/#\/schema\/logo\/image\/\"},\"sameAs\":[\"https:\/\/www.facebook.com\/pages\/category\/Pharmacy---Drugstore\/Graine-de-coton-parapharmacie-339080217976\/\"]}]}<\/script>\n<!-- \/ Yoast SEO plugin. -->","yoast_head_json":{"title":"tourmaline noire 6mm - Graine de coton - Parapharmacie","description":"La Tourmaline noire est l\u2019une des pierres de protection les plus utilis\u00e9es en lithoth\u00e9rapie. C\u2019est vraiment la pierre indispensable si l\u2019on souhaite effectuer un travail de m\u00e9ditation et de th\u00e9rapie, et garder en m\u00eame temps un bon enracinement.Elle aide \u00e0 garder les pieds sur terre, diminue le vagabondage mental, fait redescendre les \u00e9nergies du haut vers le bas, permet de couper le lien, et de ne plus \u00eatre d\u00e9rang\u00e9 par les entit\u00e9s.Ses actions sur le physique sont \u00e9galement non n\u00e9gligeables. D\u2019ailleurs, on la recommande souvent aux personnes tr\u00e8s sensibles \u00e0 la pollution \u00e9lectromagn\u00e9tique. La pierre va leur simplifier grandement la vie. De plus, ce min\u00e9ral aide \u00e0 uriner en dynamisant le syst\u00e8me r\u00e9nal. Il soulage \u00e9galement les chevilles et les pieds enfl\u00e9s.","robots":{"index":"index","follow":"follow","max-snippet":"max-snippet:-1","max-image-preview":"max-image-preview:large","max-video-preview":"max-video-preview:-1"},"canonical":"https:\/\/grainedecoton.fr\/wordpress\/produit\/tourmaline-oeil-de-chat-6mm\/","og_locale":"fr_FR","og_type":"article","og_title":"tourmaline noire 6mm - Graine de coton - Parapharmacie","og_description":"La Tourmaline noire est l\u2019une des pierres de protection les plus utilis\u00e9es en lithoth\u00e9rapie. C\u2019est vraiment la pierre indispensable si l\u2019on souhaite effectuer un travail de m\u00e9ditation et de th\u00e9rapie, et garder en m\u00eame temps un bon enracinement.Elle aide \u00e0 garder les pieds sur terre, diminue le vagabondage mental, fait redescendre les \u00e9nergies du haut vers le bas, permet de couper le lien, et de ne plus \u00eatre d\u00e9rang\u00e9 par les entit\u00e9s.Ses actions sur le physique sont \u00e9galement non n\u00e9gligeables. D\u2019ailleurs, on la recommande souvent aux personnes tr\u00e8s sensibles \u00e0 la pollution \u00e9lectromagn\u00e9tique. La pierre va leur simplifier grandement la vie. De plus, ce min\u00e9ral aide \u00e0 uriner en dynamisant le syst\u00e8me r\u00e9nal. Il soulage \u00e9galement les chevilles et les pieds enfl\u00e9s.","og_url":"https:\/\/grainedecoton.fr\/wordpress\/produit\/tourmaline-oeil-de-chat-6mm\/","og_site_name":"Graine de coton - Parapharmacie","article_publisher":"https:\/\/www.facebook.com\/pages\/category\/Pharmacy---Drugstore\/Graine-de-coton-parapharmacie-339080217976\/","article_modified_time":"2026-01-03T17:22:21+00:00","og_image":[{"width":400,"height":400,"url":"https:\/\/grainedecoton.fr\/wordpress\/wp-content\/uploads\/2021\/03\/TourmalineNoire_.jpg","type":"image\/jpeg"}],"twitter_card":"summary_large_image","schema":{"@context":"https:\/\/schema.org","@graph":[{"@type":"WebPage","@id":"https:\/\/grainedecoton.fr\/wordpress\/produit\/tourmaline-oeil-de-chat-6mm\/","url":"https:\/\/grainedecoton.fr\/wordpress\/produit\/tourmaline-oeil-de-chat-6mm\/","name":"tourmaline noire 6mm - Graine de coton - Parapharmacie","isPartOf":{"@id":"https:\/\/grainedecoton.fr\/wordpress\/#website"},"primaryImageOfPage":{"@id":"https:\/\/grainedecoton.fr\/wordpress\/produit\/tourmaline-oeil-de-chat-6mm\/#primaryimage"},"image":{"@id":"https:\/\/grainedecoton.fr\/wordpress\/produit\/tourmaline-oeil-de-chat-6mm\/#primaryimage"},"thumbnailUrl":"https:\/\/grainedecoton.fr\/wordpress\/wp-content\/uploads\/2021\/03\/TourmalineNoire_.jpg","datePublished":"2021-03-06T15:41:26+00:00","dateModified":"2026-01-03T17:22:21+00:00","description":"La Tourmaline noire est l\u2019une des pierres de protection les plus utilis\u00e9es en lithoth\u00e9rapie. C\u2019est vraiment la pierre indispensable si l\u2019on souhaite effectuer un travail de m\u00e9ditation et de th\u00e9rapie, et garder en m\u00eame temps un bon enracinement.Elle aide \u00e0 garder les pieds sur terre, diminue le vagabondage mental, fait redescendre les \u00e9nergies du haut vers le bas, permet de couper le lien, et de ne plus \u00eatre d\u00e9rang\u00e9 par les entit\u00e9s.Ses actions sur le physique sont \u00e9galement non n\u00e9gligeables. D\u2019ailleurs, on la recommande souvent aux personnes tr\u00e8s sensibles \u00e0 la pollution \u00e9lectromagn\u00e9tique. La pierre va leur simplifier grandement la vie. De plus, ce min\u00e9ral aide \u00e0 uriner en dynamisant le syst\u00e8me r\u00e9nal. Il soulage \u00e9galement les chevilles et les pieds enfl\u00e9s.","breadcrumb":{"@id":"https:\/\/grainedecoton.fr\/wordpress\/produit\/tourmaline-oeil-de-chat-6mm\/#breadcrumb"},"inLanguage":"fr-FR","potentialAction":[{"@type":"ReadAction","target":["https:\/\/grainedecoton.fr\/wordpress\/produit\/tourmaline-oeil-de-chat-6mm\/"]}]},{"@type":"ImageObject","inLanguage":"fr-FR","@id":"https:\/\/grainedecoton.fr\/wordpress\/produit\/tourmaline-oeil-de-chat-6mm\/#primaryimage","url":"https:\/\/grainedecoton.fr\/wordpress\/wp-content\/uploads\/2021\/03\/TourmalineNoire_.jpg","contentUrl":"https:\/\/grainedecoton.fr\/wordpress\/wp-content\/uploads\/2021\/03\/TourmalineNoire_.jpg","width":400,"height":400},{"@type":"BreadcrumbList","@id":"https:\/\/grainedecoton.fr\/wordpress\/produit\/tourmaline-oeil-de-chat-6mm\/#breadcrumb","itemListElement":[{"@type":"ListItem","position":1,"name":"Accueil","item":"https:\/\/grainedecoton.fr\/wordpress\/"},{"@type":"ListItem","position":2,"name":"Boutique","item":"https:\/\/grainedecoton.fr\/wordpress\/boutique\/"},{"@type":"ListItem","position":3,"name":"tourmaline noire 6mm"}]},{"@type":"WebSite","@id":"https:\/\/grainedecoton.fr\/wordpress\/#website","url":"https:\/\/grainedecoton.fr\/wordpress\/","name":"Graine de coton - Parapharmacie","description":"Produits Bios et naturels","publisher":{"@id":"https:\/\/grainedecoton.fr\/wordpress\/#organization"},"potentialAction":[{"@type":"SearchAction","target":{"@type":"EntryPoint","urlTemplate":"https:\/\/grainedecoton.fr\/wordpress\/?s={search_term_string}"},"query-input":{"@type":"PropertyValueSpecification","valueRequired":true,"valueName":"search_term_string"}}],"inLanguage":"fr-FR"},{"@type":"Organization","@id":"https:\/\/grainedecoton.fr\/wordpress\/#organization","name":"Graine de Coton","url":"https:\/\/grainedecoton.fr\/wordpress\/","logo":{"@type":"ImageObject","inLanguage":"fr-FR","@id":"https:\/\/grainedecoton.fr\/wordpress\/#\/schema\/logo\/image\/","url":"https:\/\/grainedecoton.fr\/wordpress\/wp-content\/uploads\/2018\/11\/logo-graine-de-cotonpt.jpg","contentUrl":"https:\/\/grainedecoton.fr\/wordpress\/wp-content\/uploads\/2018\/11\/logo-graine-de-cotonpt.jpg","width":576,"height":149,"caption":"Graine de Coton"},"image":{"@id":"https:\/\/grainedecoton.fr\/wordpress\/#\/schema\/logo\/image\/"},"sameAs":["https:\/\/www.facebook.com\/pages\/category\/Pharmacy---Drugstore\/Graine-de-coton-parapharmacie-339080217976\/"]}]}},"_links":{"self":[{"href":"https:\/\/grainedecoton.fr\/wordpress\/wp-json\/wp\/v2\/product\/12977"}],"collection":[{"href":"https:\/\/grainedecoton.fr\/wordpress\/wp-json\/wp\/v2\/product"}],"about":[{"href":"https:\/\/grainedecoton.fr\/wordpress\/wp-json\/wp\/v2\/types\/product"}],"replies":[{"embeddable":true,"href":"https:\/\/grainedecoton.fr\/wordpress\/wp-json\/wp\/v2\/comments?post=12977"}],"wp:featuredmedia":[{"embeddable":true,"href":"https:\/\/grainedecoton.fr\/wordpress\/wp-json\/wp\/v2\/media\/13025"}],"wp:attachment":[{"href":"https:\/\/grainedecoton.fr\/wordpress\/wp-json\/wp\/v2\/media?parent=12977"}],"wp:term":[{"taxonomy":"product_brand","embeddable":true,"href":"https:\/\/grainedecoton.fr\/wordpress\/wp-json\/wp\/v2\/product_brand?post=12977"},{"taxonomy":"product_cat","embeddable":true,"href":"https:\/\/grainedecoton.fr\/wordpress\/wp-json\/wp\/v2\/product_cat?post=12977"},{"taxonomy":"product_tag","embeddable":true,"href":"https:\/\/grainedecoton.fr\/wordpress\/wp-json\/wp\/v2\/product_tag?post=12977"}],"curies":[{"name":"wp","href":"https:\/\/api.w.org\/{rel}","templated":true}]}}