{"id":12976,"date":"2021-03-06T16:41:25","date_gmt":"2021-03-06T15:41:25","guid":{"rendered":"https:\/\/grainedecoton.fr\/wordpress\/produit\/sodalite-6mm\/"},"modified":"2026-01-03T18:20:21","modified_gmt":"2026-01-03T17:20:21","slug":"sodalite-6mm","status":"publish","type":"product","link":"https:\/\/grainedecoton.fr\/wordpress\/produit\/sodalite-6mm\/","title":{"rendered":"sodalite 6mm"},"content":{"rendered":"","protected":false},"excerpt":{"rendered":"<p>En lithoth\u00e9rapie, une propri\u00e9t\u00e9 de la pierre sodalite est de traiter\u00a0les\u00a0<b>affections de la gorge<\/b>\u00a0et des yeux de mani\u00e8re efficace. Avec son pouvoir apaisant, elle est aussi souvent utilis\u00e9e afin de traiter\u00a0<b>l&rsquo;hypertension<\/b>.<\/p>\n<p>Par ailleurs, la sodalite bleue a pour bienfait d&rsquo;att\u00e9nuer les\u00a0<b>carences en calcium<\/b>\u00a0en augmentant la capacit\u00e9 d&rsquo;absorption et l&rsquo;assimilation de ce nutriment par l&rsquo;organisme.<\/p>\n<p>Ainsi, elle aide \u00e0 une\u00a0<b>croissance harmonieuse<\/b>\u00a0chez le nouveau-n\u00e9 et l&rsquo;adolescent. Ce qui peut faire du cristal sodalite un excellent cadeau de naissance.<\/p>\n<p>La pierre poss\u00e8de des bienfaits apaisants et r\u00e9confortants. Une\u00a0<a title=\"Pierre polie sodalite\" href=\"https:\/\/jeppeto.fr\/products\/pierre-roulee-sodalite\">pierre polie en sodalite<\/a>\u00a0plac\u00e9e pr\u00e8s de votre lit vous aidera \u00e0\u00a0<b>combattre les insomnies<\/b>\u00a0et am\u00e9liorera grandement la qualit\u00e9 de votre sommeil. M\u00eame les animaux appr\u00e9cieront l&rsquo;aura rassurante de la pierre dans leur environnement<\/p>\n<p>&nbsp;<\/p>\n","protected":false},"featured_media":13026,"comment_status":"open","ping_status":"closed","template":"","meta":[],"product_brand":[],"product_cat":[87],"product_tag":[],"class_list":{"0":"post-12976","1":"product","2":"type-product","3":"status-publish","4":"has-post-thumbnail","6":"product_cat-accessoires","8":"first","9":"instock","10":"taxable","11":"shipping-taxable","12":"purchasable","13":"product-type-simple"},"yoast_head":"<!-- This site is optimized with the Yoast SEO plugin v25.6 - https:\/\/yoast.com\/wordpress\/plugins\/seo\/ -->\n<title>sodalite 6mm - Graine de coton - Parapharmacie<\/title>\n<meta name=\"robots\" content=\"index, follow, max-snippet:-1, max-image-preview:large, max-video-preview:-1\" \/>\n<link rel=\"canonical\" href=\"https:\/\/grainedecoton.fr\/wordpress\/produit\/sodalite-6mm\/\" \/>\n<meta property=\"og:locale\" content=\"fr_FR\" \/>\n<meta property=\"og:type\" content=\"article\" \/>\n<meta property=\"og:title\" content=\"sodalite 6mm - Graine de coton - Parapharmacie\" \/>\n<meta property=\"og:description\" content=\"En lithoth\u00e9rapie, une propri\u00e9t\u00e9 de la pierre sodalite est de traiter\u00a0les\u00a0affections de la gorge\u00a0et des yeux de mani\u00e8re efficace. Avec son pouvoir apaisant, elle est aussi souvent utilis\u00e9e afin de traiter\u00a0l&#039;hypertension.  Par ailleurs, la sodalite bleue a pour bienfait d&#039;att\u00e9nuer les\u00a0carences en calcium\u00a0en augmentant la capacit\u00e9 d&#039;absorption et l&#039;assimilation de ce nutriment par l&#039;organisme.  Ainsi, elle aide \u00e0 une\u00a0croissance harmonieuse\u00a0chez le nouveau-n\u00e9 et l&#039;adolescent. Ce qui peut faire du cristal sodalite un excellent cadeau de naissance.  La pierre poss\u00e8de des bienfaits apaisants et r\u00e9confortants. Une\u00a0pierre polie en sodalite\u00a0plac\u00e9e pr\u00e8s de votre lit vous aidera \u00e0\u00a0combattre les insomnies\u00a0et am\u00e9liorera grandement la qualit\u00e9 de votre sommeil. M\u00eame les animaux appr\u00e9cieront l&#039;aura rassurante de la pierre dans leur environnement  &nbsp;\" \/>\n<meta property=\"og:url\" content=\"https:\/\/grainedecoton.fr\/wordpress\/produit\/sodalite-6mm\/\" \/>\n<meta property=\"og:site_name\" content=\"Graine de coton - Parapharmacie\" \/>\n<meta property=\"article:publisher\" content=\"https:\/\/www.facebook.com\/pages\/category\/Pharmacy---Drugstore\/Graine-de-coton-parapharmacie-339080217976\/\" \/>\n<meta property=\"article:modified_time\" content=\"2026-01-03T17:20:21+00:00\" \/>\n<meta property=\"og:image\" content=\"https:\/\/grainedecoton.fr\/wordpress\/wp-content\/uploads\/2021\/03\/sodalite.jpg\" \/>\n\t<meta property=\"og:image:width\" content=\"1000\" \/>\n\t<meta property=\"og:image:height\" content=\"1000\" \/>\n\t<meta property=\"og:image:type\" content=\"image\/jpeg\" \/>\n<meta name=\"twitter:card\" content=\"summary_large_image\" \/>\n<script type=\"application\/ld+json\" class=\"yoast-schema-graph\">{\"@context\":\"https:\/\/schema.org\",\"@graph\":[{\"@type\":\"WebPage\",\"@id\":\"https:\/\/grainedecoton.fr\/wordpress\/produit\/sodalite-6mm\/\",\"url\":\"https:\/\/grainedecoton.fr\/wordpress\/produit\/sodalite-6mm\/\",\"name\":\"sodalite 6mm - Graine de coton - Parapharmacie\",\"isPartOf\":{\"@id\":\"https:\/\/grainedecoton.fr\/wordpress\/#website\"},\"primaryImageOfPage\":{\"@id\":\"https:\/\/grainedecoton.fr\/wordpress\/produit\/sodalite-6mm\/#primaryimage\"},\"image\":{\"@id\":\"https:\/\/grainedecoton.fr\/wordpress\/produit\/sodalite-6mm\/#primaryimage\"},\"thumbnailUrl\":\"https:\/\/grainedecoton.fr\/wordpress\/wp-content\/uploads\/2021\/03\/sodalite.jpg\",\"datePublished\":\"2021-03-06T15:41:25+00:00\",\"dateModified\":\"2026-01-03T17:20:21+00:00\",\"breadcrumb\":{\"@id\":\"https:\/\/grainedecoton.fr\/wordpress\/produit\/sodalite-6mm\/#breadcrumb\"},\"inLanguage\":\"fr-FR\",\"potentialAction\":[{\"@type\":\"ReadAction\",\"target\":[\"https:\/\/grainedecoton.fr\/wordpress\/produit\/sodalite-6mm\/\"]}]},{\"@type\":\"ImageObject\",\"inLanguage\":\"fr-FR\",\"@id\":\"https:\/\/grainedecoton.fr\/wordpress\/produit\/sodalite-6mm\/#primaryimage\",\"url\":\"https:\/\/grainedecoton.fr\/wordpress\/wp-content\/uploads\/2021\/03\/sodalite.jpg\",\"contentUrl\":\"https:\/\/grainedecoton.fr\/wordpress\/wp-content\/uploads\/2021\/03\/sodalite.jpg\",\"width\":1000,\"height\":1000},{\"@type\":\"BreadcrumbList\",\"@id\":\"https:\/\/grainedecoton.fr\/wordpress\/produit\/sodalite-6mm\/#breadcrumb\",\"itemListElement\":[{\"@type\":\"ListItem\",\"position\":1,\"name\":\"Accueil\",\"item\":\"https:\/\/grainedecoton.fr\/wordpress\/\"},{\"@type\":\"ListItem\",\"position\":2,\"name\":\"Boutique\",\"item\":\"https:\/\/grainedecoton.fr\/wordpress\/boutique\/\"},{\"@type\":\"ListItem\",\"position\":3,\"name\":\"sodalite 6mm\"}]},{\"@type\":\"WebSite\",\"@id\":\"https:\/\/grainedecoton.fr\/wordpress\/#website\",\"url\":\"https:\/\/grainedecoton.fr\/wordpress\/\",\"name\":\"Graine de coton - Parapharmacie\",\"description\":\"Produits Bios et naturels\",\"publisher\":{\"@id\":\"https:\/\/grainedecoton.fr\/wordpress\/#organization\"},\"potentialAction\":[{\"@type\":\"SearchAction\",\"target\":{\"@type\":\"EntryPoint\",\"urlTemplate\":\"https:\/\/grainedecoton.fr\/wordpress\/?s={search_term_string}\"},\"query-input\":{\"@type\":\"PropertyValueSpecification\",\"valueRequired\":true,\"valueName\":\"search_term_string\"}}],\"inLanguage\":\"fr-FR\"},{\"@type\":\"Organization\",\"@id\":\"https:\/\/grainedecoton.fr\/wordpress\/#organization\",\"name\":\"Graine de Coton\",\"url\":\"https:\/\/grainedecoton.fr\/wordpress\/\",\"logo\":{\"@type\":\"ImageObject\",\"inLanguage\":\"fr-FR\",\"@id\":\"https:\/\/grainedecoton.fr\/wordpress\/#\/schema\/logo\/image\/\",\"url\":\"https:\/\/grainedecoton.fr\/wordpress\/wp-content\/uploads\/2018\/11\/logo-graine-de-cotonpt.jpg\",\"contentUrl\":\"https:\/\/grainedecoton.fr\/wordpress\/wp-content\/uploads\/2018\/11\/logo-graine-de-cotonpt.jpg\",\"width\":576,\"height\":149,\"caption\":\"Graine de Coton\"},\"image\":{\"@id\":\"https:\/\/grainedecoton.fr\/wordpress\/#\/schema\/logo\/image\/\"},\"sameAs\":[\"https:\/\/www.facebook.com\/pages\/category\/Pharmacy---Drugstore\/Graine-de-coton-parapharmacie-339080217976\/\"]}]}<\/script>\n<!-- \/ Yoast SEO plugin. -->","yoast_head_json":{"title":"sodalite 6mm - Graine de coton - Parapharmacie","robots":{"index":"index","follow":"follow","max-snippet":"max-snippet:-1","max-image-preview":"max-image-preview:large","max-video-preview":"max-video-preview:-1"},"canonical":"https:\/\/grainedecoton.fr\/wordpress\/produit\/sodalite-6mm\/","og_locale":"fr_FR","og_type":"article","og_title":"sodalite 6mm - Graine de coton - Parapharmacie","og_description":"En lithoth\u00e9rapie, une propri\u00e9t\u00e9 de la pierre sodalite est de traiter\u00a0les\u00a0affections de la gorge\u00a0et des yeux de mani\u00e8re efficace. Avec son pouvoir apaisant, elle est aussi souvent utilis\u00e9e afin de traiter\u00a0l'hypertension.  Par ailleurs, la sodalite bleue a pour bienfait d'att\u00e9nuer les\u00a0carences en calcium\u00a0en augmentant la capacit\u00e9 d'absorption et l'assimilation de ce nutriment par l'organisme.  Ainsi, elle aide \u00e0 une\u00a0croissance harmonieuse\u00a0chez le nouveau-n\u00e9 et l'adolescent. Ce qui peut faire du cristal sodalite un excellent cadeau de naissance.  La pierre poss\u00e8de des bienfaits apaisants et r\u00e9confortants. Une\u00a0pierre polie en sodalite\u00a0plac\u00e9e pr\u00e8s de votre lit vous aidera \u00e0\u00a0combattre les insomnies\u00a0et am\u00e9liorera grandement la qualit\u00e9 de votre sommeil. M\u00eame les animaux appr\u00e9cieront l'aura rassurante de la pierre dans leur environnement  &nbsp;","og_url":"https:\/\/grainedecoton.fr\/wordpress\/produit\/sodalite-6mm\/","og_site_name":"Graine de coton - Parapharmacie","article_publisher":"https:\/\/www.facebook.com\/pages\/category\/Pharmacy---Drugstore\/Graine-de-coton-parapharmacie-339080217976\/","article_modified_time":"2026-01-03T17:20:21+00:00","og_image":[{"width":1000,"height":1000,"url":"https:\/\/grainedecoton.fr\/wordpress\/wp-content\/uploads\/2021\/03\/sodalite.jpg","type":"image\/jpeg"}],"twitter_card":"summary_large_image","schema":{"@context":"https:\/\/schema.org","@graph":[{"@type":"WebPage","@id":"https:\/\/grainedecoton.fr\/wordpress\/produit\/sodalite-6mm\/","url":"https:\/\/grainedecoton.fr\/wordpress\/produit\/sodalite-6mm\/","name":"sodalite 6mm - Graine de coton - Parapharmacie","isPartOf":{"@id":"https:\/\/grainedecoton.fr\/wordpress\/#website"},"primaryImageOfPage":{"@id":"https:\/\/grainedecoton.fr\/wordpress\/produit\/sodalite-6mm\/#primaryimage"},"image":{"@id":"https:\/\/grainedecoton.fr\/wordpress\/produit\/sodalite-6mm\/#primaryimage"},"thumbnailUrl":"https:\/\/grainedecoton.fr\/wordpress\/wp-content\/uploads\/2021\/03\/sodalite.jpg","datePublished":"2021-03-06T15:41:25+00:00","dateModified":"2026-01-03T17:20:21+00:00","breadcrumb":{"@id":"https:\/\/grainedecoton.fr\/wordpress\/produit\/sodalite-6mm\/#breadcrumb"},"inLanguage":"fr-FR","potentialAction":[{"@type":"ReadAction","target":["https:\/\/grainedecoton.fr\/wordpress\/produit\/sodalite-6mm\/"]}]},{"@type":"ImageObject","inLanguage":"fr-FR","@id":"https:\/\/grainedecoton.fr\/wordpress\/produit\/sodalite-6mm\/#primaryimage","url":"https:\/\/grainedecoton.fr\/wordpress\/wp-content\/uploads\/2021\/03\/sodalite.jpg","contentUrl":"https:\/\/grainedecoton.fr\/wordpress\/wp-content\/uploads\/2021\/03\/sodalite.jpg","width":1000,"height":1000},{"@type":"BreadcrumbList","@id":"https:\/\/grainedecoton.fr\/wordpress\/produit\/sodalite-6mm\/#breadcrumb","itemListElement":[{"@type":"ListItem","position":1,"name":"Accueil","item":"https:\/\/grainedecoton.fr\/wordpress\/"},{"@type":"ListItem","position":2,"name":"Boutique","item":"https:\/\/grainedecoton.fr\/wordpress\/boutique\/"},{"@type":"ListItem","position":3,"name":"sodalite 6mm"}]},{"@type":"WebSite","@id":"https:\/\/grainedecoton.fr\/wordpress\/#website","url":"https:\/\/grainedecoton.fr\/wordpress\/","name":"Graine de coton - Parapharmacie","description":"Produits Bios et naturels","publisher":{"@id":"https:\/\/grainedecoton.fr\/wordpress\/#organization"},"potentialAction":[{"@type":"SearchAction","target":{"@type":"EntryPoint","urlTemplate":"https:\/\/grainedecoton.fr\/wordpress\/?s={search_term_string}"},"query-input":{"@type":"PropertyValueSpecification","valueRequired":true,"valueName":"search_term_string"}}],"inLanguage":"fr-FR"},{"@type":"Organization","@id":"https:\/\/grainedecoton.fr\/wordpress\/#organization","name":"Graine de Coton","url":"https:\/\/grainedecoton.fr\/wordpress\/","logo":{"@type":"ImageObject","inLanguage":"fr-FR","@id":"https:\/\/grainedecoton.fr\/wordpress\/#\/schema\/logo\/image\/","url":"https:\/\/grainedecoton.fr\/wordpress\/wp-content\/uploads\/2018\/11\/logo-graine-de-cotonpt.jpg","contentUrl":"https:\/\/grainedecoton.fr\/wordpress\/wp-content\/uploads\/2018\/11\/logo-graine-de-cotonpt.jpg","width":576,"height":149,"caption":"Graine de Coton"},"image":{"@id":"https:\/\/grainedecoton.fr\/wordpress\/#\/schema\/logo\/image\/"},"sameAs":["https:\/\/www.facebook.com\/pages\/category\/Pharmacy---Drugstore\/Graine-de-coton-parapharmacie-339080217976\/"]}]}},"_links":{"self":[{"href":"https:\/\/grainedecoton.fr\/wordpress\/wp-json\/wp\/v2\/product\/12976"}],"collection":[{"href":"https:\/\/grainedecoton.fr\/wordpress\/wp-json\/wp\/v2\/product"}],"about":[{"href":"https:\/\/grainedecoton.fr\/wordpress\/wp-json\/wp\/v2\/types\/product"}],"replies":[{"embeddable":true,"href":"https:\/\/grainedecoton.fr\/wordpress\/wp-json\/wp\/v2\/comments?post=12976"}],"wp:featuredmedia":[{"embeddable":true,"href":"https:\/\/grainedecoton.fr\/wordpress\/wp-json\/wp\/v2\/media\/13026"}],"wp:attachment":[{"href":"https:\/\/grainedecoton.fr\/wordpress\/wp-json\/wp\/v2\/media?parent=12976"}],"wp:term":[{"taxonomy":"product_brand","embeddable":true,"href":"https:\/\/grainedecoton.fr\/wordpress\/wp-json\/wp\/v2\/product_brand?post=12976"},{"taxonomy":"product_cat","embeddable":true,"href":"https:\/\/grainedecoton.fr\/wordpress\/wp-json\/wp\/v2\/product_cat?post=12976"},{"taxonomy":"product_tag","embeddable":true,"href":"https:\/\/grainedecoton.fr\/wordpress\/wp-json\/wp\/v2\/product_tag?post=12976"}],"curies":[{"name":"wp","href":"https:\/\/api.w.org\/{rel}","templated":true}]}}