{"id":12457,"date":"2021-03-06T16:29:44","date_gmt":"2021-03-06T15:29:44","guid":{"rendered":"https:\/\/grainedecoton.fr\/wordpress\/produit\/jowae-creme-legere-anti-rides\/"},"modified":"2026-03-12T17:58:15","modified_gmt":"2026-03-12T16:58:15","slug":"jowae-creme-legere-anti-rides","status":"publish","type":"product","link":"https:\/\/grainedecoton.fr\/wordpress\/produit\/jowae-creme-legere-anti-rides\/","title":{"rendered":"jowae creme legere anti rides"},"content":{"rendered":"<div class=\"flex items-center p-3 cursor-pointer justify-between bg-white text-rg-black\">\n<p><span class=\"rg-text\">Description<\/span><\/p>\n<div class=\"w-5 h-5 transition duration-100 transform rotate-180 \"><\/div>\n<\/div>\n<div class=\"p-4\">\n<div class=\"rg-text-sm\">\n<p class=\"product-subtitle\"><em>Aux Lumiph\u00e9nols antioxydants &amp; Ginseng rouge<\/em><\/p>\n<h3><strong>80% d&rsquo;ingr\u00e9dients d&rsquo;origine naturelle.<\/strong><\/h3>\n<p>&nbsp;<\/p>\n<p>Estompe les rides et lisse. Raffermit, repulpe et hydrate. La peau est plus ferme, visiblement plus jeune et lisse. Le teint est \u00e9clatant et lumineux.<\/p>\n<\/div>\n<div class=\"flex items-center p-3 cursor-pointer justify-between bg-white text-rg-black\">\n<p><span class=\"rg-text\">B\u00e9n\u00e9fices et r\u00e9sultats<\/span><\/p>\n<div class=\"w-5 h-5 transition duration-100 transform rotate-180 \"><\/div>\n<\/div>\n<div class=\"p-4\">\n<div class=\"rg-text-sm\">\n<div>&#8211; Tol\u00e9rance : test\u00e9e cliniquement sous contr\u00f4le dermatologique.<\/div>\n<div>&#8211; Non com\u00e9dog\u00e8ne<\/div>\n<div>&#8211; Diminution des rides profondes : -41%*<\/div>\n<div>&#8211; La peau est plus lisse : 95%**<\/div>\n<div>&#8211; Le teint est plus lumineux et \u00e9clatant : 85%**<\/div>\n<div>&#8211; Au global : 75% de satisfaction<\/div>\n<div><\/div>\n<p>\u00c9tude clinique sur 20 volontaires :<br \/>\n* pendant 28 jours &#8211; mesures instrumentales<br \/>\n** pendant 28 jours &#8211; % de satisfaction<\/p>\n<\/div>\n<\/div>\n<\/div>\n","protected":false},"excerpt":{"rendered":"<p>Description Aux Lumiph\u00e9nols antioxydants &amp; Ginseng rouge 80% d&rsquo;ingr\u00e9dients d&rsquo;origine naturelle. &nbsp; Estompe les rides et lisse. Raffermit, repulpe et&hellip;<\/p>\n","protected":false},"featured_media":13145,"comment_status":"open","ping_status":"closed","template":"","meta":[],"product_brand":[],"product_cat":[72],"product_tag":[],"class_list":{"0":"post-12457","1":"product","2":"type-product","3":"status-publish","4":"has-post-thumbnail","6":"product_cat-creme","8":"first","9":"instock","10":"taxable","11":"shipping-taxable","12":"purchasable","13":"product-type-simple"},"yoast_head":"<!-- This site is optimized with the Yoast SEO plugin v25.6 - https:\/\/yoast.com\/wordpress\/plugins\/seo\/ -->\n<title>jowae creme legere anti rides - Graine de coton - Parapharmacie<\/title>\n<meta name=\"robots\" content=\"index, follow, max-snippet:-1, max-image-preview:large, max-video-preview:-1\" \/>\n<link rel=\"canonical\" href=\"https:\/\/grainedecoton.fr\/wordpress\/produit\/jowae-creme-legere-anti-rides\/\" \/>\n<meta property=\"og:locale\" content=\"fr_FR\" \/>\n<meta property=\"og:type\" content=\"article\" \/>\n<meta property=\"og:title\" content=\"jowae creme legere anti rides - Graine de coton - Parapharmacie\" \/>\n<meta property=\"og:description\" content=\"Description Aux Lumiph\u00e9nols antioxydants &amp; Ginseng rouge 80% d&rsquo;ingr\u00e9dients d&rsquo;origine naturelle. &nbsp; Estompe les rides et lisse. Raffermit, repulpe et&hellip;\" \/>\n<meta property=\"og:url\" content=\"https:\/\/grainedecoton.fr\/wordpress\/produit\/jowae-creme-legere-anti-rides\/\" \/>\n<meta property=\"og:site_name\" content=\"Graine de coton - Parapharmacie\" \/>\n<meta property=\"article:publisher\" content=\"https:\/\/www.facebook.com\/pages\/category\/Pharmacy---Drugstore\/Graine-de-coton-parapharmacie-339080217976\/\" \/>\n<meta property=\"article:modified_time\" content=\"2026-03-12T16:58:15+00:00\" \/>\n<meta property=\"og:image\" content=\"https:\/\/grainedecoton.fr\/wordpress\/wp-content\/uploads\/2021\/03\/jowae-creme.jpg\" \/>\n\t<meta property=\"og:image:width\" content=\"1200\" \/>\n\t<meta property=\"og:image:height\" content=\"1200\" \/>\n\t<meta property=\"og:image:type\" content=\"image\/jpeg\" \/>\n<meta name=\"twitter:card\" content=\"summary_large_image\" \/>\n<meta name=\"twitter:label1\" content=\"Dur\u00e9e de lecture estim\u00e9e\" \/>\n\t<meta name=\"twitter:data1\" content=\"1 minute\" \/>\n<script type=\"application\/ld+json\" class=\"yoast-schema-graph\">{\"@context\":\"https:\/\/schema.org\",\"@graph\":[{\"@type\":\"WebPage\",\"@id\":\"https:\/\/grainedecoton.fr\/wordpress\/produit\/jowae-creme-legere-anti-rides\/\",\"url\":\"https:\/\/grainedecoton.fr\/wordpress\/produit\/jowae-creme-legere-anti-rides\/\",\"name\":\"jowae creme legere anti rides - Graine de coton - Parapharmacie\",\"isPartOf\":{\"@id\":\"https:\/\/grainedecoton.fr\/wordpress\/#website\"},\"primaryImageOfPage\":{\"@id\":\"https:\/\/grainedecoton.fr\/wordpress\/produit\/jowae-creme-legere-anti-rides\/#primaryimage\"},\"image\":{\"@id\":\"https:\/\/grainedecoton.fr\/wordpress\/produit\/jowae-creme-legere-anti-rides\/#primaryimage\"},\"thumbnailUrl\":\"https:\/\/grainedecoton.fr\/wordpress\/wp-content\/uploads\/2021\/03\/jowae-creme.jpg\",\"datePublished\":\"2021-03-06T15:29:44+00:00\",\"dateModified\":\"2026-03-12T16:58:15+00:00\",\"breadcrumb\":{\"@id\":\"https:\/\/grainedecoton.fr\/wordpress\/produit\/jowae-creme-legere-anti-rides\/#breadcrumb\"},\"inLanguage\":\"fr-FR\",\"potentialAction\":[{\"@type\":\"ReadAction\",\"target\":[\"https:\/\/grainedecoton.fr\/wordpress\/produit\/jowae-creme-legere-anti-rides\/\"]}]},{\"@type\":\"ImageObject\",\"inLanguage\":\"fr-FR\",\"@id\":\"https:\/\/grainedecoton.fr\/wordpress\/produit\/jowae-creme-legere-anti-rides\/#primaryimage\",\"url\":\"https:\/\/grainedecoton.fr\/wordpress\/wp-content\/uploads\/2021\/03\/jowae-creme.jpg\",\"contentUrl\":\"https:\/\/grainedecoton.fr\/wordpress\/wp-content\/uploads\/2021\/03\/jowae-creme.jpg\",\"width\":1200,\"height\":1200},{\"@type\":\"BreadcrumbList\",\"@id\":\"https:\/\/grainedecoton.fr\/wordpress\/produit\/jowae-creme-legere-anti-rides\/#breadcrumb\",\"itemListElement\":[{\"@type\":\"ListItem\",\"position\":1,\"name\":\"Accueil\",\"item\":\"https:\/\/grainedecoton.fr\/wordpress\/\"},{\"@type\":\"ListItem\",\"position\":2,\"name\":\"Boutique\",\"item\":\"https:\/\/grainedecoton.fr\/wordpress\/boutique\/\"},{\"@type\":\"ListItem\",\"position\":3,\"name\":\"jowae creme legere anti rides\"}]},{\"@type\":\"WebSite\",\"@id\":\"https:\/\/grainedecoton.fr\/wordpress\/#website\",\"url\":\"https:\/\/grainedecoton.fr\/wordpress\/\",\"name\":\"Graine de coton - Parapharmacie\",\"description\":\"Produits Bios et naturels\",\"publisher\":{\"@id\":\"https:\/\/grainedecoton.fr\/wordpress\/#organization\"},\"potentialAction\":[{\"@type\":\"SearchAction\",\"target\":{\"@type\":\"EntryPoint\",\"urlTemplate\":\"https:\/\/grainedecoton.fr\/wordpress\/?s={search_term_string}\"},\"query-input\":{\"@type\":\"PropertyValueSpecification\",\"valueRequired\":true,\"valueName\":\"search_term_string\"}}],\"inLanguage\":\"fr-FR\"},{\"@type\":\"Organization\",\"@id\":\"https:\/\/grainedecoton.fr\/wordpress\/#organization\",\"name\":\"Graine de Coton\",\"url\":\"https:\/\/grainedecoton.fr\/wordpress\/\",\"logo\":{\"@type\":\"ImageObject\",\"inLanguage\":\"fr-FR\",\"@id\":\"https:\/\/grainedecoton.fr\/wordpress\/#\/schema\/logo\/image\/\",\"url\":\"https:\/\/grainedecoton.fr\/wordpress\/wp-content\/uploads\/2018\/11\/logo-graine-de-cotonpt.jpg\",\"contentUrl\":\"https:\/\/grainedecoton.fr\/wordpress\/wp-content\/uploads\/2018\/11\/logo-graine-de-cotonpt.jpg\",\"width\":576,\"height\":149,\"caption\":\"Graine de Coton\"},\"image\":{\"@id\":\"https:\/\/grainedecoton.fr\/wordpress\/#\/schema\/logo\/image\/\"},\"sameAs\":[\"https:\/\/www.facebook.com\/pages\/category\/Pharmacy---Drugstore\/Graine-de-coton-parapharmacie-339080217976\/\"]}]}<\/script>\n<!-- \/ Yoast SEO plugin. -->","yoast_head_json":{"title":"jowae creme legere anti rides - Graine de coton - Parapharmacie","robots":{"index":"index","follow":"follow","max-snippet":"max-snippet:-1","max-image-preview":"max-image-preview:large","max-video-preview":"max-video-preview:-1"},"canonical":"https:\/\/grainedecoton.fr\/wordpress\/produit\/jowae-creme-legere-anti-rides\/","og_locale":"fr_FR","og_type":"article","og_title":"jowae creme legere anti rides - Graine de coton - Parapharmacie","og_description":"Description Aux Lumiph\u00e9nols antioxydants &amp; Ginseng rouge 80% d&rsquo;ingr\u00e9dients d&rsquo;origine naturelle. &nbsp; Estompe les rides et lisse. Raffermit, repulpe et&hellip;","og_url":"https:\/\/grainedecoton.fr\/wordpress\/produit\/jowae-creme-legere-anti-rides\/","og_site_name":"Graine de coton - Parapharmacie","article_publisher":"https:\/\/www.facebook.com\/pages\/category\/Pharmacy---Drugstore\/Graine-de-coton-parapharmacie-339080217976\/","article_modified_time":"2026-03-12T16:58:15+00:00","og_image":[{"width":1200,"height":1200,"url":"https:\/\/grainedecoton.fr\/wordpress\/wp-content\/uploads\/2021\/03\/jowae-creme.jpg","type":"image\/jpeg"}],"twitter_card":"summary_large_image","twitter_misc":{"Dur\u00e9e de lecture estim\u00e9e":"1 minute"},"schema":{"@context":"https:\/\/schema.org","@graph":[{"@type":"WebPage","@id":"https:\/\/grainedecoton.fr\/wordpress\/produit\/jowae-creme-legere-anti-rides\/","url":"https:\/\/grainedecoton.fr\/wordpress\/produit\/jowae-creme-legere-anti-rides\/","name":"jowae creme legere anti rides - Graine de coton - Parapharmacie","isPartOf":{"@id":"https:\/\/grainedecoton.fr\/wordpress\/#website"},"primaryImageOfPage":{"@id":"https:\/\/grainedecoton.fr\/wordpress\/produit\/jowae-creme-legere-anti-rides\/#primaryimage"},"image":{"@id":"https:\/\/grainedecoton.fr\/wordpress\/produit\/jowae-creme-legere-anti-rides\/#primaryimage"},"thumbnailUrl":"https:\/\/grainedecoton.fr\/wordpress\/wp-content\/uploads\/2021\/03\/jowae-creme.jpg","datePublished":"2021-03-06T15:29:44+00:00","dateModified":"2026-03-12T16:58:15+00:00","breadcrumb":{"@id":"https:\/\/grainedecoton.fr\/wordpress\/produit\/jowae-creme-legere-anti-rides\/#breadcrumb"},"inLanguage":"fr-FR","potentialAction":[{"@type":"ReadAction","target":["https:\/\/grainedecoton.fr\/wordpress\/produit\/jowae-creme-legere-anti-rides\/"]}]},{"@type":"ImageObject","inLanguage":"fr-FR","@id":"https:\/\/grainedecoton.fr\/wordpress\/produit\/jowae-creme-legere-anti-rides\/#primaryimage","url":"https:\/\/grainedecoton.fr\/wordpress\/wp-content\/uploads\/2021\/03\/jowae-creme.jpg","contentUrl":"https:\/\/grainedecoton.fr\/wordpress\/wp-content\/uploads\/2021\/03\/jowae-creme.jpg","width":1200,"height":1200},{"@type":"BreadcrumbList","@id":"https:\/\/grainedecoton.fr\/wordpress\/produit\/jowae-creme-legere-anti-rides\/#breadcrumb","itemListElement":[{"@type":"ListItem","position":1,"name":"Accueil","item":"https:\/\/grainedecoton.fr\/wordpress\/"},{"@type":"ListItem","position":2,"name":"Boutique","item":"https:\/\/grainedecoton.fr\/wordpress\/boutique\/"},{"@type":"ListItem","position":3,"name":"jowae creme legere anti rides"}]},{"@type":"WebSite","@id":"https:\/\/grainedecoton.fr\/wordpress\/#website","url":"https:\/\/grainedecoton.fr\/wordpress\/","name":"Graine de coton - Parapharmacie","description":"Produits Bios et naturels","publisher":{"@id":"https:\/\/grainedecoton.fr\/wordpress\/#organization"},"potentialAction":[{"@type":"SearchAction","target":{"@type":"EntryPoint","urlTemplate":"https:\/\/grainedecoton.fr\/wordpress\/?s={search_term_string}"},"query-input":{"@type":"PropertyValueSpecification","valueRequired":true,"valueName":"search_term_string"}}],"inLanguage":"fr-FR"},{"@type":"Organization","@id":"https:\/\/grainedecoton.fr\/wordpress\/#organization","name":"Graine de Coton","url":"https:\/\/grainedecoton.fr\/wordpress\/","logo":{"@type":"ImageObject","inLanguage":"fr-FR","@id":"https:\/\/grainedecoton.fr\/wordpress\/#\/schema\/logo\/image\/","url":"https:\/\/grainedecoton.fr\/wordpress\/wp-content\/uploads\/2018\/11\/logo-graine-de-cotonpt.jpg","contentUrl":"https:\/\/grainedecoton.fr\/wordpress\/wp-content\/uploads\/2018\/11\/logo-graine-de-cotonpt.jpg","width":576,"height":149,"caption":"Graine de Coton"},"image":{"@id":"https:\/\/grainedecoton.fr\/wordpress\/#\/schema\/logo\/image\/"},"sameAs":["https:\/\/www.facebook.com\/pages\/category\/Pharmacy---Drugstore\/Graine-de-coton-parapharmacie-339080217976\/"]}]}},"_links":{"self":[{"href":"https:\/\/grainedecoton.fr\/wordpress\/wp-json\/wp\/v2\/product\/12457"}],"collection":[{"href":"https:\/\/grainedecoton.fr\/wordpress\/wp-json\/wp\/v2\/product"}],"about":[{"href":"https:\/\/grainedecoton.fr\/wordpress\/wp-json\/wp\/v2\/types\/product"}],"replies":[{"embeddable":true,"href":"https:\/\/grainedecoton.fr\/wordpress\/wp-json\/wp\/v2\/comments?post=12457"}],"wp:featuredmedia":[{"embeddable":true,"href":"https:\/\/grainedecoton.fr\/wordpress\/wp-json\/wp\/v2\/media\/13145"}],"wp:attachment":[{"href":"https:\/\/grainedecoton.fr\/wordpress\/wp-json\/wp\/v2\/media?parent=12457"}],"wp:term":[{"taxonomy":"product_brand","embeddable":true,"href":"https:\/\/grainedecoton.fr\/wordpress\/wp-json\/wp\/v2\/product_brand?post=12457"},{"taxonomy":"product_cat","embeddable":true,"href":"https:\/\/grainedecoton.fr\/wordpress\/wp-json\/wp\/v2\/product_cat?post=12457"},{"taxonomy":"product_tag","embeddable":true,"href":"https:\/\/grainedecoton.fr\/wordpress\/wp-json\/wp\/v2\/product_tag?post=12457"}],"curies":[{"name":"wp","href":"https:\/\/api.w.org\/{rel}","templated":true}]}}