{"id":11984,"date":"2021-03-06T16:21:27","date_gmt":"2021-03-06T15:21:27","guid":{"rendered":"https:\/\/grainedecoton.fr\/wordpress\/produit\/parfum-tendre-madeleine-100ml\/"},"modified":"2026-01-02T22:57:41","modified_gmt":"2026-01-02T21:57:41","slug":"parfum-tendre-madeleine-100ml","status":"publish","type":"product","link":"https:\/\/grainedecoton.fr\/wordpress\/produit\/parfum-tendre-madeleine-100ml\/","title":{"rendered":"parfum tendre madeleine 100ml"},"content":{"rendered":"","protected":false},"excerpt":{"rendered":"<p>parfum tendre madeleine 100ml<\/p>\n<p>La Madeleine, v\u00e9ritable objet du souvenir, c\u00e9l\u00e9br\u00e9 par Proust, est ici accompagn\u00e9e d\u2019un zeste d\u2019orange et d\u2019une pointe d\u2019amande am\u00e8re, adoucis par la chaleur du four. Laissez-vous enivrez par un Parfum gourmand et \u00e9pic\u00e9, plein de tendresse.<\/p>\n<p>La cr\u00e9ation parfum\u00e9e Tendre Madeleine de Laurence Dumont est port\u00e9e par l\u2019envie de faire na\u00eetre un parfum d\u2019\u00e9motion dans lequel chaque note a une histoire \u00e0 nous raconter, comme pour faire remonter nos souvenirs enfouis. C\u2019est le reflet d\u2019un univers beau, familier et empreint d\u2019une douce nostalgie.<\/p>\n<p>Cette Eau de Parfum est un authentique retour en enfance, o\u00f9 chacun part \u00e0 la recherche d\u2019une \u00e9vocation magnifi\u00e9e de son pass\u00e9, souvenir sinc\u00e8re, \u00e0 la fois tendre et \u00e9mouvant, dans lequel vient se glisser l\u2019odeur l\u00e9g\u00e8re et d\u00e9licieuse des p\u00e2tisseries de nos grand-m\u00e8res.<\/p>\n<p>Connaissez-vous l\u2019\u00e9pisode de la Madeleine de Marcel Proust ? Le personnage du roman croque dans une madeleine qui lui procure un souvenir involontaire de dimanches matins pass\u00e9s \u00e0 Combray chez sa tante L\u00e9onie : \u00ab La vue de la petite madeleine ne m\u2019avait rien rappel\u00e9 avant que je n\u2019y eusse go\u00fbt\u00e9 \u00bb. Comme Proust, laissez vos sens raviver la douceur de votre enfance\u2026<\/p>\n<p>Cette eau de parfum est compos\u00e9e \u00e0 85 % d\u2019ingr\u00e9dients naturels.<\/p>\n<p>Laurence Dumont s\u00e9lectionne des ingr\u00e9dients purs de grande qualit\u00e9 dans la nature environnante et des extraits de vanille naturelle de Madagascar et du Mexique. Ils sont associ\u00e9s \u00e0 un alcool 100% naturel, garanti sans phtalate pour obtenir des compositions aux notes sinc\u00e8res qui prennent vie sur la peau.<\/p>\n<p>Dans le respect des traditions, 21 jours de mac\u00e9ration sont n\u00e9cessaires pour garantir une construction olfactive \u00e9quilibr\u00e9e. Ce travail permet l&rsquo;alliance subtile de l\u2019ensemble des ingr\u00e9dients. Un soin particulier est aussi apport\u00e9 aux \u00e9tapes de gla\u00e7age et de filtration qui d\u00e9terminent la stabilit\u00e9 et la constance des compositions dans le temps.<\/p>\n<p><strong>Liste INCI (ingr\u00e9dients) :<\/strong><\/p>\n<p>alcohol, parfum (fragrance), aqua (water), cinnamal, cinnamyl alcohol, citral, coumarin, eugenol, geraniol, limonene, linalool, ci 14700, ci 19140, ci 17200.<\/p>\n","protected":false},"featured_media":8791,"comment_status":"open","ping_status":"closed","template":"","meta":[],"product_brand":[],"product_cat":[17],"product_tag":[],"class_list":{"0":"post-11984","1":"product","2":"type-product","3":"status-publish","4":"has-post-thumbnail","6":"product_cat-non-classe","8":"first","9":"instock","10":"taxable","11":"shipping-taxable","12":"purchasable","13":"product-type-simple"},"yoast_head":"<!-- This site is optimized with the Yoast SEO plugin v25.6 - https:\/\/yoast.com\/wordpress\/plugins\/seo\/ -->\n<title>parfum tendre madeleine 100ml - Graine de coton - Parapharmacie<\/title>\n<meta name=\"robots\" content=\"index, follow, max-snippet:-1, max-image-preview:large, max-video-preview:-1\" \/>\n<link rel=\"canonical\" href=\"https:\/\/grainedecoton.fr\/wordpress\/produit\/parfum-tendre-madeleine-100ml\/\" \/>\n<meta property=\"og:locale\" content=\"fr_FR\" \/>\n<meta property=\"og:type\" content=\"article\" \/>\n<meta property=\"og:title\" content=\"parfum tendre madeleine 100ml - Graine de coton - Parapharmacie\" \/>\n<meta property=\"og:description\" content=\"parfum tendre madeleine 100ml  La Madeleine, v\u00e9ritable objet du souvenir, c\u00e9l\u00e9br\u00e9 par Proust, est ici accompagn\u00e9e d\u2019un zeste d\u2019orange et d\u2019une pointe d\u2019amande am\u00e8re, adoucis par la chaleur du four. Laissez-vous enivrez par un Parfum gourmand et \u00e9pic\u00e9, plein de tendresse.  La cr\u00e9ation parfum\u00e9e Tendre Madeleine de Laurence Dumont est port\u00e9e par l\u2019envie de faire na\u00eetre un parfum d\u2019\u00e9motion dans lequel chaque note a une histoire \u00e0 nous raconter, comme pour faire remonter nos souvenirs enfouis. C\u2019est le reflet d\u2019un univers beau, familier et empreint d\u2019une douce nostalgie.   Cette Eau de Parfum est un authentique retour en enfance, o\u00f9 chacun part \u00e0 la recherche d\u2019une \u00e9vocation magnifi\u00e9e de son pass\u00e9, souvenir sinc\u00e8re, \u00e0 la fois tendre et \u00e9mouvant, dans lequel vient se glisser l\u2019odeur l\u00e9g\u00e8re et d\u00e9licieuse des p\u00e2tisseries de nos grand-m\u00e8res.  Connaissez-vous l\u2019\u00e9pisode de la Madeleine de Marcel Proust ? Le personnage du roman croque dans une madeleine qui lui procure un souvenir involontaire de dimanches matins pass\u00e9s \u00e0 Combray chez sa tante L\u00e9onie : \u00ab La vue de la petite madeleine ne m\u2019avait rien rappel\u00e9 avant que je n\u2019y eusse go\u00fbt\u00e9 \u00bb. Comme Proust, laissez vos sens raviver la douceur de votre enfance\u2026   Cette eau de parfum est compos\u00e9e \u00e0 85 % d\u2019ingr\u00e9dients naturels.  Laurence Dumont s\u00e9lectionne des ingr\u00e9dients purs de grande qualit\u00e9 dans la nature environnante et des extraits de vanille naturelle de Madagascar et du Mexique. Ils sont associ\u00e9s \u00e0 un alcool 100% naturel, garanti sans phtalate pour obtenir des compositions aux notes sinc\u00e8res qui prennent vie sur la peau.   Dans le respect des traditions, 21 jours de mac\u00e9ration sont n\u00e9cessaires pour garantir une construction olfactive \u00e9quilibr\u00e9e. Ce travail permet l&#039;alliance subtile de l\u2019ensemble des ingr\u00e9dients. Un soin particulier est aussi apport\u00e9 aux \u00e9tapes de gla\u00e7age et de filtration qui d\u00e9terminent la stabilit\u00e9 et la constance des compositions dans le temps.  Liste INCI (ingr\u00e9dients) : alcohol, parfum (fragrance), aqua (water), cinnamal, cinnamyl alcohol, citral, coumarin, eugenol, geraniol, limonene, linalool, ci 14700, ci 19140, ci 17200.\" \/>\n<meta property=\"og:url\" content=\"https:\/\/grainedecoton.fr\/wordpress\/produit\/parfum-tendre-madeleine-100ml\/\" \/>\n<meta property=\"og:site_name\" content=\"Graine de coton - Parapharmacie\" \/>\n<meta property=\"article:publisher\" content=\"https:\/\/www.facebook.com\/pages\/category\/Pharmacy---Drugstore\/Graine-de-coton-parapharmacie-339080217976\/\" \/>\n<meta property=\"article:modified_time\" content=\"2026-01-02T21:57:41+00:00\" \/>\n<meta property=\"og:image\" content=\"https:\/\/grainedecoton.fr\/wordpress\/wp-content\/uploads\/2019\/10\/tendre-madeleine-100-ml.jpg\" \/>\n\t<meta property=\"og:image:width\" content=\"640\" \/>\n\t<meta property=\"og:image:height\" content=\"640\" \/>\n\t<meta property=\"og:image:type\" content=\"image\/jpeg\" \/>\n<meta name=\"twitter:card\" content=\"summary_large_image\" \/>\n<script type=\"application\/ld+json\" class=\"yoast-schema-graph\">{\"@context\":\"https:\/\/schema.org\",\"@graph\":[{\"@type\":\"WebPage\",\"@id\":\"https:\/\/grainedecoton.fr\/wordpress\/produit\/parfum-tendre-madeleine-100ml\/\",\"url\":\"https:\/\/grainedecoton.fr\/wordpress\/produit\/parfum-tendre-madeleine-100ml\/\",\"name\":\"parfum tendre madeleine 100ml - Graine de coton - Parapharmacie\",\"isPartOf\":{\"@id\":\"https:\/\/grainedecoton.fr\/wordpress\/#website\"},\"primaryImageOfPage\":{\"@id\":\"https:\/\/grainedecoton.fr\/wordpress\/produit\/parfum-tendre-madeleine-100ml\/#primaryimage\"},\"image\":{\"@id\":\"https:\/\/grainedecoton.fr\/wordpress\/produit\/parfum-tendre-madeleine-100ml\/#primaryimage\"},\"thumbnailUrl\":\"https:\/\/grainedecoton.fr\/wordpress\/wp-content\/uploads\/2019\/10\/tendre-madeleine-100-ml.jpg\",\"datePublished\":\"2021-03-06T15:21:27+00:00\",\"dateModified\":\"2026-01-02T21:57:41+00:00\",\"breadcrumb\":{\"@id\":\"https:\/\/grainedecoton.fr\/wordpress\/produit\/parfum-tendre-madeleine-100ml\/#breadcrumb\"},\"inLanguage\":\"fr-FR\",\"potentialAction\":[{\"@type\":\"ReadAction\",\"target\":[\"https:\/\/grainedecoton.fr\/wordpress\/produit\/parfum-tendre-madeleine-100ml\/\"]}]},{\"@type\":\"ImageObject\",\"inLanguage\":\"fr-FR\",\"@id\":\"https:\/\/grainedecoton.fr\/wordpress\/produit\/parfum-tendre-madeleine-100ml\/#primaryimage\",\"url\":\"https:\/\/grainedecoton.fr\/wordpress\/wp-content\/uploads\/2019\/10\/tendre-madeleine-100-ml.jpg\",\"contentUrl\":\"https:\/\/grainedecoton.fr\/wordpress\/wp-content\/uploads\/2019\/10\/tendre-madeleine-100-ml.jpg\",\"width\":640,\"height\":640},{\"@type\":\"BreadcrumbList\",\"@id\":\"https:\/\/grainedecoton.fr\/wordpress\/produit\/parfum-tendre-madeleine-100ml\/#breadcrumb\",\"itemListElement\":[{\"@type\":\"ListItem\",\"position\":1,\"name\":\"Accueil\",\"item\":\"https:\/\/grainedecoton.fr\/wordpress\/\"},{\"@type\":\"ListItem\",\"position\":2,\"name\":\"Boutique\",\"item\":\"https:\/\/grainedecoton.fr\/wordpress\/boutique\/\"},{\"@type\":\"ListItem\",\"position\":3,\"name\":\"parfum tendre madeleine 100ml\"}]},{\"@type\":\"WebSite\",\"@id\":\"https:\/\/grainedecoton.fr\/wordpress\/#website\",\"url\":\"https:\/\/grainedecoton.fr\/wordpress\/\",\"name\":\"Graine de coton - Parapharmacie\",\"description\":\"Produits Bios et naturels\",\"publisher\":{\"@id\":\"https:\/\/grainedecoton.fr\/wordpress\/#organization\"},\"potentialAction\":[{\"@type\":\"SearchAction\",\"target\":{\"@type\":\"EntryPoint\",\"urlTemplate\":\"https:\/\/grainedecoton.fr\/wordpress\/?s={search_term_string}\"},\"query-input\":{\"@type\":\"PropertyValueSpecification\",\"valueRequired\":true,\"valueName\":\"search_term_string\"}}],\"inLanguage\":\"fr-FR\"},{\"@type\":\"Organization\",\"@id\":\"https:\/\/grainedecoton.fr\/wordpress\/#organization\",\"name\":\"Graine de Coton\",\"url\":\"https:\/\/grainedecoton.fr\/wordpress\/\",\"logo\":{\"@type\":\"ImageObject\",\"inLanguage\":\"fr-FR\",\"@id\":\"https:\/\/grainedecoton.fr\/wordpress\/#\/schema\/logo\/image\/\",\"url\":\"https:\/\/grainedecoton.fr\/wordpress\/wp-content\/uploads\/2018\/11\/logo-graine-de-cotonpt.jpg\",\"contentUrl\":\"https:\/\/grainedecoton.fr\/wordpress\/wp-content\/uploads\/2018\/11\/logo-graine-de-cotonpt.jpg\",\"width\":576,\"height\":149,\"caption\":\"Graine de Coton\"},\"image\":{\"@id\":\"https:\/\/grainedecoton.fr\/wordpress\/#\/schema\/logo\/image\/\"},\"sameAs\":[\"https:\/\/www.facebook.com\/pages\/category\/Pharmacy---Drugstore\/Graine-de-coton-parapharmacie-339080217976\/\"]}]}<\/script>\n<!-- \/ Yoast SEO plugin. -->","yoast_head_json":{"title":"parfum tendre madeleine 100ml - Graine de coton - Parapharmacie","robots":{"index":"index","follow":"follow","max-snippet":"max-snippet:-1","max-image-preview":"max-image-preview:large","max-video-preview":"max-video-preview:-1"},"canonical":"https:\/\/grainedecoton.fr\/wordpress\/produit\/parfum-tendre-madeleine-100ml\/","og_locale":"fr_FR","og_type":"article","og_title":"parfum tendre madeleine 100ml - Graine de coton - Parapharmacie","og_description":"parfum tendre madeleine 100ml  La Madeleine, v\u00e9ritable objet du souvenir, c\u00e9l\u00e9br\u00e9 par Proust, est ici accompagn\u00e9e d\u2019un zeste d\u2019orange et d\u2019une pointe d\u2019amande am\u00e8re, adoucis par la chaleur du four. Laissez-vous enivrez par un Parfum gourmand et \u00e9pic\u00e9, plein de tendresse.  La cr\u00e9ation parfum\u00e9e Tendre Madeleine de Laurence Dumont est port\u00e9e par l\u2019envie de faire na\u00eetre un parfum d\u2019\u00e9motion dans lequel chaque note a une histoire \u00e0 nous raconter, comme pour faire remonter nos souvenirs enfouis. C\u2019est le reflet d\u2019un univers beau, familier et empreint d\u2019une douce nostalgie.   Cette Eau de Parfum est un authentique retour en enfance, o\u00f9 chacun part \u00e0 la recherche d\u2019une \u00e9vocation magnifi\u00e9e de son pass\u00e9, souvenir sinc\u00e8re, \u00e0 la fois tendre et \u00e9mouvant, dans lequel vient se glisser l\u2019odeur l\u00e9g\u00e8re et d\u00e9licieuse des p\u00e2tisseries de nos grand-m\u00e8res.  Connaissez-vous l\u2019\u00e9pisode de la Madeleine de Marcel Proust ? Le personnage du roman croque dans une madeleine qui lui procure un souvenir involontaire de dimanches matins pass\u00e9s \u00e0 Combray chez sa tante L\u00e9onie : \u00ab La vue de la petite madeleine ne m\u2019avait rien rappel\u00e9 avant que je n\u2019y eusse go\u00fbt\u00e9 \u00bb. Comme Proust, laissez vos sens raviver la douceur de votre enfance\u2026   Cette eau de parfum est compos\u00e9e \u00e0 85 % d\u2019ingr\u00e9dients naturels.  Laurence Dumont s\u00e9lectionne des ingr\u00e9dients purs de grande qualit\u00e9 dans la nature environnante et des extraits de vanille naturelle de Madagascar et du Mexique. Ils sont associ\u00e9s \u00e0 un alcool 100% naturel, garanti sans phtalate pour obtenir des compositions aux notes sinc\u00e8res qui prennent vie sur la peau.   Dans le respect des traditions, 21 jours de mac\u00e9ration sont n\u00e9cessaires pour garantir une construction olfactive \u00e9quilibr\u00e9e. Ce travail permet l'alliance subtile de l\u2019ensemble des ingr\u00e9dients. Un soin particulier est aussi apport\u00e9 aux \u00e9tapes de gla\u00e7age et de filtration qui d\u00e9terminent la stabilit\u00e9 et la constance des compositions dans le temps.  Liste INCI (ingr\u00e9dients) : alcohol, parfum (fragrance), aqua (water), cinnamal, cinnamyl alcohol, citral, coumarin, eugenol, geraniol, limonene, linalool, ci 14700, ci 19140, ci 17200.","og_url":"https:\/\/grainedecoton.fr\/wordpress\/produit\/parfum-tendre-madeleine-100ml\/","og_site_name":"Graine de coton - Parapharmacie","article_publisher":"https:\/\/www.facebook.com\/pages\/category\/Pharmacy---Drugstore\/Graine-de-coton-parapharmacie-339080217976\/","article_modified_time":"2026-01-02T21:57:41+00:00","og_image":[{"width":640,"height":640,"url":"https:\/\/grainedecoton.fr\/wordpress\/wp-content\/uploads\/2019\/10\/tendre-madeleine-100-ml.jpg","type":"image\/jpeg"}],"twitter_card":"summary_large_image","schema":{"@context":"https:\/\/schema.org","@graph":[{"@type":"WebPage","@id":"https:\/\/grainedecoton.fr\/wordpress\/produit\/parfum-tendre-madeleine-100ml\/","url":"https:\/\/grainedecoton.fr\/wordpress\/produit\/parfum-tendre-madeleine-100ml\/","name":"parfum tendre madeleine 100ml - Graine de coton - Parapharmacie","isPartOf":{"@id":"https:\/\/grainedecoton.fr\/wordpress\/#website"},"primaryImageOfPage":{"@id":"https:\/\/grainedecoton.fr\/wordpress\/produit\/parfum-tendre-madeleine-100ml\/#primaryimage"},"image":{"@id":"https:\/\/grainedecoton.fr\/wordpress\/produit\/parfum-tendre-madeleine-100ml\/#primaryimage"},"thumbnailUrl":"https:\/\/grainedecoton.fr\/wordpress\/wp-content\/uploads\/2019\/10\/tendre-madeleine-100-ml.jpg","datePublished":"2021-03-06T15:21:27+00:00","dateModified":"2026-01-02T21:57:41+00:00","breadcrumb":{"@id":"https:\/\/grainedecoton.fr\/wordpress\/produit\/parfum-tendre-madeleine-100ml\/#breadcrumb"},"inLanguage":"fr-FR","potentialAction":[{"@type":"ReadAction","target":["https:\/\/grainedecoton.fr\/wordpress\/produit\/parfum-tendre-madeleine-100ml\/"]}]},{"@type":"ImageObject","inLanguage":"fr-FR","@id":"https:\/\/grainedecoton.fr\/wordpress\/produit\/parfum-tendre-madeleine-100ml\/#primaryimage","url":"https:\/\/grainedecoton.fr\/wordpress\/wp-content\/uploads\/2019\/10\/tendre-madeleine-100-ml.jpg","contentUrl":"https:\/\/grainedecoton.fr\/wordpress\/wp-content\/uploads\/2019\/10\/tendre-madeleine-100-ml.jpg","width":640,"height":640},{"@type":"BreadcrumbList","@id":"https:\/\/grainedecoton.fr\/wordpress\/produit\/parfum-tendre-madeleine-100ml\/#breadcrumb","itemListElement":[{"@type":"ListItem","position":1,"name":"Accueil","item":"https:\/\/grainedecoton.fr\/wordpress\/"},{"@type":"ListItem","position":2,"name":"Boutique","item":"https:\/\/grainedecoton.fr\/wordpress\/boutique\/"},{"@type":"ListItem","position":3,"name":"parfum tendre madeleine 100ml"}]},{"@type":"WebSite","@id":"https:\/\/grainedecoton.fr\/wordpress\/#website","url":"https:\/\/grainedecoton.fr\/wordpress\/","name":"Graine de coton - Parapharmacie","description":"Produits Bios et naturels","publisher":{"@id":"https:\/\/grainedecoton.fr\/wordpress\/#organization"},"potentialAction":[{"@type":"SearchAction","target":{"@type":"EntryPoint","urlTemplate":"https:\/\/grainedecoton.fr\/wordpress\/?s={search_term_string}"},"query-input":{"@type":"PropertyValueSpecification","valueRequired":true,"valueName":"search_term_string"}}],"inLanguage":"fr-FR"},{"@type":"Organization","@id":"https:\/\/grainedecoton.fr\/wordpress\/#organization","name":"Graine de Coton","url":"https:\/\/grainedecoton.fr\/wordpress\/","logo":{"@type":"ImageObject","inLanguage":"fr-FR","@id":"https:\/\/grainedecoton.fr\/wordpress\/#\/schema\/logo\/image\/","url":"https:\/\/grainedecoton.fr\/wordpress\/wp-content\/uploads\/2018\/11\/logo-graine-de-cotonpt.jpg","contentUrl":"https:\/\/grainedecoton.fr\/wordpress\/wp-content\/uploads\/2018\/11\/logo-graine-de-cotonpt.jpg","width":576,"height":149,"caption":"Graine de Coton"},"image":{"@id":"https:\/\/grainedecoton.fr\/wordpress\/#\/schema\/logo\/image\/"},"sameAs":["https:\/\/www.facebook.com\/pages\/category\/Pharmacy---Drugstore\/Graine-de-coton-parapharmacie-339080217976\/"]}]}},"_links":{"self":[{"href":"https:\/\/grainedecoton.fr\/wordpress\/wp-json\/wp\/v2\/product\/11984"}],"collection":[{"href":"https:\/\/grainedecoton.fr\/wordpress\/wp-json\/wp\/v2\/product"}],"about":[{"href":"https:\/\/grainedecoton.fr\/wordpress\/wp-json\/wp\/v2\/types\/product"}],"replies":[{"embeddable":true,"href":"https:\/\/grainedecoton.fr\/wordpress\/wp-json\/wp\/v2\/comments?post=11984"}],"wp:featuredmedia":[{"embeddable":true,"href":"https:\/\/grainedecoton.fr\/wordpress\/wp-json\/wp\/v2\/media\/8791"}],"wp:attachment":[{"href":"https:\/\/grainedecoton.fr\/wordpress\/wp-json\/wp\/v2\/media?parent=11984"}],"wp:term":[{"taxonomy":"product_brand","embeddable":true,"href":"https:\/\/grainedecoton.fr\/wordpress\/wp-json\/wp\/v2\/product_brand?post=11984"},{"taxonomy":"product_cat","embeddable":true,"href":"https:\/\/grainedecoton.fr\/wordpress\/wp-json\/wp\/v2\/product_cat?post=11984"},{"taxonomy":"product_tag","embeddable":true,"href":"https:\/\/grainedecoton.fr\/wordpress\/wp-json\/wp\/v2\/product_tag?post=11984"}],"curies":[{"name":"wp","href":"https:\/\/api.w.org\/{rel}","templated":true}]}}