{"id":11983,"date":"2021-03-06T16:21:27","date_gmt":"2021-03-06T15:21:27","guid":{"rendered":"https:\/\/grainedecoton.fr\/wordpress\/produit\/parfum-vanille-patchouli-100ml\/"},"modified":"2026-01-02T22:55:41","modified_gmt":"2026-01-02T21:55:41","slug":"parfum-vanille-patchouli-100ml","status":"publish","type":"product","link":"https:\/\/grainedecoton.fr\/wordpress\/produit\/parfum-vanille-patchouli-100ml\/","title":{"rendered":"parfum vanille patchouli 100ml"},"content":{"rendered":"","protected":false},"excerpt":{"rendered":"<p>parfum vanille patchouli 100mlAr\u00f4me intemporel, symbole de libert\u00e9 et de voyage vers l\u2019Asie, le Patchouli est associ\u00e9e dans cette Eau de Parfum aux g\u00e9raniums de l\u2019Egypte, \u00e0 la puissante f\u00e8ve Tonka d\u2019Am\u00e9rique du sud et \u00e0 la divine Vanille de Madagascar.<\/p>\n<p>Puissante et suave, cette fragrance subtilement parfum\u00e9e de notes vanill\u00e9es et Tonka est un hommage au Patchouli, symbole de libert\u00e9 et de voyage. Sensuelles par ses notes g\u00e9n\u00e9reuses, elle vous emportera vers des horizons lointains, magiques et fascinants. Vanille Patchouli est une Eau de Parfum qui exhale d\u00e9licieusement la peau.<\/p>\n<p>Import\u00e9es en Angleterre au milieu du XIXe si\u00e8cle, les feuilles de patchouli devinrent rapidement des \u00e9l\u00e9ments de base des sachets odorants, des pots-pourris et des parfums. C\u2019est \u00e0 cette m\u00eame \u00e9poque que le Patchouli arrive en France. Rep\u00e9r\u00e9 imm\u00e9diatement par les parfumeurs, il embaume les grands boulevards parisiens o\u00f9 sont vendus les ch\u00e2les en cachemire en provenance d\u2019Inde et d\u2019Indon\u00e9sie. Lors des travers\u00e9es, les pr\u00e9cieuses marchandises voyageaient sur les bateaux envelopp\u00e9es dans des feuilles de patchouli pour lutter contre les mites. Une fois d\u00e9ball\u00e9s dans les magasins de la capitale, il fut constat\u00e9 que certains ch\u00e2les avaient plus de succ\u00e8s que d\u2019autres, attirant de mani\u00e8re irr\u00e9pressible la client\u00e8le f\u00e9minine. Longtemps, on en chercha la raison : s\u2019agissait-il des motifs ou des couleurs ? Pas seulement\u2026 Cette attraction irr\u00e9sistible \u00e9tait principalement li\u00e9e \u00e0 l\u2019odeur enivrante du Patchouli qui impr\u00e9gnait les \u00e9toles. D\u00e8s lors, le Patchouli f\u00fbt introduit dans la composition de nombreux parfums.<\/p>\n<p><strong>Cette Eau de Parfum est compos\u00e9e \u00e0 85 % d\u2019ingr\u00e9dients naturels.<\/strong><\/p>\n<p>Laurence Dumont s\u00e9lectionne des ingr\u00e9dients purs de grande qualit\u00e9 dans la nature environnante et des extraits de vanille naturelle de Madagascar et du Mexique. Ils sont associ\u00e9s \u00e0 un alcool 100% naturel, garanti sans phtalate pour obtenir des compositions aux notes sinc\u00e8res qui prennent vie sur la peau.<\/p>\n<p>Dans le respect des traditions, 21 jours de mac\u00e9ration sont n\u00e9cessaires pour garantir une construction olfactive \u00e9quilibr\u00e9e. Ce travail permet l&rsquo;alliance subtile de l\u2019ensemble des ingr\u00e9dients. Un soin particulier est aussi apport\u00e9 aux \u00e9tapes de gla\u00e7age et de filtration qui d\u00e9terminent la stabilit\u00e9 et la constance des compositions dans le temps.<\/p>\n<p>&nbsp;<\/p>\n","protected":false},"featured_media":8793,"comment_status":"open","ping_status":"closed","template":"","meta":[],"product_brand":[],"product_cat":[17],"product_tag":[],"class_list":{"0":"post-11983","1":"product","2":"type-product","3":"status-publish","4":"has-post-thumbnail","6":"product_cat-non-classe","8":"first","9":"outofstock","10":"taxable","11":"shipping-taxable","12":"purchasable","13":"product-type-simple"},"yoast_head":"<!-- This site is optimized with the Yoast SEO plugin v25.6 - https:\/\/yoast.com\/wordpress\/plugins\/seo\/ -->\n<title>parfum vanille patchouli 100ml - Graine de coton - Parapharmacie<\/title>\n<meta name=\"robots\" content=\"index, follow, max-snippet:-1, max-image-preview:large, max-video-preview:-1\" \/>\n<link rel=\"canonical\" href=\"https:\/\/grainedecoton.fr\/wordpress\/produit\/parfum-vanille-patchouli-100ml\/\" \/>\n<meta property=\"og:locale\" content=\"fr_FR\" \/>\n<meta property=\"og:type\" content=\"article\" \/>\n<meta property=\"og:title\" content=\"parfum vanille patchouli 100ml - Graine de coton - Parapharmacie\" \/>\n<meta property=\"og:description\" content=\"parfum vanille patchouli 100mlAr\u00f4me intemporel, symbole de libert\u00e9 et de voyage vers l\u2019Asie, le Patchouli est associ\u00e9e dans cette Eau de Parfum aux g\u00e9raniums de l\u2019Egypte, \u00e0 la puissante f\u00e8ve Tonka d\u2019Am\u00e9rique du sud et \u00e0 la divine Vanille de Madagascar.  Puissante et suave, cette fragrance subtilement parfum\u00e9e de notes vanill\u00e9es et Tonka est un hommage au Patchouli, symbole de libert\u00e9 et de voyage. Sensuelles par ses notes g\u00e9n\u00e9reuses, elle vous emportera vers des horizons lointains, magiques et fascinants. Vanille Patchouli est une Eau de Parfum qui exhale d\u00e9licieusement la peau.  Import\u00e9es en Angleterre au milieu du XIXe si\u00e8cle, les feuilles de patchouli devinrent rapidement des \u00e9l\u00e9ments de base des sachets odorants, des pots-pourris et des parfums. C\u2019est \u00e0 cette m\u00eame \u00e9poque que le Patchouli arrive en France. Rep\u00e9r\u00e9 imm\u00e9diatement par les parfumeurs, il embaume les grands boulevards parisiens o\u00f9 sont vendus les ch\u00e2les en cachemire en provenance d\u2019Inde et d\u2019Indon\u00e9sie. Lors des travers\u00e9es, les pr\u00e9cieuses marchandises voyageaient sur les bateaux envelopp\u00e9es dans des feuilles de patchouli pour lutter contre les mites. Une fois d\u00e9ball\u00e9s dans les magasins de la capitale, il fut constat\u00e9 que certains ch\u00e2les avaient plus de succ\u00e8s que d\u2019autres, attirant de mani\u00e8re irr\u00e9pressible la client\u00e8le f\u00e9minine. Longtemps, on en chercha la raison : s\u2019agissait-il des motifs ou des couleurs ? Pas seulement\u2026 Cette attraction irr\u00e9sistible \u00e9tait principalement li\u00e9e \u00e0 l\u2019odeur enivrante du Patchouli qui impr\u00e9gnait les \u00e9toles. D\u00e8s lors, le Patchouli f\u00fbt introduit dans la composition de nombreux parfums.  Cette Eau de Parfum est compos\u00e9e \u00e0 85 % d\u2019ingr\u00e9dients naturels.  Laurence Dumont s\u00e9lectionne des ingr\u00e9dients purs de grande qualit\u00e9 dans la nature environnante et des extraits de vanille naturelle de Madagascar et du Mexique. Ils sont associ\u00e9s \u00e0 un alcool 100% naturel, garanti sans phtalate pour obtenir des compositions aux notes sinc\u00e8res qui prennent vie sur la peau.  Dans le respect des traditions, 21 jours de mac\u00e9ration sont n\u00e9cessaires pour garantir une construction olfactive \u00e9quilibr\u00e9e. Ce travail permet l&#039;alliance subtile de l\u2019ensemble des ingr\u00e9dients. Un soin particulier est aussi apport\u00e9 aux \u00e9tapes de gla\u00e7age et de filtration qui d\u00e9terminent la stabilit\u00e9 et la constance des compositions dans le temps.  &nbsp;\" \/>\n<meta property=\"og:url\" content=\"https:\/\/grainedecoton.fr\/wordpress\/produit\/parfum-vanille-patchouli-100ml\/\" \/>\n<meta property=\"og:site_name\" content=\"Graine de coton - Parapharmacie\" \/>\n<meta property=\"article:publisher\" content=\"https:\/\/www.facebook.com\/pages\/category\/Pharmacy---Drugstore\/Graine-de-coton-parapharmacie-339080217976\/\" \/>\n<meta property=\"article:modified_time\" content=\"2026-01-02T21:55:41+00:00\" \/>\n<meta property=\"og:image\" content=\"https:\/\/grainedecoton.fr\/wordpress\/wp-content\/uploads\/2019\/10\/vanille-patchouli-100-ml.jpg\" \/>\n\t<meta property=\"og:image:width\" content=\"640\" \/>\n\t<meta property=\"og:image:height\" content=\"640\" \/>\n\t<meta property=\"og:image:type\" content=\"image\/jpeg\" \/>\n<meta name=\"twitter:card\" content=\"summary_large_image\" \/>\n<script type=\"application\/ld+json\" class=\"yoast-schema-graph\">{\"@context\":\"https:\/\/schema.org\",\"@graph\":[{\"@type\":\"WebPage\",\"@id\":\"https:\/\/grainedecoton.fr\/wordpress\/produit\/parfum-vanille-patchouli-100ml\/\",\"url\":\"https:\/\/grainedecoton.fr\/wordpress\/produit\/parfum-vanille-patchouli-100ml\/\",\"name\":\"parfum vanille patchouli 100ml - Graine de coton - Parapharmacie\",\"isPartOf\":{\"@id\":\"https:\/\/grainedecoton.fr\/wordpress\/#website\"},\"primaryImageOfPage\":{\"@id\":\"https:\/\/grainedecoton.fr\/wordpress\/produit\/parfum-vanille-patchouli-100ml\/#primaryimage\"},\"image\":{\"@id\":\"https:\/\/grainedecoton.fr\/wordpress\/produit\/parfum-vanille-patchouli-100ml\/#primaryimage\"},\"thumbnailUrl\":\"https:\/\/grainedecoton.fr\/wordpress\/wp-content\/uploads\/2019\/10\/vanille-patchouli-100-ml.jpg\",\"datePublished\":\"2021-03-06T15:21:27+00:00\",\"dateModified\":\"2026-01-02T21:55:41+00:00\",\"breadcrumb\":{\"@id\":\"https:\/\/grainedecoton.fr\/wordpress\/produit\/parfum-vanille-patchouli-100ml\/#breadcrumb\"},\"inLanguage\":\"fr-FR\",\"potentialAction\":[{\"@type\":\"ReadAction\",\"target\":[\"https:\/\/grainedecoton.fr\/wordpress\/produit\/parfum-vanille-patchouli-100ml\/\"]}]},{\"@type\":\"ImageObject\",\"inLanguage\":\"fr-FR\",\"@id\":\"https:\/\/grainedecoton.fr\/wordpress\/produit\/parfum-vanille-patchouli-100ml\/#primaryimage\",\"url\":\"https:\/\/grainedecoton.fr\/wordpress\/wp-content\/uploads\/2019\/10\/vanille-patchouli-100-ml.jpg\",\"contentUrl\":\"https:\/\/grainedecoton.fr\/wordpress\/wp-content\/uploads\/2019\/10\/vanille-patchouli-100-ml.jpg\",\"width\":640,\"height\":640},{\"@type\":\"BreadcrumbList\",\"@id\":\"https:\/\/grainedecoton.fr\/wordpress\/produit\/parfum-vanille-patchouli-100ml\/#breadcrumb\",\"itemListElement\":[{\"@type\":\"ListItem\",\"position\":1,\"name\":\"Accueil\",\"item\":\"https:\/\/grainedecoton.fr\/wordpress\/\"},{\"@type\":\"ListItem\",\"position\":2,\"name\":\"Boutique\",\"item\":\"https:\/\/grainedecoton.fr\/wordpress\/boutique\/\"},{\"@type\":\"ListItem\",\"position\":3,\"name\":\"parfum vanille patchouli 100ml\"}]},{\"@type\":\"WebSite\",\"@id\":\"https:\/\/grainedecoton.fr\/wordpress\/#website\",\"url\":\"https:\/\/grainedecoton.fr\/wordpress\/\",\"name\":\"Graine de coton - Parapharmacie\",\"description\":\"Produits Bios et naturels\",\"publisher\":{\"@id\":\"https:\/\/grainedecoton.fr\/wordpress\/#organization\"},\"potentialAction\":[{\"@type\":\"SearchAction\",\"target\":{\"@type\":\"EntryPoint\",\"urlTemplate\":\"https:\/\/grainedecoton.fr\/wordpress\/?s={search_term_string}\"},\"query-input\":{\"@type\":\"PropertyValueSpecification\",\"valueRequired\":true,\"valueName\":\"search_term_string\"}}],\"inLanguage\":\"fr-FR\"},{\"@type\":\"Organization\",\"@id\":\"https:\/\/grainedecoton.fr\/wordpress\/#organization\",\"name\":\"Graine de Coton\",\"url\":\"https:\/\/grainedecoton.fr\/wordpress\/\",\"logo\":{\"@type\":\"ImageObject\",\"inLanguage\":\"fr-FR\",\"@id\":\"https:\/\/grainedecoton.fr\/wordpress\/#\/schema\/logo\/image\/\",\"url\":\"https:\/\/grainedecoton.fr\/wordpress\/wp-content\/uploads\/2018\/11\/logo-graine-de-cotonpt.jpg\",\"contentUrl\":\"https:\/\/grainedecoton.fr\/wordpress\/wp-content\/uploads\/2018\/11\/logo-graine-de-cotonpt.jpg\",\"width\":576,\"height\":149,\"caption\":\"Graine de Coton\"},\"image\":{\"@id\":\"https:\/\/grainedecoton.fr\/wordpress\/#\/schema\/logo\/image\/\"},\"sameAs\":[\"https:\/\/www.facebook.com\/pages\/category\/Pharmacy---Drugstore\/Graine-de-coton-parapharmacie-339080217976\/\"]}]}<\/script>\n<!-- \/ Yoast SEO plugin. -->","yoast_head_json":{"title":"parfum vanille patchouli 100ml - Graine de coton - Parapharmacie","robots":{"index":"index","follow":"follow","max-snippet":"max-snippet:-1","max-image-preview":"max-image-preview:large","max-video-preview":"max-video-preview:-1"},"canonical":"https:\/\/grainedecoton.fr\/wordpress\/produit\/parfum-vanille-patchouli-100ml\/","og_locale":"fr_FR","og_type":"article","og_title":"parfum vanille patchouli 100ml - Graine de coton - Parapharmacie","og_description":"parfum vanille patchouli 100mlAr\u00f4me intemporel, symbole de libert\u00e9 et de voyage vers l\u2019Asie, le Patchouli est associ\u00e9e dans cette Eau de Parfum aux g\u00e9raniums de l\u2019Egypte, \u00e0 la puissante f\u00e8ve Tonka d\u2019Am\u00e9rique du sud et \u00e0 la divine Vanille de Madagascar.  Puissante et suave, cette fragrance subtilement parfum\u00e9e de notes vanill\u00e9es et Tonka est un hommage au Patchouli, symbole de libert\u00e9 et de voyage. Sensuelles par ses notes g\u00e9n\u00e9reuses, elle vous emportera vers des horizons lointains, magiques et fascinants. Vanille Patchouli est une Eau de Parfum qui exhale d\u00e9licieusement la peau.  Import\u00e9es en Angleterre au milieu du XIXe si\u00e8cle, les feuilles de patchouli devinrent rapidement des \u00e9l\u00e9ments de base des sachets odorants, des pots-pourris et des parfums. C\u2019est \u00e0 cette m\u00eame \u00e9poque que le Patchouli arrive en France. Rep\u00e9r\u00e9 imm\u00e9diatement par les parfumeurs, il embaume les grands boulevards parisiens o\u00f9 sont vendus les ch\u00e2les en cachemire en provenance d\u2019Inde et d\u2019Indon\u00e9sie. Lors des travers\u00e9es, les pr\u00e9cieuses marchandises voyageaient sur les bateaux envelopp\u00e9es dans des feuilles de patchouli pour lutter contre les mites. Une fois d\u00e9ball\u00e9s dans les magasins de la capitale, il fut constat\u00e9 que certains ch\u00e2les avaient plus de succ\u00e8s que d\u2019autres, attirant de mani\u00e8re irr\u00e9pressible la client\u00e8le f\u00e9minine. Longtemps, on en chercha la raison : s\u2019agissait-il des motifs ou des couleurs ? Pas seulement\u2026 Cette attraction irr\u00e9sistible \u00e9tait principalement li\u00e9e \u00e0 l\u2019odeur enivrante du Patchouli qui impr\u00e9gnait les \u00e9toles. D\u00e8s lors, le Patchouli f\u00fbt introduit dans la composition de nombreux parfums.  Cette Eau de Parfum est compos\u00e9e \u00e0 85 % d\u2019ingr\u00e9dients naturels.  Laurence Dumont s\u00e9lectionne des ingr\u00e9dients purs de grande qualit\u00e9 dans la nature environnante et des extraits de vanille naturelle de Madagascar et du Mexique. Ils sont associ\u00e9s \u00e0 un alcool 100% naturel, garanti sans phtalate pour obtenir des compositions aux notes sinc\u00e8res qui prennent vie sur la peau.  Dans le respect des traditions, 21 jours de mac\u00e9ration sont n\u00e9cessaires pour garantir une construction olfactive \u00e9quilibr\u00e9e. Ce travail permet l'alliance subtile de l\u2019ensemble des ingr\u00e9dients. Un soin particulier est aussi apport\u00e9 aux \u00e9tapes de gla\u00e7age et de filtration qui d\u00e9terminent la stabilit\u00e9 et la constance des compositions dans le temps.  &nbsp;","og_url":"https:\/\/grainedecoton.fr\/wordpress\/produit\/parfum-vanille-patchouli-100ml\/","og_site_name":"Graine de coton - Parapharmacie","article_publisher":"https:\/\/www.facebook.com\/pages\/category\/Pharmacy---Drugstore\/Graine-de-coton-parapharmacie-339080217976\/","article_modified_time":"2026-01-02T21:55:41+00:00","og_image":[{"width":640,"height":640,"url":"https:\/\/grainedecoton.fr\/wordpress\/wp-content\/uploads\/2019\/10\/vanille-patchouli-100-ml.jpg","type":"image\/jpeg"}],"twitter_card":"summary_large_image","schema":{"@context":"https:\/\/schema.org","@graph":[{"@type":"WebPage","@id":"https:\/\/grainedecoton.fr\/wordpress\/produit\/parfum-vanille-patchouli-100ml\/","url":"https:\/\/grainedecoton.fr\/wordpress\/produit\/parfum-vanille-patchouli-100ml\/","name":"parfum vanille patchouli 100ml - Graine de coton - Parapharmacie","isPartOf":{"@id":"https:\/\/grainedecoton.fr\/wordpress\/#website"},"primaryImageOfPage":{"@id":"https:\/\/grainedecoton.fr\/wordpress\/produit\/parfum-vanille-patchouli-100ml\/#primaryimage"},"image":{"@id":"https:\/\/grainedecoton.fr\/wordpress\/produit\/parfum-vanille-patchouli-100ml\/#primaryimage"},"thumbnailUrl":"https:\/\/grainedecoton.fr\/wordpress\/wp-content\/uploads\/2019\/10\/vanille-patchouli-100-ml.jpg","datePublished":"2021-03-06T15:21:27+00:00","dateModified":"2026-01-02T21:55:41+00:00","breadcrumb":{"@id":"https:\/\/grainedecoton.fr\/wordpress\/produit\/parfum-vanille-patchouli-100ml\/#breadcrumb"},"inLanguage":"fr-FR","potentialAction":[{"@type":"ReadAction","target":["https:\/\/grainedecoton.fr\/wordpress\/produit\/parfum-vanille-patchouli-100ml\/"]}]},{"@type":"ImageObject","inLanguage":"fr-FR","@id":"https:\/\/grainedecoton.fr\/wordpress\/produit\/parfum-vanille-patchouli-100ml\/#primaryimage","url":"https:\/\/grainedecoton.fr\/wordpress\/wp-content\/uploads\/2019\/10\/vanille-patchouli-100-ml.jpg","contentUrl":"https:\/\/grainedecoton.fr\/wordpress\/wp-content\/uploads\/2019\/10\/vanille-patchouli-100-ml.jpg","width":640,"height":640},{"@type":"BreadcrumbList","@id":"https:\/\/grainedecoton.fr\/wordpress\/produit\/parfum-vanille-patchouli-100ml\/#breadcrumb","itemListElement":[{"@type":"ListItem","position":1,"name":"Accueil","item":"https:\/\/grainedecoton.fr\/wordpress\/"},{"@type":"ListItem","position":2,"name":"Boutique","item":"https:\/\/grainedecoton.fr\/wordpress\/boutique\/"},{"@type":"ListItem","position":3,"name":"parfum vanille patchouli 100ml"}]},{"@type":"WebSite","@id":"https:\/\/grainedecoton.fr\/wordpress\/#website","url":"https:\/\/grainedecoton.fr\/wordpress\/","name":"Graine de coton - Parapharmacie","description":"Produits Bios et naturels","publisher":{"@id":"https:\/\/grainedecoton.fr\/wordpress\/#organization"},"potentialAction":[{"@type":"SearchAction","target":{"@type":"EntryPoint","urlTemplate":"https:\/\/grainedecoton.fr\/wordpress\/?s={search_term_string}"},"query-input":{"@type":"PropertyValueSpecification","valueRequired":true,"valueName":"search_term_string"}}],"inLanguage":"fr-FR"},{"@type":"Organization","@id":"https:\/\/grainedecoton.fr\/wordpress\/#organization","name":"Graine de Coton","url":"https:\/\/grainedecoton.fr\/wordpress\/","logo":{"@type":"ImageObject","inLanguage":"fr-FR","@id":"https:\/\/grainedecoton.fr\/wordpress\/#\/schema\/logo\/image\/","url":"https:\/\/grainedecoton.fr\/wordpress\/wp-content\/uploads\/2018\/11\/logo-graine-de-cotonpt.jpg","contentUrl":"https:\/\/grainedecoton.fr\/wordpress\/wp-content\/uploads\/2018\/11\/logo-graine-de-cotonpt.jpg","width":576,"height":149,"caption":"Graine de Coton"},"image":{"@id":"https:\/\/grainedecoton.fr\/wordpress\/#\/schema\/logo\/image\/"},"sameAs":["https:\/\/www.facebook.com\/pages\/category\/Pharmacy---Drugstore\/Graine-de-coton-parapharmacie-339080217976\/"]}]}},"_links":{"self":[{"href":"https:\/\/grainedecoton.fr\/wordpress\/wp-json\/wp\/v2\/product\/11983"}],"collection":[{"href":"https:\/\/grainedecoton.fr\/wordpress\/wp-json\/wp\/v2\/product"}],"about":[{"href":"https:\/\/grainedecoton.fr\/wordpress\/wp-json\/wp\/v2\/types\/product"}],"replies":[{"embeddable":true,"href":"https:\/\/grainedecoton.fr\/wordpress\/wp-json\/wp\/v2\/comments?post=11983"}],"wp:featuredmedia":[{"embeddable":true,"href":"https:\/\/grainedecoton.fr\/wordpress\/wp-json\/wp\/v2\/media\/8793"}],"wp:attachment":[{"href":"https:\/\/grainedecoton.fr\/wordpress\/wp-json\/wp\/v2\/media?parent=11983"}],"wp:term":[{"taxonomy":"product_brand","embeddable":true,"href":"https:\/\/grainedecoton.fr\/wordpress\/wp-json\/wp\/v2\/product_brand?post=11983"},{"taxonomy":"product_cat","embeddable":true,"href":"https:\/\/grainedecoton.fr\/wordpress\/wp-json\/wp\/v2\/product_cat?post=11983"},{"taxonomy":"product_tag","embeddable":true,"href":"https:\/\/grainedecoton.fr\/wordpress\/wp-json\/wp\/v2\/product_tag?post=11983"}],"curies":[{"name":"wp","href":"https:\/\/api.w.org\/{rel}","templated":true}]}}