{"id":11962,"date":"2021-03-06T16:19:44","date_gmt":"2021-03-06T15:19:44","guid":{"rendered":"https:\/\/grainedecoton.fr\/wordpress\/produit\/parfum-black-oud-100ml\/"},"modified":"2026-01-22T19:14:20","modified_gmt":"2026-01-22T18:14:20","slug":"parfum-black-oud-100ml","status":"publish","type":"product","link":"https:\/\/grainedecoton.fr\/wordpress\/produit\/parfum-black-oud-100ml\/","title":{"rendered":"parfum black oud 100ml"},"content":{"rendered":"","protected":false},"excerpt":{"rendered":"<p>parfum black oud 100ml<\/p>\n<p>Au d\u00e9part d\u00e9routante, elle est rapidement sublim\u00e9e par les notes puissantes et sauvages du Patchouli. Un final doux et riche vous offrant un sillage tr\u00e8s envo\u00fbtant. En d\u2019autres mots, une arme de s\u00e9duction irr\u00e9sistible.<\/p>\n<p>Viril et \u00e9l\u00e9gant \u00e0 la fois, on succombe vite au charme des notes chaleureuses et rassurantes de ce jus puissant. L\u2019Eau de Parfum Black Oud est addictive, tr\u00e8s port\u00e9e sur l\u2019encens et profonde. Nous connaissons autant d\u2019hommes que de femmes qui ont adopt\u00e9 cette fragrance unique au quotidien.<\/p>\n<p>Laurence Dumont a pour volont\u00e9 de composer des cr\u00e9ations parfum\u00e9es avec des mati\u00e8res de grande qualit\u00e9 venues d\u2019ici et d\u2019ailleurs. Ils ont s\u00e9lectionn\u00e9 le bois d\u2019Oud, une mati\u00e8re orientale d&rsquo;exception, essence symbolique de l\u2019Orient.<\/p>\n<p>L\u2019Oud vient d\u2019un arbre rare pr\u00e9sent en Asie du Sud-Est (Cambodge, Laos, Malaisie, Tha\u00eflande&#8230;). Pour se prot\u00e9ger d\u2019un champignon parasite, l\u2019arbre produit une r\u00e9sine parfum\u00e9e aux facettes riches et multiples. Cette r\u00e9sine est l\u2019OUD. Depuis des mill\u00e9naires, l\u2019Oud est connu pour ses propri\u00e9t\u00e9s purifiantes. Il est consid\u00e9r\u00e9 comme une manifestation divine, susceptible de purifier le corps et l\u2019esprit. Il a \u00e9t\u00e9, au fil des \u00e2ges, adopt\u00e9 par presque toutes les religions : embaumement en Egypte, l\u2019arbre du Jardin D\u2019Eden, l\u2019Encens offert \u00e0 l\u2019enfant J\u00e9sus, odeur favorite du proph\u00e8te Mahomet\u2026 Son odeur fascine par ses notes cuir\u00e9es, bois\u00e9es, \u00e9pic\u00e9es, animales\u2026 un m\u00e9lange envo\u00fbtant et raffin\u00e9.<\/p>\n<p>Cette eau de parfum est compos\u00e9e \u00e0 85 % d\u2019ingr\u00e9dients naturels.<\/p>\n<p>Laurence Dumont s\u00e9lectionne des ingr\u00e9dients purs de grande qualit\u00e9 dans la nature environnante et des extraits de vanille naturelle de Madagascar et du Mexique. Ils sont associ\u00e9s \u00e0 un alcool 100% naturel, garanti sans phtalate pour obtenir des compositions aux notes sinc\u00e8res qui prennent vie sur la peau.<\/p>\n<p>Dans le respect des traditions, 21 jours de mac\u00e9ration sont n\u00e9cessaires pour garantir une construction olfactive \u00e9quilibr\u00e9e. Ce travail permet l&rsquo;alliance subtile de l\u2019ensemble des ingr\u00e9dients. Un soin particulier est aussi apport\u00e9 aux \u00e9tapes de gla\u00e7age et de filtration qui d\u00e9terminent la stabilit\u00e9 et la constance des compositions dans le temps.<\/p>\n","protected":false},"featured_media":8798,"comment_status":"open","ping_status":"closed","template":"","meta":[],"product_brand":[],"product_cat":[17],"product_tag":[],"class_list":{"0":"post-11962","1":"product","2":"type-product","3":"status-publish","4":"has-post-thumbnail","6":"product_cat-non-classe","8":"first","9":"instock","10":"taxable","11":"shipping-taxable","12":"purchasable","13":"product-type-simple"},"yoast_head":"<!-- This site is optimized with the Yoast SEO plugin v25.6 - https:\/\/yoast.com\/wordpress\/plugins\/seo\/ -->\n<title>parfum black oud 100ml - Graine de coton - Parapharmacie<\/title>\n<meta name=\"robots\" content=\"index, follow, max-snippet:-1, max-image-preview:large, max-video-preview:-1\" \/>\n<link rel=\"canonical\" href=\"https:\/\/grainedecoton.fr\/wordpress\/produit\/parfum-black-oud-100ml\/\" \/>\n<meta property=\"og:locale\" content=\"fr_FR\" \/>\n<meta property=\"og:type\" content=\"article\" \/>\n<meta property=\"og:title\" content=\"parfum black oud 100ml - Graine de coton - Parapharmacie\" \/>\n<meta property=\"og:description\" content=\"parfum black oud 100ml  Au d\u00e9part d\u00e9routante, elle est rapidement sublim\u00e9e par les notes puissantes et sauvages du Patchouli. Un final doux et riche vous offrant un sillage tr\u00e8s envo\u00fbtant. En d\u2019autres mots, une arme de s\u00e9duction irr\u00e9sistible.  Viril et \u00e9l\u00e9gant \u00e0 la fois, on succombe vite au charme des notes chaleureuses et rassurantes de ce jus puissant. L\u2019Eau de Parfum Black Oud est addictive, tr\u00e8s port\u00e9e sur l\u2019encens et profonde. Nous connaissons autant d\u2019hommes que de femmes qui ont adopt\u00e9 cette fragrance unique au quotidien.  Laurence Dumont a pour volont\u00e9 de composer des cr\u00e9ations parfum\u00e9es avec des mati\u00e8res de grande qualit\u00e9 venues d\u2019ici et d\u2019ailleurs. Ils ont s\u00e9lectionn\u00e9 le bois d\u2019Oud, une mati\u00e8re orientale d&#039;exception, essence symbolique de l\u2019Orient.  L\u2019Oud vient d\u2019un arbre rare pr\u00e9sent en Asie du Sud-Est (Cambodge, Laos, Malaisie, Tha\u00eflande...). Pour se prot\u00e9ger d\u2019un champignon parasite, l\u2019arbre produit une r\u00e9sine parfum\u00e9e aux facettes riches et multiples. Cette r\u00e9sine est l\u2019OUD. Depuis des mill\u00e9naires, l\u2019Oud est connu pour ses propri\u00e9t\u00e9s purifiantes. Il est consid\u00e9r\u00e9 comme une manifestation divine, susceptible de purifier le corps et l\u2019esprit. Il a \u00e9t\u00e9, au fil des \u00e2ges, adopt\u00e9 par presque toutes les religions : embaumement en Egypte, l\u2019arbre du Jardin D\u2019Eden, l\u2019Encens offert \u00e0 l\u2019enfant J\u00e9sus, odeur favorite du proph\u00e8te Mahomet\u2026 Son odeur fascine par ses notes cuir\u00e9es, bois\u00e9es, \u00e9pic\u00e9es, animales\u2026 un m\u00e9lange envo\u00fbtant et raffin\u00e9.  Cette eau de parfum est compos\u00e9e \u00e0 85 % d\u2019ingr\u00e9dients naturels.  Laurence Dumont s\u00e9lectionne des ingr\u00e9dients purs de grande qualit\u00e9 dans la nature environnante et des extraits de vanille naturelle de Madagascar et du Mexique. Ils sont associ\u00e9s \u00e0 un alcool 100% naturel, garanti sans phtalate pour obtenir des compositions aux notes sinc\u00e8res qui prennent vie sur la peau.  Dans le respect des traditions, 21 jours de mac\u00e9ration sont n\u00e9cessaires pour garantir une construction olfactive \u00e9quilibr\u00e9e. Ce travail permet l&#039;alliance subtile de l\u2019ensemble des ingr\u00e9dients. Un soin particulier est aussi apport\u00e9 aux \u00e9tapes de gla\u00e7age et de filtration qui d\u00e9terminent la stabilit\u00e9 et la constance des compositions dans le temps.\" \/>\n<meta property=\"og:url\" content=\"https:\/\/grainedecoton.fr\/wordpress\/produit\/parfum-black-oud-100ml\/\" \/>\n<meta property=\"og:site_name\" content=\"Graine de coton - Parapharmacie\" \/>\n<meta property=\"article:publisher\" content=\"https:\/\/www.facebook.com\/pages\/category\/Pharmacy---Drugstore\/Graine-de-coton-parapharmacie-339080217976\/\" \/>\n<meta property=\"article:modified_time\" content=\"2026-01-22T18:14:20+00:00\" \/>\n<meta property=\"og:image\" content=\"https:\/\/grainedecoton.fr\/wordpress\/wp-content\/uploads\/2019\/10\/black-oud-100-ml.jpg\" \/>\n\t<meta property=\"og:image:width\" content=\"640\" \/>\n\t<meta property=\"og:image:height\" content=\"640\" \/>\n\t<meta property=\"og:image:type\" content=\"image\/jpeg\" \/>\n<meta name=\"twitter:card\" content=\"summary_large_image\" \/>\n<script type=\"application\/ld+json\" class=\"yoast-schema-graph\">{\"@context\":\"https:\/\/schema.org\",\"@graph\":[{\"@type\":\"WebPage\",\"@id\":\"https:\/\/grainedecoton.fr\/wordpress\/produit\/parfum-black-oud-100ml\/\",\"url\":\"https:\/\/grainedecoton.fr\/wordpress\/produit\/parfum-black-oud-100ml\/\",\"name\":\"parfum black oud 100ml - Graine de coton - Parapharmacie\",\"isPartOf\":{\"@id\":\"https:\/\/grainedecoton.fr\/wordpress\/#website\"},\"primaryImageOfPage\":{\"@id\":\"https:\/\/grainedecoton.fr\/wordpress\/produit\/parfum-black-oud-100ml\/#primaryimage\"},\"image\":{\"@id\":\"https:\/\/grainedecoton.fr\/wordpress\/produit\/parfum-black-oud-100ml\/#primaryimage\"},\"thumbnailUrl\":\"https:\/\/grainedecoton.fr\/wordpress\/wp-content\/uploads\/2019\/10\/black-oud-100-ml.jpg\",\"datePublished\":\"2021-03-06T15:19:44+00:00\",\"dateModified\":\"2026-01-22T18:14:20+00:00\",\"breadcrumb\":{\"@id\":\"https:\/\/grainedecoton.fr\/wordpress\/produit\/parfum-black-oud-100ml\/#breadcrumb\"},\"inLanguage\":\"fr-FR\",\"potentialAction\":[{\"@type\":\"ReadAction\",\"target\":[\"https:\/\/grainedecoton.fr\/wordpress\/produit\/parfum-black-oud-100ml\/\"]}]},{\"@type\":\"ImageObject\",\"inLanguage\":\"fr-FR\",\"@id\":\"https:\/\/grainedecoton.fr\/wordpress\/produit\/parfum-black-oud-100ml\/#primaryimage\",\"url\":\"https:\/\/grainedecoton.fr\/wordpress\/wp-content\/uploads\/2019\/10\/black-oud-100-ml.jpg\",\"contentUrl\":\"https:\/\/grainedecoton.fr\/wordpress\/wp-content\/uploads\/2019\/10\/black-oud-100-ml.jpg\",\"width\":640,\"height\":640},{\"@type\":\"BreadcrumbList\",\"@id\":\"https:\/\/grainedecoton.fr\/wordpress\/produit\/parfum-black-oud-100ml\/#breadcrumb\",\"itemListElement\":[{\"@type\":\"ListItem\",\"position\":1,\"name\":\"Accueil\",\"item\":\"https:\/\/grainedecoton.fr\/wordpress\/\"},{\"@type\":\"ListItem\",\"position\":2,\"name\":\"Boutique\",\"item\":\"https:\/\/grainedecoton.fr\/wordpress\/boutique\/\"},{\"@type\":\"ListItem\",\"position\":3,\"name\":\"parfum black oud 100ml\"}]},{\"@type\":\"WebSite\",\"@id\":\"https:\/\/grainedecoton.fr\/wordpress\/#website\",\"url\":\"https:\/\/grainedecoton.fr\/wordpress\/\",\"name\":\"Graine de coton - Parapharmacie\",\"description\":\"Produits Bios et naturels\",\"publisher\":{\"@id\":\"https:\/\/grainedecoton.fr\/wordpress\/#organization\"},\"potentialAction\":[{\"@type\":\"SearchAction\",\"target\":{\"@type\":\"EntryPoint\",\"urlTemplate\":\"https:\/\/grainedecoton.fr\/wordpress\/?s={search_term_string}\"},\"query-input\":{\"@type\":\"PropertyValueSpecification\",\"valueRequired\":true,\"valueName\":\"search_term_string\"}}],\"inLanguage\":\"fr-FR\"},{\"@type\":\"Organization\",\"@id\":\"https:\/\/grainedecoton.fr\/wordpress\/#organization\",\"name\":\"Graine de Coton\",\"url\":\"https:\/\/grainedecoton.fr\/wordpress\/\",\"logo\":{\"@type\":\"ImageObject\",\"inLanguage\":\"fr-FR\",\"@id\":\"https:\/\/grainedecoton.fr\/wordpress\/#\/schema\/logo\/image\/\",\"url\":\"https:\/\/grainedecoton.fr\/wordpress\/wp-content\/uploads\/2018\/11\/logo-graine-de-cotonpt.jpg\",\"contentUrl\":\"https:\/\/grainedecoton.fr\/wordpress\/wp-content\/uploads\/2018\/11\/logo-graine-de-cotonpt.jpg\",\"width\":576,\"height\":149,\"caption\":\"Graine de Coton\"},\"image\":{\"@id\":\"https:\/\/grainedecoton.fr\/wordpress\/#\/schema\/logo\/image\/\"},\"sameAs\":[\"https:\/\/www.facebook.com\/pages\/category\/Pharmacy---Drugstore\/Graine-de-coton-parapharmacie-339080217976\/\"]}]}<\/script>\n<!-- \/ Yoast SEO plugin. -->","yoast_head_json":{"title":"parfum black oud 100ml - Graine de coton - Parapharmacie","robots":{"index":"index","follow":"follow","max-snippet":"max-snippet:-1","max-image-preview":"max-image-preview:large","max-video-preview":"max-video-preview:-1"},"canonical":"https:\/\/grainedecoton.fr\/wordpress\/produit\/parfum-black-oud-100ml\/","og_locale":"fr_FR","og_type":"article","og_title":"parfum black oud 100ml - Graine de coton - Parapharmacie","og_description":"parfum black oud 100ml  Au d\u00e9part d\u00e9routante, elle est rapidement sublim\u00e9e par les notes puissantes et sauvages du Patchouli. Un final doux et riche vous offrant un sillage tr\u00e8s envo\u00fbtant. En d\u2019autres mots, une arme de s\u00e9duction irr\u00e9sistible.  Viril et \u00e9l\u00e9gant \u00e0 la fois, on succombe vite au charme des notes chaleureuses et rassurantes de ce jus puissant. L\u2019Eau de Parfum Black Oud est addictive, tr\u00e8s port\u00e9e sur l\u2019encens et profonde. Nous connaissons autant d\u2019hommes que de femmes qui ont adopt\u00e9 cette fragrance unique au quotidien.  Laurence Dumont a pour volont\u00e9 de composer des cr\u00e9ations parfum\u00e9es avec des mati\u00e8res de grande qualit\u00e9 venues d\u2019ici et d\u2019ailleurs. Ils ont s\u00e9lectionn\u00e9 le bois d\u2019Oud, une mati\u00e8re orientale d'exception, essence symbolique de l\u2019Orient.  L\u2019Oud vient d\u2019un arbre rare pr\u00e9sent en Asie du Sud-Est (Cambodge, Laos, Malaisie, Tha\u00eflande...). Pour se prot\u00e9ger d\u2019un champignon parasite, l\u2019arbre produit une r\u00e9sine parfum\u00e9e aux facettes riches et multiples. Cette r\u00e9sine est l\u2019OUD. Depuis des mill\u00e9naires, l\u2019Oud est connu pour ses propri\u00e9t\u00e9s purifiantes. Il est consid\u00e9r\u00e9 comme une manifestation divine, susceptible de purifier le corps et l\u2019esprit. Il a \u00e9t\u00e9, au fil des \u00e2ges, adopt\u00e9 par presque toutes les religions : embaumement en Egypte, l\u2019arbre du Jardin D\u2019Eden, l\u2019Encens offert \u00e0 l\u2019enfant J\u00e9sus, odeur favorite du proph\u00e8te Mahomet\u2026 Son odeur fascine par ses notes cuir\u00e9es, bois\u00e9es, \u00e9pic\u00e9es, animales\u2026 un m\u00e9lange envo\u00fbtant et raffin\u00e9.  Cette eau de parfum est compos\u00e9e \u00e0 85 % d\u2019ingr\u00e9dients naturels.  Laurence Dumont s\u00e9lectionne des ingr\u00e9dients purs de grande qualit\u00e9 dans la nature environnante et des extraits de vanille naturelle de Madagascar et du Mexique. Ils sont associ\u00e9s \u00e0 un alcool 100% naturel, garanti sans phtalate pour obtenir des compositions aux notes sinc\u00e8res qui prennent vie sur la peau.  Dans le respect des traditions, 21 jours de mac\u00e9ration sont n\u00e9cessaires pour garantir une construction olfactive \u00e9quilibr\u00e9e. Ce travail permet l'alliance subtile de l\u2019ensemble des ingr\u00e9dients. Un soin particulier est aussi apport\u00e9 aux \u00e9tapes de gla\u00e7age et de filtration qui d\u00e9terminent la stabilit\u00e9 et la constance des compositions dans le temps.","og_url":"https:\/\/grainedecoton.fr\/wordpress\/produit\/parfum-black-oud-100ml\/","og_site_name":"Graine de coton - Parapharmacie","article_publisher":"https:\/\/www.facebook.com\/pages\/category\/Pharmacy---Drugstore\/Graine-de-coton-parapharmacie-339080217976\/","article_modified_time":"2026-01-22T18:14:20+00:00","og_image":[{"width":640,"height":640,"url":"https:\/\/grainedecoton.fr\/wordpress\/wp-content\/uploads\/2019\/10\/black-oud-100-ml.jpg","type":"image\/jpeg"}],"twitter_card":"summary_large_image","schema":{"@context":"https:\/\/schema.org","@graph":[{"@type":"WebPage","@id":"https:\/\/grainedecoton.fr\/wordpress\/produit\/parfum-black-oud-100ml\/","url":"https:\/\/grainedecoton.fr\/wordpress\/produit\/parfum-black-oud-100ml\/","name":"parfum black oud 100ml - Graine de coton - Parapharmacie","isPartOf":{"@id":"https:\/\/grainedecoton.fr\/wordpress\/#website"},"primaryImageOfPage":{"@id":"https:\/\/grainedecoton.fr\/wordpress\/produit\/parfum-black-oud-100ml\/#primaryimage"},"image":{"@id":"https:\/\/grainedecoton.fr\/wordpress\/produit\/parfum-black-oud-100ml\/#primaryimage"},"thumbnailUrl":"https:\/\/grainedecoton.fr\/wordpress\/wp-content\/uploads\/2019\/10\/black-oud-100-ml.jpg","datePublished":"2021-03-06T15:19:44+00:00","dateModified":"2026-01-22T18:14:20+00:00","breadcrumb":{"@id":"https:\/\/grainedecoton.fr\/wordpress\/produit\/parfum-black-oud-100ml\/#breadcrumb"},"inLanguage":"fr-FR","potentialAction":[{"@type":"ReadAction","target":["https:\/\/grainedecoton.fr\/wordpress\/produit\/parfum-black-oud-100ml\/"]}]},{"@type":"ImageObject","inLanguage":"fr-FR","@id":"https:\/\/grainedecoton.fr\/wordpress\/produit\/parfum-black-oud-100ml\/#primaryimage","url":"https:\/\/grainedecoton.fr\/wordpress\/wp-content\/uploads\/2019\/10\/black-oud-100-ml.jpg","contentUrl":"https:\/\/grainedecoton.fr\/wordpress\/wp-content\/uploads\/2019\/10\/black-oud-100-ml.jpg","width":640,"height":640},{"@type":"BreadcrumbList","@id":"https:\/\/grainedecoton.fr\/wordpress\/produit\/parfum-black-oud-100ml\/#breadcrumb","itemListElement":[{"@type":"ListItem","position":1,"name":"Accueil","item":"https:\/\/grainedecoton.fr\/wordpress\/"},{"@type":"ListItem","position":2,"name":"Boutique","item":"https:\/\/grainedecoton.fr\/wordpress\/boutique\/"},{"@type":"ListItem","position":3,"name":"parfum black oud 100ml"}]},{"@type":"WebSite","@id":"https:\/\/grainedecoton.fr\/wordpress\/#website","url":"https:\/\/grainedecoton.fr\/wordpress\/","name":"Graine de coton - Parapharmacie","description":"Produits Bios et naturels","publisher":{"@id":"https:\/\/grainedecoton.fr\/wordpress\/#organization"},"potentialAction":[{"@type":"SearchAction","target":{"@type":"EntryPoint","urlTemplate":"https:\/\/grainedecoton.fr\/wordpress\/?s={search_term_string}"},"query-input":{"@type":"PropertyValueSpecification","valueRequired":true,"valueName":"search_term_string"}}],"inLanguage":"fr-FR"},{"@type":"Organization","@id":"https:\/\/grainedecoton.fr\/wordpress\/#organization","name":"Graine de Coton","url":"https:\/\/grainedecoton.fr\/wordpress\/","logo":{"@type":"ImageObject","inLanguage":"fr-FR","@id":"https:\/\/grainedecoton.fr\/wordpress\/#\/schema\/logo\/image\/","url":"https:\/\/grainedecoton.fr\/wordpress\/wp-content\/uploads\/2018\/11\/logo-graine-de-cotonpt.jpg","contentUrl":"https:\/\/grainedecoton.fr\/wordpress\/wp-content\/uploads\/2018\/11\/logo-graine-de-cotonpt.jpg","width":576,"height":149,"caption":"Graine de Coton"},"image":{"@id":"https:\/\/grainedecoton.fr\/wordpress\/#\/schema\/logo\/image\/"},"sameAs":["https:\/\/www.facebook.com\/pages\/category\/Pharmacy---Drugstore\/Graine-de-coton-parapharmacie-339080217976\/"]}]}},"_links":{"self":[{"href":"https:\/\/grainedecoton.fr\/wordpress\/wp-json\/wp\/v2\/product\/11962"}],"collection":[{"href":"https:\/\/grainedecoton.fr\/wordpress\/wp-json\/wp\/v2\/product"}],"about":[{"href":"https:\/\/grainedecoton.fr\/wordpress\/wp-json\/wp\/v2\/types\/product"}],"replies":[{"embeddable":true,"href":"https:\/\/grainedecoton.fr\/wordpress\/wp-json\/wp\/v2\/comments?post=11962"}],"wp:featuredmedia":[{"embeddable":true,"href":"https:\/\/grainedecoton.fr\/wordpress\/wp-json\/wp\/v2\/media\/8798"}],"wp:attachment":[{"href":"https:\/\/grainedecoton.fr\/wordpress\/wp-json\/wp\/v2\/media?parent=11962"}],"wp:term":[{"taxonomy":"product_brand","embeddable":true,"href":"https:\/\/grainedecoton.fr\/wordpress\/wp-json\/wp\/v2\/product_brand?post=11962"},{"taxonomy":"product_cat","embeddable":true,"href":"https:\/\/grainedecoton.fr\/wordpress\/wp-json\/wp\/v2\/product_cat?post=11962"},{"taxonomy":"product_tag","embeddable":true,"href":"https:\/\/grainedecoton.fr\/wordpress\/wp-json\/wp\/v2\/product_tag?post=11962"}],"curies":[{"name":"wp","href":"https:\/\/api.w.org\/{rel}","templated":true}]}}