{"id":10843,"date":"2021-03-06T15:57:37","date_gmt":"2021-03-06T14:57:37","guid":{"rendered":"https:\/\/grainedecoton.fr\/wordpress\/produit\/101-yeux-crayon-noir\/"},"modified":"2026-01-02T13:07:22","modified_gmt":"2026-01-02T12:07:22","slug":"101-yeux-crayon-noir","status":"publish","type":"product","link":"https:\/\/grainedecoton.fr\/wordpress\/produit\/101-yeux-crayon-noir\/","title":{"rendered":"101 Yeux crayon  noir"},"content":{"rendered":"","protected":false},"excerpt":{"rendered":"<p>101 Yeux crayon noir<\/p>\n<p><strong>Objectif :<\/p>\n<p><\/strong>1\/ Intensifier le regard avec une application sur le contour de l\u2019\u0153il.<\/p>\n<p>2\/ Agrandir le regard en appliquant les couleurs claires \u00e0 l\u2019int\u00e9rieur de l\u2019\u0153il.<\/p>\n<p><strong>Avantages :<\/strong>\u00a0Excellente \u00e9criture \/ Pr\u00e9cision du trac\u00e9 gr\u00e2ce \u00e0 sa mine semi-dure \/ Un produit compl\u00e8tement naturel, contenant des actifs protecteurs \/ Excellente tenue.<\/p>\n<p><strong>Ingr\u00e9dients actifs :<\/p>\n<p><\/strong><strong>Beurre de karit\u00e9 bio<\/strong>\u00a0(Butyrospermum parkii (Shea butter) extract) : protecteur, hydratant<sup>a<\/sup>\u00a0et nourrissant.<\/p>\n<p><strong>Bisabolol<\/strong>\u00a0(Bisabolol) : actif cosm\u00e9tique apaisant et anti-inflammatoire.<\/p>\n<p><strong>Poudre d&rsquo;argan bio<\/strong>\u00a0: (Argania Spinosa shell powder) : adoucissante et antioxydante.<\/p>\n<p><strong>Huile de tournesol<\/strong>\u00a0(Helianthus annuus seed oil) : adoucissante et nourrissante.<\/p>\n<div class=\"mentionsficheproduit\"><sup>a<\/sup>\u00a0Hydrate les couches sup\u00e9rieures de l\u2019\u00e9piderme<\/div>\n<div class=\"mentionsficheproduit\"><\/div>\n<p>3% d&rsquo;ingr\u00e9dients actifs<\/p>\n<p>100% du total des ingr\u00e9dients sont d\u2019origine naturelle dont\u00a010% sont issus de l\u2019Agriculture Biologique<\/p>\n","protected":false},"featured_media":8799,"comment_status":"open","ping_status":"closed","template":"","meta":[],"product_brand":[],"product_cat":[17],"product_tag":[],"class_list":{"0":"post-10843","1":"product","2":"type-product","3":"status-publish","4":"has-post-thumbnail","6":"product_cat-non-classe","8":"first","9":"instock","10":"taxable","11":"shipping-taxable","12":"purchasable","13":"product-type-simple"},"yoast_head":"<!-- This site is optimized with the Yoast SEO plugin v25.6 - https:\/\/yoast.com\/wordpress\/plugins\/seo\/ -->\n<title>101 Yeux crayon noir - Graine de coton - Parapharmacie<\/title>\n<meta name=\"robots\" content=\"index, follow, max-snippet:-1, max-image-preview:large, max-video-preview:-1\" \/>\n<link rel=\"canonical\" href=\"https:\/\/grainedecoton.fr\/wordpress\/produit\/101-yeux-crayon-noir\/\" \/>\n<meta property=\"og:locale\" content=\"fr_FR\" \/>\n<meta property=\"og:type\" content=\"article\" \/>\n<meta property=\"og:title\" content=\"101 Yeux crayon noir - Graine de coton - Parapharmacie\" \/>\n<meta property=\"og:description\" content=\"101 Yeux crayon noir  Objectif : 1\/ Intensifier le regard avec une application sur le contour de l\u2019\u0153il.  2\/ Agrandir le regard en appliquant les couleurs claires \u00e0 l\u2019int\u00e9rieur de l\u2019\u0153il.  Avantages :\u00a0Excellente \u00e9criture \/ Pr\u00e9cision du trac\u00e9 gr\u00e2ce \u00e0 sa mine semi-dure \/ Un produit compl\u00e8tement naturel, contenant des actifs protecteurs \/ Excellente tenue.  Ingr\u00e9dients actifs : Beurre de karit\u00e9 bio\u00a0(Butyrospermum parkii (Shea butter) extract) : protecteur, hydratanta\u00a0et nourrissant. Bisabolol\u00a0(Bisabolol) : actif cosm\u00e9tique apaisant et anti-inflammatoire. Poudre d&#039;argan bio\u00a0: (Argania Spinosa shell powder) : adoucissante et antioxydante. Huile de tournesol\u00a0(Helianthus annuus seed oil) : adoucissante et nourrissante. a\u00a0Hydrate les couches sup\u00e9rieures de l\u2019\u00e9piderme  3% d&#039;ingr\u00e9dients actifs 100% du total des ingr\u00e9dients sont d\u2019origine naturelle dont\u00a010% sont issus de l\u2019Agriculture Biologique\" \/>\n<meta property=\"og:url\" content=\"https:\/\/grainedecoton.fr\/wordpress\/produit\/101-yeux-crayon-noir\/\" \/>\n<meta property=\"og:site_name\" content=\"Graine de coton - Parapharmacie\" \/>\n<meta property=\"article:publisher\" content=\"https:\/\/www.facebook.com\/pages\/category\/Pharmacy---Drugstore\/Graine-de-coton-parapharmacie-339080217976\/\" \/>\n<meta property=\"article:modified_time\" content=\"2026-01-02T12:07:22+00:00\" \/>\n<meta property=\"og:image\" content=\"https:\/\/grainedecoton.fr\/wordpress\/wp-content\/uploads\/2019\/10\/crayons-yeux-regard-de-moi.jpg\" \/>\n\t<meta property=\"og:image:width\" content=\"640\" \/>\n\t<meta property=\"og:image:height\" content=\"640\" \/>\n\t<meta property=\"og:image:type\" content=\"image\/jpeg\" \/>\n<meta name=\"twitter:card\" content=\"summary_large_image\" \/>\n<script type=\"application\/ld+json\" class=\"yoast-schema-graph\">{\"@context\":\"https:\/\/schema.org\",\"@graph\":[{\"@type\":\"WebPage\",\"@id\":\"https:\/\/grainedecoton.fr\/wordpress\/produit\/101-yeux-crayon-noir\/\",\"url\":\"https:\/\/grainedecoton.fr\/wordpress\/produit\/101-yeux-crayon-noir\/\",\"name\":\"101 Yeux crayon noir - Graine de coton - Parapharmacie\",\"isPartOf\":{\"@id\":\"https:\/\/grainedecoton.fr\/wordpress\/#website\"},\"primaryImageOfPage\":{\"@id\":\"https:\/\/grainedecoton.fr\/wordpress\/produit\/101-yeux-crayon-noir\/#primaryimage\"},\"image\":{\"@id\":\"https:\/\/grainedecoton.fr\/wordpress\/produit\/101-yeux-crayon-noir\/#primaryimage\"},\"thumbnailUrl\":\"https:\/\/grainedecoton.fr\/wordpress\/wp-content\/uploads\/2019\/10\/crayons-yeux-regard-de-moi.jpg\",\"datePublished\":\"2021-03-06T14:57:37+00:00\",\"dateModified\":\"2026-01-02T12:07:22+00:00\",\"breadcrumb\":{\"@id\":\"https:\/\/grainedecoton.fr\/wordpress\/produit\/101-yeux-crayon-noir\/#breadcrumb\"},\"inLanguage\":\"fr-FR\",\"potentialAction\":[{\"@type\":\"ReadAction\",\"target\":[\"https:\/\/grainedecoton.fr\/wordpress\/produit\/101-yeux-crayon-noir\/\"]}]},{\"@type\":\"ImageObject\",\"inLanguage\":\"fr-FR\",\"@id\":\"https:\/\/grainedecoton.fr\/wordpress\/produit\/101-yeux-crayon-noir\/#primaryimage\",\"url\":\"https:\/\/grainedecoton.fr\/wordpress\/wp-content\/uploads\/2019\/10\/crayons-yeux-regard-de-moi.jpg\",\"contentUrl\":\"https:\/\/grainedecoton.fr\/wordpress\/wp-content\/uploads\/2019\/10\/crayons-yeux-regard-de-moi.jpg\",\"width\":640,\"height\":640},{\"@type\":\"BreadcrumbList\",\"@id\":\"https:\/\/grainedecoton.fr\/wordpress\/produit\/101-yeux-crayon-noir\/#breadcrumb\",\"itemListElement\":[{\"@type\":\"ListItem\",\"position\":1,\"name\":\"Accueil\",\"item\":\"https:\/\/grainedecoton.fr\/wordpress\/\"},{\"@type\":\"ListItem\",\"position\":2,\"name\":\"Boutique\",\"item\":\"https:\/\/grainedecoton.fr\/wordpress\/boutique\/\"},{\"@type\":\"ListItem\",\"position\":3,\"name\":\"101 Yeux crayon noir\"}]},{\"@type\":\"WebSite\",\"@id\":\"https:\/\/grainedecoton.fr\/wordpress\/#website\",\"url\":\"https:\/\/grainedecoton.fr\/wordpress\/\",\"name\":\"Graine de coton - Parapharmacie\",\"description\":\"Produits Bios et naturels\",\"publisher\":{\"@id\":\"https:\/\/grainedecoton.fr\/wordpress\/#organization\"},\"potentialAction\":[{\"@type\":\"SearchAction\",\"target\":{\"@type\":\"EntryPoint\",\"urlTemplate\":\"https:\/\/grainedecoton.fr\/wordpress\/?s={search_term_string}\"},\"query-input\":{\"@type\":\"PropertyValueSpecification\",\"valueRequired\":true,\"valueName\":\"search_term_string\"}}],\"inLanguage\":\"fr-FR\"},{\"@type\":\"Organization\",\"@id\":\"https:\/\/grainedecoton.fr\/wordpress\/#organization\",\"name\":\"Graine de Coton\",\"url\":\"https:\/\/grainedecoton.fr\/wordpress\/\",\"logo\":{\"@type\":\"ImageObject\",\"inLanguage\":\"fr-FR\",\"@id\":\"https:\/\/grainedecoton.fr\/wordpress\/#\/schema\/logo\/image\/\",\"url\":\"https:\/\/grainedecoton.fr\/wordpress\/wp-content\/uploads\/2018\/11\/logo-graine-de-cotonpt.jpg\",\"contentUrl\":\"https:\/\/grainedecoton.fr\/wordpress\/wp-content\/uploads\/2018\/11\/logo-graine-de-cotonpt.jpg\",\"width\":576,\"height\":149,\"caption\":\"Graine de Coton\"},\"image\":{\"@id\":\"https:\/\/grainedecoton.fr\/wordpress\/#\/schema\/logo\/image\/\"},\"sameAs\":[\"https:\/\/www.facebook.com\/pages\/category\/Pharmacy---Drugstore\/Graine-de-coton-parapharmacie-339080217976\/\"]}]}<\/script>\n<!-- \/ Yoast SEO plugin. -->","yoast_head_json":{"title":"101 Yeux crayon noir - Graine de coton - Parapharmacie","robots":{"index":"index","follow":"follow","max-snippet":"max-snippet:-1","max-image-preview":"max-image-preview:large","max-video-preview":"max-video-preview:-1"},"canonical":"https:\/\/grainedecoton.fr\/wordpress\/produit\/101-yeux-crayon-noir\/","og_locale":"fr_FR","og_type":"article","og_title":"101 Yeux crayon noir - Graine de coton - Parapharmacie","og_description":"101 Yeux crayon noir  Objectif : 1\/ Intensifier le regard avec une application sur le contour de l\u2019\u0153il.  2\/ Agrandir le regard en appliquant les couleurs claires \u00e0 l\u2019int\u00e9rieur de l\u2019\u0153il.  Avantages :\u00a0Excellente \u00e9criture \/ Pr\u00e9cision du trac\u00e9 gr\u00e2ce \u00e0 sa mine semi-dure \/ Un produit compl\u00e8tement naturel, contenant des actifs protecteurs \/ Excellente tenue.  Ingr\u00e9dients actifs : Beurre de karit\u00e9 bio\u00a0(Butyrospermum parkii (Shea butter) extract) : protecteur, hydratanta\u00a0et nourrissant. Bisabolol\u00a0(Bisabolol) : actif cosm\u00e9tique apaisant et anti-inflammatoire. Poudre d'argan bio\u00a0: (Argania Spinosa shell powder) : adoucissante et antioxydante. Huile de tournesol\u00a0(Helianthus annuus seed oil) : adoucissante et nourrissante. a\u00a0Hydrate les couches sup\u00e9rieures de l\u2019\u00e9piderme  3% d'ingr\u00e9dients actifs 100% du total des ingr\u00e9dients sont d\u2019origine naturelle dont\u00a010% sont issus de l\u2019Agriculture Biologique","og_url":"https:\/\/grainedecoton.fr\/wordpress\/produit\/101-yeux-crayon-noir\/","og_site_name":"Graine de coton - Parapharmacie","article_publisher":"https:\/\/www.facebook.com\/pages\/category\/Pharmacy---Drugstore\/Graine-de-coton-parapharmacie-339080217976\/","article_modified_time":"2026-01-02T12:07:22+00:00","og_image":[{"width":640,"height":640,"url":"https:\/\/grainedecoton.fr\/wordpress\/wp-content\/uploads\/2019\/10\/crayons-yeux-regard-de-moi.jpg","type":"image\/jpeg"}],"twitter_card":"summary_large_image","schema":{"@context":"https:\/\/schema.org","@graph":[{"@type":"WebPage","@id":"https:\/\/grainedecoton.fr\/wordpress\/produit\/101-yeux-crayon-noir\/","url":"https:\/\/grainedecoton.fr\/wordpress\/produit\/101-yeux-crayon-noir\/","name":"101 Yeux crayon noir - Graine de coton - Parapharmacie","isPartOf":{"@id":"https:\/\/grainedecoton.fr\/wordpress\/#website"},"primaryImageOfPage":{"@id":"https:\/\/grainedecoton.fr\/wordpress\/produit\/101-yeux-crayon-noir\/#primaryimage"},"image":{"@id":"https:\/\/grainedecoton.fr\/wordpress\/produit\/101-yeux-crayon-noir\/#primaryimage"},"thumbnailUrl":"https:\/\/grainedecoton.fr\/wordpress\/wp-content\/uploads\/2019\/10\/crayons-yeux-regard-de-moi.jpg","datePublished":"2021-03-06T14:57:37+00:00","dateModified":"2026-01-02T12:07:22+00:00","breadcrumb":{"@id":"https:\/\/grainedecoton.fr\/wordpress\/produit\/101-yeux-crayon-noir\/#breadcrumb"},"inLanguage":"fr-FR","potentialAction":[{"@type":"ReadAction","target":["https:\/\/grainedecoton.fr\/wordpress\/produit\/101-yeux-crayon-noir\/"]}]},{"@type":"ImageObject","inLanguage":"fr-FR","@id":"https:\/\/grainedecoton.fr\/wordpress\/produit\/101-yeux-crayon-noir\/#primaryimage","url":"https:\/\/grainedecoton.fr\/wordpress\/wp-content\/uploads\/2019\/10\/crayons-yeux-regard-de-moi.jpg","contentUrl":"https:\/\/grainedecoton.fr\/wordpress\/wp-content\/uploads\/2019\/10\/crayons-yeux-regard-de-moi.jpg","width":640,"height":640},{"@type":"BreadcrumbList","@id":"https:\/\/grainedecoton.fr\/wordpress\/produit\/101-yeux-crayon-noir\/#breadcrumb","itemListElement":[{"@type":"ListItem","position":1,"name":"Accueil","item":"https:\/\/grainedecoton.fr\/wordpress\/"},{"@type":"ListItem","position":2,"name":"Boutique","item":"https:\/\/grainedecoton.fr\/wordpress\/boutique\/"},{"@type":"ListItem","position":3,"name":"101 Yeux crayon noir"}]},{"@type":"WebSite","@id":"https:\/\/grainedecoton.fr\/wordpress\/#website","url":"https:\/\/grainedecoton.fr\/wordpress\/","name":"Graine de coton - Parapharmacie","description":"Produits Bios et naturels","publisher":{"@id":"https:\/\/grainedecoton.fr\/wordpress\/#organization"},"potentialAction":[{"@type":"SearchAction","target":{"@type":"EntryPoint","urlTemplate":"https:\/\/grainedecoton.fr\/wordpress\/?s={search_term_string}"},"query-input":{"@type":"PropertyValueSpecification","valueRequired":true,"valueName":"search_term_string"}}],"inLanguage":"fr-FR"},{"@type":"Organization","@id":"https:\/\/grainedecoton.fr\/wordpress\/#organization","name":"Graine de Coton","url":"https:\/\/grainedecoton.fr\/wordpress\/","logo":{"@type":"ImageObject","inLanguage":"fr-FR","@id":"https:\/\/grainedecoton.fr\/wordpress\/#\/schema\/logo\/image\/","url":"https:\/\/grainedecoton.fr\/wordpress\/wp-content\/uploads\/2018\/11\/logo-graine-de-cotonpt.jpg","contentUrl":"https:\/\/grainedecoton.fr\/wordpress\/wp-content\/uploads\/2018\/11\/logo-graine-de-cotonpt.jpg","width":576,"height":149,"caption":"Graine de Coton"},"image":{"@id":"https:\/\/grainedecoton.fr\/wordpress\/#\/schema\/logo\/image\/"},"sameAs":["https:\/\/www.facebook.com\/pages\/category\/Pharmacy---Drugstore\/Graine-de-coton-parapharmacie-339080217976\/"]}]}},"_links":{"self":[{"href":"https:\/\/grainedecoton.fr\/wordpress\/wp-json\/wp\/v2\/product\/10843"}],"collection":[{"href":"https:\/\/grainedecoton.fr\/wordpress\/wp-json\/wp\/v2\/product"}],"about":[{"href":"https:\/\/grainedecoton.fr\/wordpress\/wp-json\/wp\/v2\/types\/product"}],"replies":[{"embeddable":true,"href":"https:\/\/grainedecoton.fr\/wordpress\/wp-json\/wp\/v2\/comments?post=10843"}],"wp:featuredmedia":[{"embeddable":true,"href":"https:\/\/grainedecoton.fr\/wordpress\/wp-json\/wp\/v2\/media\/8799"}],"wp:attachment":[{"href":"https:\/\/grainedecoton.fr\/wordpress\/wp-json\/wp\/v2\/media?parent=10843"}],"wp:term":[{"taxonomy":"product_brand","embeddable":true,"href":"https:\/\/grainedecoton.fr\/wordpress\/wp-json\/wp\/v2\/product_brand?post=10843"},{"taxonomy":"product_cat","embeddable":true,"href":"https:\/\/grainedecoton.fr\/wordpress\/wp-json\/wp\/v2\/product_cat?post=10843"},{"taxonomy":"product_tag","embeddable":true,"href":"https:\/\/grainedecoton.fr\/wordpress\/wp-json\/wp\/v2\/product_tag?post=10843"}],"curies":[{"name":"wp","href":"https:\/\/api.w.org\/{rel}","templated":true}]}}