{"id":10841,"date":"2021-03-06T15:57:37","date_gmt":"2021-03-06T14:57:37","guid":{"rendered":"https:\/\/grainedecoton.fr\/wordpress\/produit\/822-fdt-mineral-beige-dore\/"},"modified":"2026-02-19T09:44:47","modified_gmt":"2026-02-19T08:44:47","slug":"822-fdt-mineral-beige-dore","status":"publish","type":"product","link":"https:\/\/grainedecoton.fr\/wordpress\/produit\/822-fdt-mineral-beige-dore\/","title":{"rendered":"822 FDT mineral beige dor\u00e9"},"content":{"rendered":"","protected":false},"excerpt":{"rendered":"<p>822 FDT mineral beige dor\u00e9<\/p>\n<p><strong>Objectif :<\/strong>\u00a0Unifier parfaitement le teint.<\/p>\n<p><strong>Application<\/strong>\u00a0:\u00a0Apr\u00e8s la base de maquillage, appliquez un voile de Poudre de soie \u00e0 l\u2019aide du\u00a0<a href=\"http:\/\/www.missw.fr\/boutique\/accessoires\/366-mon-pinceau-poudre-n1.html\">pinceau poudre n\u00b01<\/a>\u00a0puis unifiez le teint avec le fond de teint poudre min\u00e9rale. Versez un peu de poudre dans le couvercle, \u00e9crasez les min\u00e9raux avec le\u00a0<a href=\"http:\/\/www.missw.fr\/boutique\/accessoires\/365-mon-pinceau-kabuki-n2.html\">pinceau kabuki n\u00b02<\/a>\u00a0en le faisant tourner. Tapotez contre le couvercle pour retirer l\u2019exc\u00e9dent de poudre puis appliquez par mouvements circulaires sur votre visage.<\/p>\n<p><strong>Avantages :<\/strong>\u00a0Teint velout\u00e9 et \u00e9clatant \/ R\u00e9sultat naturel \/ Laisse la peau respirer sans se dess\u00e9cher \/ Fini soyeux \/ Longue tenue \/ Convient \u00e0 tous les types de peaux \/ Composition sans talc et sans parfum.<\/p>\n<p>10,4% d&rsquo;ingr\u00e9dients actifs<\/p>\n<p>99% du total des ingr\u00e9dients sont d\u2019origine naturelle<\/p>\n<p>10,25% du total des ingr\u00e9dients sont issus de l\u2019agriculture biologique<\/p>\n<p><strong>Ingr\u00e9dients actifs :<\/strong><\/p>\n<p><strong>Mica<\/strong>\u00a0(Mica) : adoucissant, matifiant et apporte de la couvrance.<\/p>\n<p><strong>Huile de cranberry<\/strong>\u00a0(Oxycoccus palustris (Cranberry) seed oil) : anti-\u00e2ge, antioxydant puissant et antimicrobien.<\/p>\n<p><strong>Poudre de riz bio<\/strong>\u00a0(Oryza sativa (Rice) powder) : toucher tr\u00e8s doux et effet matifiant.<\/p>\n<p><strong>Pigments min\u00e9raux<\/strong>\u00a0(Oxydes de fer) : apport de couleur.<\/p>\n","protected":false},"featured_media":8800,"comment_status":"open","ping_status":"closed","template":"","meta":[],"product_brand":[],"product_cat":[17],"product_tag":[],"class_list":{"0":"post-10841","1":"product","2":"type-product","3":"status-publish","4":"has-post-thumbnail","6":"product_cat-non-classe","8":"first","9":"instock","10":"taxable","11":"shipping-taxable","12":"purchasable","13":"product-type-simple"},"yoast_head":"<!-- This site is optimized with the Yoast SEO plugin v25.6 - https:\/\/yoast.com\/wordpress\/plugins\/seo\/ -->\n<title>822 FDT mineral beige dor\u00e9 - Graine de coton - Parapharmacie<\/title>\n<meta name=\"robots\" content=\"index, follow, max-snippet:-1, max-image-preview:large, max-video-preview:-1\" \/>\n<link rel=\"canonical\" href=\"https:\/\/grainedecoton.fr\/wordpress\/produit\/822-fdt-mineral-beige-dore\/\" \/>\n<meta property=\"og:locale\" content=\"fr_FR\" \/>\n<meta property=\"og:type\" content=\"article\" \/>\n<meta property=\"og:title\" content=\"822 FDT mineral beige dor\u00e9 - Graine de coton - Parapharmacie\" \/>\n<meta property=\"og:description\" content=\"822 FDT mineral beige dor\u00e9  Objectif :\u00a0Unifier parfaitement le teint.  Application\u00a0:\u00a0Apr\u00e8s la base de maquillage, appliquez un voile de Poudre de soie \u00e0 l\u2019aide du\u00a0pinceau poudre n\u00b01\u00a0puis unifiez le teint avec le fond de teint poudre min\u00e9rale. Versez un peu de poudre dans le couvercle, \u00e9crasez les min\u00e9raux avec le\u00a0pinceau kabuki n\u00b02\u00a0en le faisant tourner. Tapotez contre le couvercle pour retirer l\u2019exc\u00e9dent de poudre puis appliquez par mouvements circulaires sur votre visage.  Avantages :\u00a0Teint velout\u00e9 et \u00e9clatant \/ R\u00e9sultat naturel \/ Laisse la peau respirer sans se dess\u00e9cher \/ Fini soyeux \/ Longue tenue \/ Convient \u00e0 tous les types de peaux \/ Composition sans talc et sans parfum.  10,4% d&#039;ingr\u00e9dients actifs 99% du total des ingr\u00e9dients sont d\u2019origine naturelle 10,25% du total des ingr\u00e9dients sont issus de l\u2019agriculture biologique  Ingr\u00e9dients actifs :  Mica\u00a0(Mica) : adoucissant, matifiant et apporte de la couvrance. Huile de cranberry\u00a0(Oxycoccus palustris (Cranberry) seed oil) : anti-\u00e2ge, antioxydant puissant et antimicrobien. Poudre de riz bio\u00a0(Oryza sativa (Rice) powder) : toucher tr\u00e8s doux et effet matifiant. Pigments min\u00e9raux\u00a0(Oxydes de fer) : apport de couleur.\" \/>\n<meta property=\"og:url\" content=\"https:\/\/grainedecoton.fr\/wordpress\/produit\/822-fdt-mineral-beige-dore\/\" \/>\n<meta property=\"og:site_name\" content=\"Graine de coton - Parapharmacie\" \/>\n<meta property=\"article:publisher\" content=\"https:\/\/www.facebook.com\/pages\/category\/Pharmacy---Drugstore\/Graine-de-coton-parapharmacie-339080217976\/\" \/>\n<meta property=\"article:modified_time\" content=\"2026-02-19T08:44:47+00:00\" \/>\n<meta property=\"og:image\" content=\"https:\/\/grainedecoton.fr\/wordpress\/wp-content\/uploads\/2019\/10\/fond-de-teint-poudre-minerale-vite-fait-parfait-.jpg\" \/>\n\t<meta property=\"og:image:width\" content=\"640\" \/>\n\t<meta property=\"og:image:height\" content=\"640\" \/>\n\t<meta property=\"og:image:type\" content=\"image\/jpeg\" \/>\n<meta name=\"twitter:card\" content=\"summary_large_image\" \/>\n<script type=\"application\/ld+json\" class=\"yoast-schema-graph\">{\"@context\":\"https:\/\/schema.org\",\"@graph\":[{\"@type\":\"WebPage\",\"@id\":\"https:\/\/grainedecoton.fr\/wordpress\/produit\/822-fdt-mineral-beige-dore\/\",\"url\":\"https:\/\/grainedecoton.fr\/wordpress\/produit\/822-fdt-mineral-beige-dore\/\",\"name\":\"822 FDT mineral beige dor\u00e9 - Graine de coton - Parapharmacie\",\"isPartOf\":{\"@id\":\"https:\/\/grainedecoton.fr\/wordpress\/#website\"},\"primaryImageOfPage\":{\"@id\":\"https:\/\/grainedecoton.fr\/wordpress\/produit\/822-fdt-mineral-beige-dore\/#primaryimage\"},\"image\":{\"@id\":\"https:\/\/grainedecoton.fr\/wordpress\/produit\/822-fdt-mineral-beige-dore\/#primaryimage\"},\"thumbnailUrl\":\"https:\/\/grainedecoton.fr\/wordpress\/wp-content\/uploads\/2019\/10\/fond-de-teint-poudre-minerale-vite-fait-parfait-.jpg\",\"datePublished\":\"2021-03-06T14:57:37+00:00\",\"dateModified\":\"2026-02-19T08:44:47+00:00\",\"breadcrumb\":{\"@id\":\"https:\/\/grainedecoton.fr\/wordpress\/produit\/822-fdt-mineral-beige-dore\/#breadcrumb\"},\"inLanguage\":\"fr-FR\",\"potentialAction\":[{\"@type\":\"ReadAction\",\"target\":[\"https:\/\/grainedecoton.fr\/wordpress\/produit\/822-fdt-mineral-beige-dore\/\"]}]},{\"@type\":\"ImageObject\",\"inLanguage\":\"fr-FR\",\"@id\":\"https:\/\/grainedecoton.fr\/wordpress\/produit\/822-fdt-mineral-beige-dore\/#primaryimage\",\"url\":\"https:\/\/grainedecoton.fr\/wordpress\/wp-content\/uploads\/2019\/10\/fond-de-teint-poudre-minerale-vite-fait-parfait-.jpg\",\"contentUrl\":\"https:\/\/grainedecoton.fr\/wordpress\/wp-content\/uploads\/2019\/10\/fond-de-teint-poudre-minerale-vite-fait-parfait-.jpg\",\"width\":640,\"height\":640},{\"@type\":\"BreadcrumbList\",\"@id\":\"https:\/\/grainedecoton.fr\/wordpress\/produit\/822-fdt-mineral-beige-dore\/#breadcrumb\",\"itemListElement\":[{\"@type\":\"ListItem\",\"position\":1,\"name\":\"Accueil\",\"item\":\"https:\/\/grainedecoton.fr\/wordpress\/\"},{\"@type\":\"ListItem\",\"position\":2,\"name\":\"Boutique\",\"item\":\"https:\/\/grainedecoton.fr\/wordpress\/boutique\/\"},{\"@type\":\"ListItem\",\"position\":3,\"name\":\"822 FDT mineral beige dor\u00e9\"}]},{\"@type\":\"WebSite\",\"@id\":\"https:\/\/grainedecoton.fr\/wordpress\/#website\",\"url\":\"https:\/\/grainedecoton.fr\/wordpress\/\",\"name\":\"Graine de coton - Parapharmacie\",\"description\":\"Produits Bios et naturels\",\"publisher\":{\"@id\":\"https:\/\/grainedecoton.fr\/wordpress\/#organization\"},\"potentialAction\":[{\"@type\":\"SearchAction\",\"target\":{\"@type\":\"EntryPoint\",\"urlTemplate\":\"https:\/\/grainedecoton.fr\/wordpress\/?s={search_term_string}\"},\"query-input\":{\"@type\":\"PropertyValueSpecification\",\"valueRequired\":true,\"valueName\":\"search_term_string\"}}],\"inLanguage\":\"fr-FR\"},{\"@type\":\"Organization\",\"@id\":\"https:\/\/grainedecoton.fr\/wordpress\/#organization\",\"name\":\"Graine de Coton\",\"url\":\"https:\/\/grainedecoton.fr\/wordpress\/\",\"logo\":{\"@type\":\"ImageObject\",\"inLanguage\":\"fr-FR\",\"@id\":\"https:\/\/grainedecoton.fr\/wordpress\/#\/schema\/logo\/image\/\",\"url\":\"https:\/\/grainedecoton.fr\/wordpress\/wp-content\/uploads\/2018\/11\/logo-graine-de-cotonpt.jpg\",\"contentUrl\":\"https:\/\/grainedecoton.fr\/wordpress\/wp-content\/uploads\/2018\/11\/logo-graine-de-cotonpt.jpg\",\"width\":576,\"height\":149,\"caption\":\"Graine de Coton\"},\"image\":{\"@id\":\"https:\/\/grainedecoton.fr\/wordpress\/#\/schema\/logo\/image\/\"},\"sameAs\":[\"https:\/\/www.facebook.com\/pages\/category\/Pharmacy---Drugstore\/Graine-de-coton-parapharmacie-339080217976\/\"]}]}<\/script>\n<!-- \/ Yoast SEO plugin. -->","yoast_head_json":{"title":"822 FDT mineral beige dor\u00e9 - Graine de coton - Parapharmacie","robots":{"index":"index","follow":"follow","max-snippet":"max-snippet:-1","max-image-preview":"max-image-preview:large","max-video-preview":"max-video-preview:-1"},"canonical":"https:\/\/grainedecoton.fr\/wordpress\/produit\/822-fdt-mineral-beige-dore\/","og_locale":"fr_FR","og_type":"article","og_title":"822 FDT mineral beige dor\u00e9 - Graine de coton - Parapharmacie","og_description":"822 FDT mineral beige dor\u00e9  Objectif :\u00a0Unifier parfaitement le teint.  Application\u00a0:\u00a0Apr\u00e8s la base de maquillage, appliquez un voile de Poudre de soie \u00e0 l\u2019aide du\u00a0pinceau poudre n\u00b01\u00a0puis unifiez le teint avec le fond de teint poudre min\u00e9rale. Versez un peu de poudre dans le couvercle, \u00e9crasez les min\u00e9raux avec le\u00a0pinceau kabuki n\u00b02\u00a0en le faisant tourner. Tapotez contre le couvercle pour retirer l\u2019exc\u00e9dent de poudre puis appliquez par mouvements circulaires sur votre visage.  Avantages :\u00a0Teint velout\u00e9 et \u00e9clatant \/ R\u00e9sultat naturel \/ Laisse la peau respirer sans se dess\u00e9cher \/ Fini soyeux \/ Longue tenue \/ Convient \u00e0 tous les types de peaux \/ Composition sans talc et sans parfum.  10,4% d'ingr\u00e9dients actifs 99% du total des ingr\u00e9dients sont d\u2019origine naturelle 10,25% du total des ingr\u00e9dients sont issus de l\u2019agriculture biologique  Ingr\u00e9dients actifs :  Mica\u00a0(Mica) : adoucissant, matifiant et apporte de la couvrance. Huile de cranberry\u00a0(Oxycoccus palustris (Cranberry) seed oil) : anti-\u00e2ge, antioxydant puissant et antimicrobien. Poudre de riz bio\u00a0(Oryza sativa (Rice) powder) : toucher tr\u00e8s doux et effet matifiant. Pigments min\u00e9raux\u00a0(Oxydes de fer) : apport de couleur.","og_url":"https:\/\/grainedecoton.fr\/wordpress\/produit\/822-fdt-mineral-beige-dore\/","og_site_name":"Graine de coton - Parapharmacie","article_publisher":"https:\/\/www.facebook.com\/pages\/category\/Pharmacy---Drugstore\/Graine-de-coton-parapharmacie-339080217976\/","article_modified_time":"2026-02-19T08:44:47+00:00","og_image":[{"width":640,"height":640,"url":"https:\/\/grainedecoton.fr\/wordpress\/wp-content\/uploads\/2019\/10\/fond-de-teint-poudre-minerale-vite-fait-parfait-.jpg","type":"image\/jpeg"}],"twitter_card":"summary_large_image","schema":{"@context":"https:\/\/schema.org","@graph":[{"@type":"WebPage","@id":"https:\/\/grainedecoton.fr\/wordpress\/produit\/822-fdt-mineral-beige-dore\/","url":"https:\/\/grainedecoton.fr\/wordpress\/produit\/822-fdt-mineral-beige-dore\/","name":"822 FDT mineral beige dor\u00e9 - Graine de coton - Parapharmacie","isPartOf":{"@id":"https:\/\/grainedecoton.fr\/wordpress\/#website"},"primaryImageOfPage":{"@id":"https:\/\/grainedecoton.fr\/wordpress\/produit\/822-fdt-mineral-beige-dore\/#primaryimage"},"image":{"@id":"https:\/\/grainedecoton.fr\/wordpress\/produit\/822-fdt-mineral-beige-dore\/#primaryimage"},"thumbnailUrl":"https:\/\/grainedecoton.fr\/wordpress\/wp-content\/uploads\/2019\/10\/fond-de-teint-poudre-minerale-vite-fait-parfait-.jpg","datePublished":"2021-03-06T14:57:37+00:00","dateModified":"2026-02-19T08:44:47+00:00","breadcrumb":{"@id":"https:\/\/grainedecoton.fr\/wordpress\/produit\/822-fdt-mineral-beige-dore\/#breadcrumb"},"inLanguage":"fr-FR","potentialAction":[{"@type":"ReadAction","target":["https:\/\/grainedecoton.fr\/wordpress\/produit\/822-fdt-mineral-beige-dore\/"]}]},{"@type":"ImageObject","inLanguage":"fr-FR","@id":"https:\/\/grainedecoton.fr\/wordpress\/produit\/822-fdt-mineral-beige-dore\/#primaryimage","url":"https:\/\/grainedecoton.fr\/wordpress\/wp-content\/uploads\/2019\/10\/fond-de-teint-poudre-minerale-vite-fait-parfait-.jpg","contentUrl":"https:\/\/grainedecoton.fr\/wordpress\/wp-content\/uploads\/2019\/10\/fond-de-teint-poudre-minerale-vite-fait-parfait-.jpg","width":640,"height":640},{"@type":"BreadcrumbList","@id":"https:\/\/grainedecoton.fr\/wordpress\/produit\/822-fdt-mineral-beige-dore\/#breadcrumb","itemListElement":[{"@type":"ListItem","position":1,"name":"Accueil","item":"https:\/\/grainedecoton.fr\/wordpress\/"},{"@type":"ListItem","position":2,"name":"Boutique","item":"https:\/\/grainedecoton.fr\/wordpress\/boutique\/"},{"@type":"ListItem","position":3,"name":"822 FDT mineral beige dor\u00e9"}]},{"@type":"WebSite","@id":"https:\/\/grainedecoton.fr\/wordpress\/#website","url":"https:\/\/grainedecoton.fr\/wordpress\/","name":"Graine de coton - Parapharmacie","description":"Produits Bios et naturels","publisher":{"@id":"https:\/\/grainedecoton.fr\/wordpress\/#organization"},"potentialAction":[{"@type":"SearchAction","target":{"@type":"EntryPoint","urlTemplate":"https:\/\/grainedecoton.fr\/wordpress\/?s={search_term_string}"},"query-input":{"@type":"PropertyValueSpecification","valueRequired":true,"valueName":"search_term_string"}}],"inLanguage":"fr-FR"},{"@type":"Organization","@id":"https:\/\/grainedecoton.fr\/wordpress\/#organization","name":"Graine de Coton","url":"https:\/\/grainedecoton.fr\/wordpress\/","logo":{"@type":"ImageObject","inLanguage":"fr-FR","@id":"https:\/\/grainedecoton.fr\/wordpress\/#\/schema\/logo\/image\/","url":"https:\/\/grainedecoton.fr\/wordpress\/wp-content\/uploads\/2018\/11\/logo-graine-de-cotonpt.jpg","contentUrl":"https:\/\/grainedecoton.fr\/wordpress\/wp-content\/uploads\/2018\/11\/logo-graine-de-cotonpt.jpg","width":576,"height":149,"caption":"Graine de Coton"},"image":{"@id":"https:\/\/grainedecoton.fr\/wordpress\/#\/schema\/logo\/image\/"},"sameAs":["https:\/\/www.facebook.com\/pages\/category\/Pharmacy---Drugstore\/Graine-de-coton-parapharmacie-339080217976\/"]}]}},"_links":{"self":[{"href":"https:\/\/grainedecoton.fr\/wordpress\/wp-json\/wp\/v2\/product\/10841"}],"collection":[{"href":"https:\/\/grainedecoton.fr\/wordpress\/wp-json\/wp\/v2\/product"}],"about":[{"href":"https:\/\/grainedecoton.fr\/wordpress\/wp-json\/wp\/v2\/types\/product"}],"replies":[{"embeddable":true,"href":"https:\/\/grainedecoton.fr\/wordpress\/wp-json\/wp\/v2\/comments?post=10841"}],"wp:featuredmedia":[{"embeddable":true,"href":"https:\/\/grainedecoton.fr\/wordpress\/wp-json\/wp\/v2\/media\/8800"}],"wp:attachment":[{"href":"https:\/\/grainedecoton.fr\/wordpress\/wp-json\/wp\/v2\/media?parent=10841"}],"wp:term":[{"taxonomy":"product_brand","embeddable":true,"href":"https:\/\/grainedecoton.fr\/wordpress\/wp-json\/wp\/v2\/product_brand?post=10841"},{"taxonomy":"product_cat","embeddable":true,"href":"https:\/\/grainedecoton.fr\/wordpress\/wp-json\/wp\/v2\/product_cat?post=10841"},{"taxonomy":"product_tag","embeddable":true,"href":"https:\/\/grainedecoton.fr\/wordpress\/wp-json\/wp\/v2\/product_tag?post=10841"}],"curies":[{"name":"wp","href":"https:\/\/api.w.org\/{rel}","templated":true}]}}