{"id":10554,"date":"2021-03-06T15:51:39","date_gmt":"2021-03-06T14:51:39","guid":{"rendered":"https:\/\/grainedecoton.fr\/wordpress\/produit\/bouquet-floral-gelee-demaquillante-200ml\/"},"modified":"2026-01-02T10:55:18","modified_gmt":"2026-01-02T09:55:18","slug":"bouquet-floral-gelee-demaquillante-200ml","status":"publish","type":"product","link":"https:\/\/grainedecoton.fr\/wordpress\/produit\/bouquet-floral-gelee-demaquillante-200ml\/","title":{"rendered":"BOUQUET FLORAL Gel\u00e9e D\u00e9maquillante 200ml"},"content":{"rendered":"","protected":false},"excerpt":{"rendered":"<p>BOUQUET FLORAL Gel\u00e9e D\u00e9maquillante 200ml<\/p>\n<p><span style=\"font-weight: 400;\">Cette La\u00a0<\/span><strong>gel\u00e9e d\u00e9maquillante detox certifi\u00e9e bio<\/strong><span style=\"font-weight: 400;\">\u00a0\u00e9limine les impuret\u00e9s et traces de maquillage tout en douceur. Sa texture g\u00e9lifi\u00e9e se transforme en mousse d\u00e9licate au contact de l\u2019eau pour nettoyer la peau en profondeur.<\/span><\/p>\n<p style=\"font-weight: 400;\">Ce d\u00e9maquillant certifi\u00e9 bio marie les vertus hydratantes de l\u2019eau florale de rose et apaisantes de l\u2019<strong>eau forale de fleur d\u2019oranger<\/strong>\u00a0aux propri\u00e9t\u00e9s antioxydantes du th\u00e9 vert. L\u2019\u00e9quilibre naturel de la peau est pr\u00e9serv\u00e9, la laissant souple et douce apr\u00e8s chaque utilisation.<\/p>\n<p>Certifi\u00e9 bio par Ecocert*<\/p>\n<p style=\"font-weight: 400;\">99% du total des ingr\u00e9dients sont d&rsquo;origine naturelle<\/p>\n<p style=\"font-weight: 400;\">10% du total des ingr\u00e9dients sont issus de l&rsquo;Agriculture Biologique<\/p>\n<p style=\"font-weight: 400;\">Formule Vegan Fabriqu\u00e9 en France<\/p>\n<p style=\"font-weight: 400;\">Le flacon est en plastique 100 % recycl\u00e9 et recyclable.<\/p>\n<p style=\"font-weight: 400;\">*Cosm\u00e9tique Ecologique et Biologique certifi\u00e9 par ECOCERT Greenlife disponible sur\u00a0<a href=\"http:\/\/cosmetiques.ecocert.com\/\">http:\/\/cosmetiques.ecocert.com<\/p>\n<p><\/a><\/p>\n<p>La gel\u00e9e d\u00e9maquillante douceur detox est id\u00e9ale pour :<\/p>\n<p style=\"font-weight: 400;\">&#8211; les adeptes des d\u00e9maquillants avec rin\u00e7age<\/p>\n<p style=\"font-weight: 400;\">&#8211; les femmes \u00e0 la recherche d&rsquo;un d\u00e9maquillant naturel et doux<\/p>\n<p style=\"font-weight: 400;\">&#8211; tous les types de peau<\/p>\n<p style=\"font-weight: 400;\">&#8211; les femmes qui recherchent une texture g\u00e9lifi\u00e9e<\/p>\n<p style=\"font-weight: 400;\">&#8211; son odeur fra\u00eeche d\u2019agrumes et de menthe<\/p>\n","protected":false},"featured_media":8776,"comment_status":"open","ping_status":"closed","template":"","meta":[],"product_brand":[],"product_cat":[17],"product_tag":[],"class_list":{"0":"post-10554","1":"product","2":"type-product","3":"status-publish","4":"has-post-thumbnail","6":"product_cat-non-classe","8":"first","9":"instock","10":"taxable","11":"shipping-taxable","12":"purchasable","13":"product-type-simple"},"yoast_head":"<!-- This site is optimized with the Yoast SEO plugin v25.6 - https:\/\/yoast.com\/wordpress\/plugins\/seo\/ -->\n<title>BOUQUET FLORAL Gel\u00e9e D\u00e9maquillante 200ml - Graine de coton - Parapharmacie<\/title>\n<meta name=\"robots\" content=\"index, follow, max-snippet:-1, max-image-preview:large, max-video-preview:-1\" \/>\n<link rel=\"canonical\" href=\"https:\/\/grainedecoton.fr\/wordpress\/produit\/bouquet-floral-gelee-demaquillante-200ml\/\" \/>\n<meta property=\"og:locale\" content=\"fr_FR\" \/>\n<meta property=\"og:type\" content=\"article\" \/>\n<meta property=\"og:title\" content=\"BOUQUET FLORAL Gel\u00e9e D\u00e9maquillante 200ml - Graine de coton - Parapharmacie\" \/>\n<meta property=\"og:description\" content=\"BOUQUET FLORAL Gel\u00e9e D\u00e9maquillante 200ml  Cette La\u00a0gel\u00e9e d\u00e9maquillante detox certifi\u00e9e bio\u00a0\u00e9limine les impuret\u00e9s et traces de maquillage tout en douceur. Sa texture g\u00e9lifi\u00e9e se transforme en mousse d\u00e9licate au contact de l\u2019eau pour nettoyer la peau en profondeur. Ce d\u00e9maquillant certifi\u00e9 bio marie les vertus hydratantes de l\u2019eau florale de rose et apaisantes de l\u2019eau forale de fleur d\u2019oranger\u00a0aux propri\u00e9t\u00e9s antioxydantes du th\u00e9 vert. L\u2019\u00e9quilibre naturel de la peau est pr\u00e9serv\u00e9, la laissant souple et douce apr\u00e8s chaque utilisation. Certifi\u00e9 bio par Ecocert* 99% du total des ingr\u00e9dients sont d&#039;origine naturelle 10% du total des ingr\u00e9dients sont issus de l&#039;Agriculture Biologique Formule Vegan Fabriqu\u00e9 en France Le flacon est en plastique 100 % recycl\u00e9 et recyclable. *Cosm\u00e9tique Ecologique et Biologique certifi\u00e9 par ECOCERT Greenlife disponible sur\u00a0http:\/\/cosmetiques.ecocert.com  La gel\u00e9e d\u00e9maquillante douceur detox est id\u00e9ale pour : - les adeptes des d\u00e9maquillants avec rin\u00e7age - les femmes \u00e0 la recherche d&#039;un d\u00e9maquillant naturel et doux - tous les types de peau - les femmes qui recherchent une texture g\u00e9lifi\u00e9e - son odeur fra\u00eeche d\u2019agrumes et de menthe\" \/>\n<meta property=\"og:url\" content=\"https:\/\/grainedecoton.fr\/wordpress\/produit\/bouquet-floral-gelee-demaquillante-200ml\/\" \/>\n<meta property=\"og:site_name\" content=\"Graine de coton - Parapharmacie\" \/>\n<meta property=\"article:publisher\" content=\"https:\/\/www.facebook.com\/pages\/category\/Pharmacy---Drugstore\/Graine-de-coton-parapharmacie-339080217976\/\" \/>\n<meta property=\"article:modified_time\" content=\"2026-01-02T09:55:18+00:00\" \/>\n<meta property=\"og:image\" content=\"https:\/\/grainedecoton.fr\/wordpress\/wp-content\/uploads\/2019\/10\/gelee.jpg\" \/>\n\t<meta property=\"og:image:width\" content=\"620\" \/>\n\t<meta property=\"og:image:height\" content=\"620\" \/>\n\t<meta property=\"og:image:type\" content=\"image\/jpeg\" \/>\n<meta name=\"twitter:card\" content=\"summary_large_image\" \/>\n<script type=\"application\/ld+json\" class=\"yoast-schema-graph\">{\"@context\":\"https:\/\/schema.org\",\"@graph\":[{\"@type\":\"WebPage\",\"@id\":\"https:\/\/grainedecoton.fr\/wordpress\/produit\/bouquet-floral-gelee-demaquillante-200ml\/\",\"url\":\"https:\/\/grainedecoton.fr\/wordpress\/produit\/bouquet-floral-gelee-demaquillante-200ml\/\",\"name\":\"BOUQUET FLORAL Gel\u00e9e D\u00e9maquillante 200ml - Graine de coton - Parapharmacie\",\"isPartOf\":{\"@id\":\"https:\/\/grainedecoton.fr\/wordpress\/#website\"},\"primaryImageOfPage\":{\"@id\":\"https:\/\/grainedecoton.fr\/wordpress\/produit\/bouquet-floral-gelee-demaquillante-200ml\/#primaryimage\"},\"image\":{\"@id\":\"https:\/\/grainedecoton.fr\/wordpress\/produit\/bouquet-floral-gelee-demaquillante-200ml\/#primaryimage\"},\"thumbnailUrl\":\"https:\/\/grainedecoton.fr\/wordpress\/wp-content\/uploads\/2019\/10\/gelee.jpg\",\"datePublished\":\"2021-03-06T14:51:39+00:00\",\"dateModified\":\"2026-01-02T09:55:18+00:00\",\"breadcrumb\":{\"@id\":\"https:\/\/grainedecoton.fr\/wordpress\/produit\/bouquet-floral-gelee-demaquillante-200ml\/#breadcrumb\"},\"inLanguage\":\"fr-FR\",\"potentialAction\":[{\"@type\":\"ReadAction\",\"target\":[\"https:\/\/grainedecoton.fr\/wordpress\/produit\/bouquet-floral-gelee-demaquillante-200ml\/\"]}]},{\"@type\":\"ImageObject\",\"inLanguage\":\"fr-FR\",\"@id\":\"https:\/\/grainedecoton.fr\/wordpress\/produit\/bouquet-floral-gelee-demaquillante-200ml\/#primaryimage\",\"url\":\"https:\/\/grainedecoton.fr\/wordpress\/wp-content\/uploads\/2019\/10\/gelee.jpg\",\"contentUrl\":\"https:\/\/grainedecoton.fr\/wordpress\/wp-content\/uploads\/2019\/10\/gelee.jpg\",\"width\":620,\"height\":620},{\"@type\":\"BreadcrumbList\",\"@id\":\"https:\/\/grainedecoton.fr\/wordpress\/produit\/bouquet-floral-gelee-demaquillante-200ml\/#breadcrumb\",\"itemListElement\":[{\"@type\":\"ListItem\",\"position\":1,\"name\":\"Accueil\",\"item\":\"https:\/\/grainedecoton.fr\/wordpress\/\"},{\"@type\":\"ListItem\",\"position\":2,\"name\":\"Boutique\",\"item\":\"https:\/\/grainedecoton.fr\/wordpress\/boutique\/\"},{\"@type\":\"ListItem\",\"position\":3,\"name\":\"BOUQUET FLORAL Gel\u00e9e D\u00e9maquillante 200ml\"}]},{\"@type\":\"WebSite\",\"@id\":\"https:\/\/grainedecoton.fr\/wordpress\/#website\",\"url\":\"https:\/\/grainedecoton.fr\/wordpress\/\",\"name\":\"Graine de coton - Parapharmacie\",\"description\":\"Produits Bios et naturels\",\"publisher\":{\"@id\":\"https:\/\/grainedecoton.fr\/wordpress\/#organization\"},\"potentialAction\":[{\"@type\":\"SearchAction\",\"target\":{\"@type\":\"EntryPoint\",\"urlTemplate\":\"https:\/\/grainedecoton.fr\/wordpress\/?s={search_term_string}\"},\"query-input\":{\"@type\":\"PropertyValueSpecification\",\"valueRequired\":true,\"valueName\":\"search_term_string\"}}],\"inLanguage\":\"fr-FR\"},{\"@type\":\"Organization\",\"@id\":\"https:\/\/grainedecoton.fr\/wordpress\/#organization\",\"name\":\"Graine de Coton\",\"url\":\"https:\/\/grainedecoton.fr\/wordpress\/\",\"logo\":{\"@type\":\"ImageObject\",\"inLanguage\":\"fr-FR\",\"@id\":\"https:\/\/grainedecoton.fr\/wordpress\/#\/schema\/logo\/image\/\",\"url\":\"https:\/\/grainedecoton.fr\/wordpress\/wp-content\/uploads\/2018\/11\/logo-graine-de-cotonpt.jpg\",\"contentUrl\":\"https:\/\/grainedecoton.fr\/wordpress\/wp-content\/uploads\/2018\/11\/logo-graine-de-cotonpt.jpg\",\"width\":576,\"height\":149,\"caption\":\"Graine de Coton\"},\"image\":{\"@id\":\"https:\/\/grainedecoton.fr\/wordpress\/#\/schema\/logo\/image\/\"},\"sameAs\":[\"https:\/\/www.facebook.com\/pages\/category\/Pharmacy---Drugstore\/Graine-de-coton-parapharmacie-339080217976\/\"]}]}<\/script>\n<!-- \/ Yoast SEO plugin. -->","yoast_head_json":{"title":"BOUQUET FLORAL Gel\u00e9e D\u00e9maquillante 200ml - Graine de coton - Parapharmacie","robots":{"index":"index","follow":"follow","max-snippet":"max-snippet:-1","max-image-preview":"max-image-preview:large","max-video-preview":"max-video-preview:-1"},"canonical":"https:\/\/grainedecoton.fr\/wordpress\/produit\/bouquet-floral-gelee-demaquillante-200ml\/","og_locale":"fr_FR","og_type":"article","og_title":"BOUQUET FLORAL Gel\u00e9e D\u00e9maquillante 200ml - Graine de coton - Parapharmacie","og_description":"BOUQUET FLORAL Gel\u00e9e D\u00e9maquillante 200ml  Cette La\u00a0gel\u00e9e d\u00e9maquillante detox certifi\u00e9e bio\u00a0\u00e9limine les impuret\u00e9s et traces de maquillage tout en douceur. Sa texture g\u00e9lifi\u00e9e se transforme en mousse d\u00e9licate au contact de l\u2019eau pour nettoyer la peau en profondeur. Ce d\u00e9maquillant certifi\u00e9 bio marie les vertus hydratantes de l\u2019eau florale de rose et apaisantes de l\u2019eau forale de fleur d\u2019oranger\u00a0aux propri\u00e9t\u00e9s antioxydantes du th\u00e9 vert. L\u2019\u00e9quilibre naturel de la peau est pr\u00e9serv\u00e9, la laissant souple et douce apr\u00e8s chaque utilisation. Certifi\u00e9 bio par Ecocert* 99% du total des ingr\u00e9dients sont d'origine naturelle 10% du total des ingr\u00e9dients sont issus de l'Agriculture Biologique Formule Vegan Fabriqu\u00e9 en France Le flacon est en plastique 100 % recycl\u00e9 et recyclable. *Cosm\u00e9tique Ecologique et Biologique certifi\u00e9 par ECOCERT Greenlife disponible sur\u00a0http:\/\/cosmetiques.ecocert.com  La gel\u00e9e d\u00e9maquillante douceur detox est id\u00e9ale pour : - les adeptes des d\u00e9maquillants avec rin\u00e7age - les femmes \u00e0 la recherche d'un d\u00e9maquillant naturel et doux - tous les types de peau - les femmes qui recherchent une texture g\u00e9lifi\u00e9e - son odeur fra\u00eeche d\u2019agrumes et de menthe","og_url":"https:\/\/grainedecoton.fr\/wordpress\/produit\/bouquet-floral-gelee-demaquillante-200ml\/","og_site_name":"Graine de coton - Parapharmacie","article_publisher":"https:\/\/www.facebook.com\/pages\/category\/Pharmacy---Drugstore\/Graine-de-coton-parapharmacie-339080217976\/","article_modified_time":"2026-01-02T09:55:18+00:00","og_image":[{"width":620,"height":620,"url":"https:\/\/grainedecoton.fr\/wordpress\/wp-content\/uploads\/2019\/10\/gelee.jpg","type":"image\/jpeg"}],"twitter_card":"summary_large_image","schema":{"@context":"https:\/\/schema.org","@graph":[{"@type":"WebPage","@id":"https:\/\/grainedecoton.fr\/wordpress\/produit\/bouquet-floral-gelee-demaquillante-200ml\/","url":"https:\/\/grainedecoton.fr\/wordpress\/produit\/bouquet-floral-gelee-demaquillante-200ml\/","name":"BOUQUET FLORAL Gel\u00e9e D\u00e9maquillante 200ml - Graine de coton - Parapharmacie","isPartOf":{"@id":"https:\/\/grainedecoton.fr\/wordpress\/#website"},"primaryImageOfPage":{"@id":"https:\/\/grainedecoton.fr\/wordpress\/produit\/bouquet-floral-gelee-demaquillante-200ml\/#primaryimage"},"image":{"@id":"https:\/\/grainedecoton.fr\/wordpress\/produit\/bouquet-floral-gelee-demaquillante-200ml\/#primaryimage"},"thumbnailUrl":"https:\/\/grainedecoton.fr\/wordpress\/wp-content\/uploads\/2019\/10\/gelee.jpg","datePublished":"2021-03-06T14:51:39+00:00","dateModified":"2026-01-02T09:55:18+00:00","breadcrumb":{"@id":"https:\/\/grainedecoton.fr\/wordpress\/produit\/bouquet-floral-gelee-demaquillante-200ml\/#breadcrumb"},"inLanguage":"fr-FR","potentialAction":[{"@type":"ReadAction","target":["https:\/\/grainedecoton.fr\/wordpress\/produit\/bouquet-floral-gelee-demaquillante-200ml\/"]}]},{"@type":"ImageObject","inLanguage":"fr-FR","@id":"https:\/\/grainedecoton.fr\/wordpress\/produit\/bouquet-floral-gelee-demaquillante-200ml\/#primaryimage","url":"https:\/\/grainedecoton.fr\/wordpress\/wp-content\/uploads\/2019\/10\/gelee.jpg","contentUrl":"https:\/\/grainedecoton.fr\/wordpress\/wp-content\/uploads\/2019\/10\/gelee.jpg","width":620,"height":620},{"@type":"BreadcrumbList","@id":"https:\/\/grainedecoton.fr\/wordpress\/produit\/bouquet-floral-gelee-demaquillante-200ml\/#breadcrumb","itemListElement":[{"@type":"ListItem","position":1,"name":"Accueil","item":"https:\/\/grainedecoton.fr\/wordpress\/"},{"@type":"ListItem","position":2,"name":"Boutique","item":"https:\/\/grainedecoton.fr\/wordpress\/boutique\/"},{"@type":"ListItem","position":3,"name":"BOUQUET FLORAL Gel\u00e9e D\u00e9maquillante 200ml"}]},{"@type":"WebSite","@id":"https:\/\/grainedecoton.fr\/wordpress\/#website","url":"https:\/\/grainedecoton.fr\/wordpress\/","name":"Graine de coton - Parapharmacie","description":"Produits Bios et naturels","publisher":{"@id":"https:\/\/grainedecoton.fr\/wordpress\/#organization"},"potentialAction":[{"@type":"SearchAction","target":{"@type":"EntryPoint","urlTemplate":"https:\/\/grainedecoton.fr\/wordpress\/?s={search_term_string}"},"query-input":{"@type":"PropertyValueSpecification","valueRequired":true,"valueName":"search_term_string"}}],"inLanguage":"fr-FR"},{"@type":"Organization","@id":"https:\/\/grainedecoton.fr\/wordpress\/#organization","name":"Graine de Coton","url":"https:\/\/grainedecoton.fr\/wordpress\/","logo":{"@type":"ImageObject","inLanguage":"fr-FR","@id":"https:\/\/grainedecoton.fr\/wordpress\/#\/schema\/logo\/image\/","url":"https:\/\/grainedecoton.fr\/wordpress\/wp-content\/uploads\/2018\/11\/logo-graine-de-cotonpt.jpg","contentUrl":"https:\/\/grainedecoton.fr\/wordpress\/wp-content\/uploads\/2018\/11\/logo-graine-de-cotonpt.jpg","width":576,"height":149,"caption":"Graine de Coton"},"image":{"@id":"https:\/\/grainedecoton.fr\/wordpress\/#\/schema\/logo\/image\/"},"sameAs":["https:\/\/www.facebook.com\/pages\/category\/Pharmacy---Drugstore\/Graine-de-coton-parapharmacie-339080217976\/"]}]}},"_links":{"self":[{"href":"https:\/\/grainedecoton.fr\/wordpress\/wp-json\/wp\/v2\/product\/10554"}],"collection":[{"href":"https:\/\/grainedecoton.fr\/wordpress\/wp-json\/wp\/v2\/product"}],"about":[{"href":"https:\/\/grainedecoton.fr\/wordpress\/wp-json\/wp\/v2\/types\/product"}],"replies":[{"embeddable":true,"href":"https:\/\/grainedecoton.fr\/wordpress\/wp-json\/wp\/v2\/comments?post=10554"}],"wp:featuredmedia":[{"embeddable":true,"href":"https:\/\/grainedecoton.fr\/wordpress\/wp-json\/wp\/v2\/media\/8776"}],"wp:attachment":[{"href":"https:\/\/grainedecoton.fr\/wordpress\/wp-json\/wp\/v2\/media?parent=10554"}],"wp:term":[{"taxonomy":"product_brand","embeddable":true,"href":"https:\/\/grainedecoton.fr\/wordpress\/wp-json\/wp\/v2\/product_brand?post=10554"},{"taxonomy":"product_cat","embeddable":true,"href":"https:\/\/grainedecoton.fr\/wordpress\/wp-json\/wp\/v2\/product_cat?post=10554"},{"taxonomy":"product_tag","embeddable":true,"href":"https:\/\/grainedecoton.fr\/wordpress\/wp-json\/wp\/v2\/product_tag?post=10554"}],"curies":[{"name":"wp","href":"https:\/\/api.w.org\/{rel}","templated":true}]}}