{"id":10512,"date":"2021-03-06T15:51:31","date_gmt":"2021-03-06T14:51:31","guid":{"rendered":"https:\/\/grainedecoton.fr\/wordpress\/produit\/stick-levre-cattier-4g\/"},"modified":"2026-04-03T18:57:36","modified_gmt":"2026-04-03T16:57:36","slug":"stick-levre-cattier-4g","status":"publish","type":"product","link":"https:\/\/grainedecoton.fr\/wordpress\/produit\/stick-levre-cattier-4g\/","title":{"rendered":"Stick levre cattier 4g"},"content":{"rendered":"","protected":false},"excerpt":{"rendered":"<p>Stick levre cattier 4g<\/p>\n<p>Un stick \u00e0 l\u00e8vres qui r\u00e9pare, nourrit et prot\u00e8ge pour des l\u00e8vres douces, lisses et hydrat\u00e9es.<\/p>\n<p>Ce baume r\u00e9parateur ultra-nourrissant aide les l\u00e8vres \u00e0 lutter contre les agressions ext\u00e9rieures.<\/p>\n<p>D\u00e9pourvues de film hydrolipidique, les l\u00e8vres ont particuli\u00e8rement besoin d&rsquo;\u00eatre prot\u00e9g\u00e9es.<\/p>\n<p>Le Soin des L\u00e8vres Cattier leur apporte les \u00e9l\u00e9ments naturels essentiels pour une protection et une hydratation optimales.<\/p>\n<p>Sa texture onctueuse glisse sur les l\u00e8vres et offre un l\u00e9ger go\u00fbt sucr\u00e9-vanill\u00e9 pour une alliance subtile entre soin et plaisir.<\/p>\n<p>Le + Cattier pour l&rsquo;environnement : Un emballage Bioplastique responsable !<\/p>\n<p>&#8211; Sans bisph\u00e9nol A, ni phtalate<\/p>\n<p>&#8211; Issu de ressources 100% v\u00e9g\u00e9tales et renouvelables<\/p>\n<p>&#8211; Recyclable et compostable<\/p>\n<p>&#8211; Qui r\u00e9duit jusqu&rsquo;\u00e0 75% les \u00e9missions de gaz \u00e0 effet de serre<\/p>\n<p>PRINCIPAUX ACTIFS<\/p>\n<p>Huile d&rsquo;olive bio, Beurre v\u00e9g\u00e9tal de mangue sauvage, Beurre de karit\u00e9, Squalane v\u00e9g\u00e9tal*, Huile de jojoba bio<\/p>\n<p>* d\u00e9riv\u00e9 de l&rsquo;huile d&rsquo;olive<\/p>\n","protected":false},"featured_media":8801,"comment_status":"open","ping_status":"closed","template":"","meta":[],"product_brand":[],"product_cat":[17],"product_tag":[],"class_list":{"0":"post-10512","1":"product","2":"type-product","3":"status-publish","4":"has-post-thumbnail","6":"product_cat-non-classe","8":"first","9":"instock","10":"taxable","11":"shipping-taxable","12":"purchasable","13":"product-type-simple"},"yoast_head":"<!-- This site is optimized with the Yoast SEO plugin v25.6 - https:\/\/yoast.com\/wordpress\/plugins\/seo\/ -->\n<title>Stick levre cattier 4g - Graine de coton - Parapharmacie<\/title>\n<meta name=\"robots\" content=\"index, follow, max-snippet:-1, max-image-preview:large, max-video-preview:-1\" \/>\n<link rel=\"canonical\" href=\"https:\/\/grainedecoton.fr\/wordpress\/produit\/stick-levre-cattier-4g\/\" \/>\n<meta property=\"og:locale\" content=\"fr_FR\" \/>\n<meta property=\"og:type\" content=\"article\" \/>\n<meta property=\"og:title\" content=\"Stick levre cattier 4g - Graine de coton - Parapharmacie\" \/>\n<meta property=\"og:description\" content=\"Stick levre cattier 4g  Un stick \u00e0 l\u00e8vres qui r\u00e9pare, nourrit et prot\u00e8ge pour des l\u00e8vres douces, lisses et hydrat\u00e9es. Ce baume r\u00e9parateur ultra-nourrissant aide les l\u00e8vres \u00e0 lutter contre les agressions ext\u00e9rieures.  D\u00e9pourvues de film hydrolipidique, les l\u00e8vres ont particuli\u00e8rement besoin d&#039;\u00eatre prot\u00e9g\u00e9es. Le Soin des L\u00e8vres Cattier leur apporte les \u00e9l\u00e9ments naturels essentiels pour une protection et une hydratation optimales. Sa texture onctueuse glisse sur les l\u00e8vres et offre un l\u00e9ger go\u00fbt sucr\u00e9-vanill\u00e9 pour une alliance subtile entre soin et plaisir.  Le + Cattier pour l&#039;environnement : Un emballage Bioplastique responsable ! - Sans bisph\u00e9nol A, ni phtalate - Issu de ressources 100% v\u00e9g\u00e9tales et renouvelables - Recyclable et compostable - Qui r\u00e9duit jusqu&#039;\u00e0 75% les \u00e9missions de gaz \u00e0 effet de serre  PRINCIPAUX ACTIFS Huile d&#039;olive bio, Beurre v\u00e9g\u00e9tal de mangue sauvage, Beurre de karit\u00e9, Squalane v\u00e9g\u00e9tal*, Huile de jojoba bio * d\u00e9riv\u00e9 de l&#039;huile d&#039;olive\" \/>\n<meta property=\"og:url\" content=\"https:\/\/grainedecoton.fr\/wordpress\/produit\/stick-levre-cattier-4g\/\" \/>\n<meta property=\"og:site_name\" content=\"Graine de coton - Parapharmacie\" \/>\n<meta property=\"article:publisher\" content=\"https:\/\/www.facebook.com\/pages\/category\/Pharmacy---Drugstore\/Graine-de-coton-parapharmacie-339080217976\/\" \/>\n<meta property=\"article:modified_time\" content=\"2026-04-03T16:57:36+00:00\" \/>\n<meta property=\"og:image\" content=\"https:\/\/grainedecoton.fr\/wordpress\/wp-content\/uploads\/2019\/10\/cattier-levres.png\" \/>\n\t<meta property=\"og:image:width\" content=\"400\" \/>\n\t<meta property=\"og:image:height\" content=\"800\" \/>\n\t<meta property=\"og:image:type\" content=\"image\/png\" \/>\n<meta name=\"twitter:card\" content=\"summary_large_image\" \/>\n<script type=\"application\/ld+json\" class=\"yoast-schema-graph\">{\"@context\":\"https:\/\/schema.org\",\"@graph\":[{\"@type\":\"WebPage\",\"@id\":\"https:\/\/grainedecoton.fr\/wordpress\/produit\/stick-levre-cattier-4g\/\",\"url\":\"https:\/\/grainedecoton.fr\/wordpress\/produit\/stick-levre-cattier-4g\/\",\"name\":\"Stick levre cattier 4g - Graine de coton - Parapharmacie\",\"isPartOf\":{\"@id\":\"https:\/\/grainedecoton.fr\/wordpress\/#website\"},\"primaryImageOfPage\":{\"@id\":\"https:\/\/grainedecoton.fr\/wordpress\/produit\/stick-levre-cattier-4g\/#primaryimage\"},\"image\":{\"@id\":\"https:\/\/grainedecoton.fr\/wordpress\/produit\/stick-levre-cattier-4g\/#primaryimage\"},\"thumbnailUrl\":\"https:\/\/grainedecoton.fr\/wordpress\/wp-content\/uploads\/2019\/10\/cattier-levres.png\",\"datePublished\":\"2021-03-06T14:51:31+00:00\",\"dateModified\":\"2026-04-03T16:57:36+00:00\",\"breadcrumb\":{\"@id\":\"https:\/\/grainedecoton.fr\/wordpress\/produit\/stick-levre-cattier-4g\/#breadcrumb\"},\"inLanguage\":\"fr-FR\",\"potentialAction\":[{\"@type\":\"ReadAction\",\"target\":[\"https:\/\/grainedecoton.fr\/wordpress\/produit\/stick-levre-cattier-4g\/\"]}]},{\"@type\":\"ImageObject\",\"inLanguage\":\"fr-FR\",\"@id\":\"https:\/\/grainedecoton.fr\/wordpress\/produit\/stick-levre-cattier-4g\/#primaryimage\",\"url\":\"https:\/\/grainedecoton.fr\/wordpress\/wp-content\/uploads\/2019\/10\/cattier-levres.png\",\"contentUrl\":\"https:\/\/grainedecoton.fr\/wordpress\/wp-content\/uploads\/2019\/10\/cattier-levres.png\",\"width\":400,\"height\":800},{\"@type\":\"BreadcrumbList\",\"@id\":\"https:\/\/grainedecoton.fr\/wordpress\/produit\/stick-levre-cattier-4g\/#breadcrumb\",\"itemListElement\":[{\"@type\":\"ListItem\",\"position\":1,\"name\":\"Accueil\",\"item\":\"https:\/\/grainedecoton.fr\/wordpress\/\"},{\"@type\":\"ListItem\",\"position\":2,\"name\":\"Boutique\",\"item\":\"https:\/\/grainedecoton.fr\/wordpress\/boutique\/\"},{\"@type\":\"ListItem\",\"position\":3,\"name\":\"Stick levre cattier 4g\"}]},{\"@type\":\"WebSite\",\"@id\":\"https:\/\/grainedecoton.fr\/wordpress\/#website\",\"url\":\"https:\/\/grainedecoton.fr\/wordpress\/\",\"name\":\"Graine de coton - Parapharmacie\",\"description\":\"Produits Bios et naturels\",\"publisher\":{\"@id\":\"https:\/\/grainedecoton.fr\/wordpress\/#organization\"},\"potentialAction\":[{\"@type\":\"SearchAction\",\"target\":{\"@type\":\"EntryPoint\",\"urlTemplate\":\"https:\/\/grainedecoton.fr\/wordpress\/?s={search_term_string}\"},\"query-input\":{\"@type\":\"PropertyValueSpecification\",\"valueRequired\":true,\"valueName\":\"search_term_string\"}}],\"inLanguage\":\"fr-FR\"},{\"@type\":\"Organization\",\"@id\":\"https:\/\/grainedecoton.fr\/wordpress\/#organization\",\"name\":\"Graine de Coton\",\"url\":\"https:\/\/grainedecoton.fr\/wordpress\/\",\"logo\":{\"@type\":\"ImageObject\",\"inLanguage\":\"fr-FR\",\"@id\":\"https:\/\/grainedecoton.fr\/wordpress\/#\/schema\/logo\/image\/\",\"url\":\"https:\/\/grainedecoton.fr\/wordpress\/wp-content\/uploads\/2018\/11\/logo-graine-de-cotonpt.jpg\",\"contentUrl\":\"https:\/\/grainedecoton.fr\/wordpress\/wp-content\/uploads\/2018\/11\/logo-graine-de-cotonpt.jpg\",\"width\":576,\"height\":149,\"caption\":\"Graine de Coton\"},\"image\":{\"@id\":\"https:\/\/grainedecoton.fr\/wordpress\/#\/schema\/logo\/image\/\"},\"sameAs\":[\"https:\/\/www.facebook.com\/pages\/category\/Pharmacy---Drugstore\/Graine-de-coton-parapharmacie-339080217976\/\"]}]}<\/script>\n<!-- \/ Yoast SEO plugin. -->","yoast_head_json":{"title":"Stick levre cattier 4g - Graine de coton - Parapharmacie","robots":{"index":"index","follow":"follow","max-snippet":"max-snippet:-1","max-image-preview":"max-image-preview:large","max-video-preview":"max-video-preview:-1"},"canonical":"https:\/\/grainedecoton.fr\/wordpress\/produit\/stick-levre-cattier-4g\/","og_locale":"fr_FR","og_type":"article","og_title":"Stick levre cattier 4g - Graine de coton - Parapharmacie","og_description":"Stick levre cattier 4g  Un stick \u00e0 l\u00e8vres qui r\u00e9pare, nourrit et prot\u00e8ge pour des l\u00e8vres douces, lisses et hydrat\u00e9es. Ce baume r\u00e9parateur ultra-nourrissant aide les l\u00e8vres \u00e0 lutter contre les agressions ext\u00e9rieures.  D\u00e9pourvues de film hydrolipidique, les l\u00e8vres ont particuli\u00e8rement besoin d'\u00eatre prot\u00e9g\u00e9es. Le Soin des L\u00e8vres Cattier leur apporte les \u00e9l\u00e9ments naturels essentiels pour une protection et une hydratation optimales. Sa texture onctueuse glisse sur les l\u00e8vres et offre un l\u00e9ger go\u00fbt sucr\u00e9-vanill\u00e9 pour une alliance subtile entre soin et plaisir.  Le + Cattier pour l'environnement : Un emballage Bioplastique responsable ! - Sans bisph\u00e9nol A, ni phtalate - Issu de ressources 100% v\u00e9g\u00e9tales et renouvelables - Recyclable et compostable - Qui r\u00e9duit jusqu'\u00e0 75% les \u00e9missions de gaz \u00e0 effet de serre  PRINCIPAUX ACTIFS Huile d'olive bio, Beurre v\u00e9g\u00e9tal de mangue sauvage, Beurre de karit\u00e9, Squalane v\u00e9g\u00e9tal*, Huile de jojoba bio * d\u00e9riv\u00e9 de l'huile d'olive","og_url":"https:\/\/grainedecoton.fr\/wordpress\/produit\/stick-levre-cattier-4g\/","og_site_name":"Graine de coton - Parapharmacie","article_publisher":"https:\/\/www.facebook.com\/pages\/category\/Pharmacy---Drugstore\/Graine-de-coton-parapharmacie-339080217976\/","article_modified_time":"2026-04-03T16:57:36+00:00","og_image":[{"width":400,"height":800,"url":"https:\/\/grainedecoton.fr\/wordpress\/wp-content\/uploads\/2019\/10\/cattier-levres.png","type":"image\/png"}],"twitter_card":"summary_large_image","schema":{"@context":"https:\/\/schema.org","@graph":[{"@type":"WebPage","@id":"https:\/\/grainedecoton.fr\/wordpress\/produit\/stick-levre-cattier-4g\/","url":"https:\/\/grainedecoton.fr\/wordpress\/produit\/stick-levre-cattier-4g\/","name":"Stick levre cattier 4g - Graine de coton - Parapharmacie","isPartOf":{"@id":"https:\/\/grainedecoton.fr\/wordpress\/#website"},"primaryImageOfPage":{"@id":"https:\/\/grainedecoton.fr\/wordpress\/produit\/stick-levre-cattier-4g\/#primaryimage"},"image":{"@id":"https:\/\/grainedecoton.fr\/wordpress\/produit\/stick-levre-cattier-4g\/#primaryimage"},"thumbnailUrl":"https:\/\/grainedecoton.fr\/wordpress\/wp-content\/uploads\/2019\/10\/cattier-levres.png","datePublished":"2021-03-06T14:51:31+00:00","dateModified":"2026-04-03T16:57:36+00:00","breadcrumb":{"@id":"https:\/\/grainedecoton.fr\/wordpress\/produit\/stick-levre-cattier-4g\/#breadcrumb"},"inLanguage":"fr-FR","potentialAction":[{"@type":"ReadAction","target":["https:\/\/grainedecoton.fr\/wordpress\/produit\/stick-levre-cattier-4g\/"]}]},{"@type":"ImageObject","inLanguage":"fr-FR","@id":"https:\/\/grainedecoton.fr\/wordpress\/produit\/stick-levre-cattier-4g\/#primaryimage","url":"https:\/\/grainedecoton.fr\/wordpress\/wp-content\/uploads\/2019\/10\/cattier-levres.png","contentUrl":"https:\/\/grainedecoton.fr\/wordpress\/wp-content\/uploads\/2019\/10\/cattier-levres.png","width":400,"height":800},{"@type":"BreadcrumbList","@id":"https:\/\/grainedecoton.fr\/wordpress\/produit\/stick-levre-cattier-4g\/#breadcrumb","itemListElement":[{"@type":"ListItem","position":1,"name":"Accueil","item":"https:\/\/grainedecoton.fr\/wordpress\/"},{"@type":"ListItem","position":2,"name":"Boutique","item":"https:\/\/grainedecoton.fr\/wordpress\/boutique\/"},{"@type":"ListItem","position":3,"name":"Stick levre cattier 4g"}]},{"@type":"WebSite","@id":"https:\/\/grainedecoton.fr\/wordpress\/#website","url":"https:\/\/grainedecoton.fr\/wordpress\/","name":"Graine de coton - Parapharmacie","description":"Produits Bios et naturels","publisher":{"@id":"https:\/\/grainedecoton.fr\/wordpress\/#organization"},"potentialAction":[{"@type":"SearchAction","target":{"@type":"EntryPoint","urlTemplate":"https:\/\/grainedecoton.fr\/wordpress\/?s={search_term_string}"},"query-input":{"@type":"PropertyValueSpecification","valueRequired":true,"valueName":"search_term_string"}}],"inLanguage":"fr-FR"},{"@type":"Organization","@id":"https:\/\/grainedecoton.fr\/wordpress\/#organization","name":"Graine de Coton","url":"https:\/\/grainedecoton.fr\/wordpress\/","logo":{"@type":"ImageObject","inLanguage":"fr-FR","@id":"https:\/\/grainedecoton.fr\/wordpress\/#\/schema\/logo\/image\/","url":"https:\/\/grainedecoton.fr\/wordpress\/wp-content\/uploads\/2018\/11\/logo-graine-de-cotonpt.jpg","contentUrl":"https:\/\/grainedecoton.fr\/wordpress\/wp-content\/uploads\/2018\/11\/logo-graine-de-cotonpt.jpg","width":576,"height":149,"caption":"Graine de Coton"},"image":{"@id":"https:\/\/grainedecoton.fr\/wordpress\/#\/schema\/logo\/image\/"},"sameAs":["https:\/\/www.facebook.com\/pages\/category\/Pharmacy---Drugstore\/Graine-de-coton-parapharmacie-339080217976\/"]}]}},"_links":{"self":[{"href":"https:\/\/grainedecoton.fr\/wordpress\/wp-json\/wp\/v2\/product\/10512"}],"collection":[{"href":"https:\/\/grainedecoton.fr\/wordpress\/wp-json\/wp\/v2\/product"}],"about":[{"href":"https:\/\/grainedecoton.fr\/wordpress\/wp-json\/wp\/v2\/types\/product"}],"replies":[{"embeddable":true,"href":"https:\/\/grainedecoton.fr\/wordpress\/wp-json\/wp\/v2\/comments?post=10512"}],"wp:featuredmedia":[{"embeddable":true,"href":"https:\/\/grainedecoton.fr\/wordpress\/wp-json\/wp\/v2\/media\/8801"}],"wp:attachment":[{"href":"https:\/\/grainedecoton.fr\/wordpress\/wp-json\/wp\/v2\/media?parent=10512"}],"wp:term":[{"taxonomy":"product_brand","embeddable":true,"href":"https:\/\/grainedecoton.fr\/wordpress\/wp-json\/wp\/v2\/product_brand?post=10512"},{"taxonomy":"product_cat","embeddable":true,"href":"https:\/\/grainedecoton.fr\/wordpress\/wp-json\/wp\/v2\/product_cat?post=10512"},{"taxonomy":"product_tag","embeddable":true,"href":"https:\/\/grainedecoton.fr\/wordpress\/wp-json\/wp\/v2\/product_tag?post=10512"}],"curies":[{"name":"wp","href":"https:\/\/api.w.org\/{rel}","templated":true}]}}