{"id":10036,"date":"2021-03-06T15:41:33","date_gmt":"2021-03-06T14:41:33","guid":{"rendered":"https:\/\/grainedecoton.fr\/wordpress\/produit\/spiruline-300cps\/"},"modified":"2026-03-14T00:00:26","modified_gmt":"2026-03-13T23:00:26","slug":"spiruline-300cps","status":"publish","type":"product","link":"https:\/\/grainedecoton.fr\/wordpress\/produit\/spiruline-300cps\/","title":{"rendered":"Spiruline 300cps"},"content":{"rendered":"","protected":false},"excerpt":{"rendered":"<h2>SPIRULINE AB PHYTO-ACTIF : FORMULATION ET MODE D&rsquo;ACTION<\/h2>\n<p>Avec sa forte teneur en prot\u00e9ines v\u00e9g\u00e9tales, dont elle est compos\u00e9e \u00e0 plus de 60%, la\u00a0<strong>Spiruline<\/strong>\u00a0est un des premiers v\u00e9g\u00e9taux a avoir fait son apparition sur terre et s&rsquo;av\u00e8re \u00eatre un des pr\u00e9curseurs du ph\u00e9nom\u00e8ne de photosynth\u00e8se. Elle est consomm\u00e9e\u00a0depuis plusieurs si\u00e8cles en raison de ses propri\u00e9t\u00e9s nutritionnelles remarquables, car elle contient \u00e9galement des vitamines et des min\u00e9raux. Sa composition naturelle la rend tr\u00e8s appr\u00e9ci\u00e9e des sportifs, des v\u00e9g\u00e9tariens et des personnes \u00e2g\u00e9es.<\/p>\n<p>La\u00a0<strong>Spiruline AB<\/strong>\u00a0de\u00a0<strong>Phyto-Actif<\/strong>\u00a0est issue d&rsquo;une culture en bassins de plein air qui sont contr\u00f4l\u00e9s par\u00a0<strong>Ecocert<\/strong>, le tout dans une ferme aquacole qui se trouve sur la route des Indes. Cet environnement privil\u00e9gi\u00e9, qui a l&rsquo;avantage d&rsquo;\u00eatre \u00e0 l&rsquo;\u00e9cart de la pollution, r\u00e9unit les conditions optimales pour permettre de pr\u00e9server au mieux les qualit\u00e9s nutritionnelles de la\u00a0<strong>Spiruline<\/strong>. Le\u00a0<strong>contr\u00f4le Ecocert<\/strong>\u00a0qui est r\u00e9alis\u00e9 se base sur le r\u00e9f\u00e9rentiel de l&rsquo;<strong>Agriculture Biologique<\/strong>.<\/p>\n","protected":false},"featured_media":13089,"comment_status":"open","ping_status":"closed","template":"","meta":[],"product_brand":[],"product_cat":[17,79],"product_tag":[],"class_list":{"0":"post-10036","1":"product","2":"type-product","3":"status-publish","4":"has-post-thumbnail","6":"product_cat-non-classe","7":"product_cat-complements-alimentaires","9":"first","10":"outofstock","11":"taxable","12":"shipping-taxable","13":"purchasable","14":"product-type-simple"},"yoast_head":"<!-- This site is optimized with the Yoast SEO plugin v25.6 - https:\/\/yoast.com\/wordpress\/plugins\/seo\/ -->\n<title>Spiruline 300cps - Graine de coton - Parapharmacie<\/title>\n<meta name=\"robots\" content=\"index, follow, max-snippet:-1, max-image-preview:large, max-video-preview:-1\" \/>\n<link rel=\"canonical\" href=\"https:\/\/grainedecoton.fr\/wordpress\/produit\/spiruline-300cps\/\" \/>\n<meta property=\"og:locale\" content=\"fr_FR\" \/>\n<meta property=\"og:type\" content=\"article\" \/>\n<meta property=\"og:title\" content=\"Spiruline 300cps - Graine de coton - Parapharmacie\" \/>\n<meta property=\"og:description\" content=\"SPIRULINE AB PHYTO-ACTIF : FORMULATION ET MODE D&#039;ACTION Avec sa forte teneur en prot\u00e9ines v\u00e9g\u00e9tales, dont elle est compos\u00e9e \u00e0 plus de 60%, la\u00a0Spiruline\u00a0est un des premiers v\u00e9g\u00e9taux a avoir fait son apparition sur terre et s&#039;av\u00e8re \u00eatre un des pr\u00e9curseurs du ph\u00e9nom\u00e8ne de photosynth\u00e8se. Elle est consomm\u00e9e\u00a0depuis plusieurs si\u00e8cles en raison de ses propri\u00e9t\u00e9s nutritionnelles remarquables, car elle contient \u00e9galement des vitamines et des min\u00e9raux. Sa composition naturelle la rend tr\u00e8s appr\u00e9ci\u00e9e des sportifs, des v\u00e9g\u00e9tariens et des personnes \u00e2g\u00e9es.  La\u00a0Spiruline AB\u00a0de\u00a0Phyto-Actif\u00a0est issue d&#039;une culture en bassins de plein air qui sont contr\u00f4l\u00e9s par\u00a0Ecocert, le tout dans une ferme aquacole qui se trouve sur la route des Indes. Cet environnement privil\u00e9gi\u00e9, qui a l&#039;avantage d&#039;\u00eatre \u00e0 l&#039;\u00e9cart de la pollution, r\u00e9unit les conditions optimales pour permettre de pr\u00e9server au mieux les qualit\u00e9s nutritionnelles de la\u00a0Spiruline. Le\u00a0contr\u00f4le Ecocert\u00a0qui est r\u00e9alis\u00e9 se base sur le r\u00e9f\u00e9rentiel de l&#039;Agriculture Biologique.\" \/>\n<meta property=\"og:url\" content=\"https:\/\/grainedecoton.fr\/wordpress\/produit\/spiruline-300cps\/\" \/>\n<meta property=\"og:site_name\" content=\"Graine de coton - Parapharmacie\" \/>\n<meta property=\"article:publisher\" content=\"https:\/\/www.facebook.com\/pages\/category\/Pharmacy---Drugstore\/Graine-de-coton-parapharmacie-339080217976\/\" \/>\n<meta property=\"article:modified_time\" content=\"2026-03-13T23:00:26+00:00\" \/>\n<meta property=\"og:image\" content=\"https:\/\/grainedecoton.fr\/wordpress\/wp-content\/uploads\/2021\/03\/powersante-phyto-actif-spiruline-ecocert-300-comprimes.webp\" \/>\n\t<meta property=\"og:image:width\" content=\"700\" \/>\n\t<meta property=\"og:image:height\" content=\"700\" \/>\n\t<meta property=\"og:image:type\" content=\"image\/webp\" \/>\n<meta name=\"twitter:card\" content=\"summary_large_image\" \/>\n<script type=\"application\/ld+json\" class=\"yoast-schema-graph\">{\"@context\":\"https:\/\/schema.org\",\"@graph\":[{\"@type\":\"WebPage\",\"@id\":\"https:\/\/grainedecoton.fr\/wordpress\/produit\/spiruline-300cps\/\",\"url\":\"https:\/\/grainedecoton.fr\/wordpress\/produit\/spiruline-300cps\/\",\"name\":\"Spiruline 300cps - Graine de coton - Parapharmacie\",\"isPartOf\":{\"@id\":\"https:\/\/grainedecoton.fr\/wordpress\/#website\"},\"primaryImageOfPage\":{\"@id\":\"https:\/\/grainedecoton.fr\/wordpress\/produit\/spiruline-300cps\/#primaryimage\"},\"image\":{\"@id\":\"https:\/\/grainedecoton.fr\/wordpress\/produit\/spiruline-300cps\/#primaryimage\"},\"thumbnailUrl\":\"https:\/\/grainedecoton.fr\/wordpress\/wp-content\/uploads\/2021\/03\/powersante-phyto-actif-spiruline-ecocert-300-comprimes.webp\",\"datePublished\":\"2021-03-06T14:41:33+00:00\",\"dateModified\":\"2026-03-13T23:00:26+00:00\",\"breadcrumb\":{\"@id\":\"https:\/\/grainedecoton.fr\/wordpress\/produit\/spiruline-300cps\/#breadcrumb\"},\"inLanguage\":\"fr-FR\",\"potentialAction\":[{\"@type\":\"ReadAction\",\"target\":[\"https:\/\/grainedecoton.fr\/wordpress\/produit\/spiruline-300cps\/\"]}]},{\"@type\":\"ImageObject\",\"inLanguage\":\"fr-FR\",\"@id\":\"https:\/\/grainedecoton.fr\/wordpress\/produit\/spiruline-300cps\/#primaryimage\",\"url\":\"https:\/\/grainedecoton.fr\/wordpress\/wp-content\/uploads\/2021\/03\/powersante-phyto-actif-spiruline-ecocert-300-comprimes.webp\",\"contentUrl\":\"https:\/\/grainedecoton.fr\/wordpress\/wp-content\/uploads\/2021\/03\/powersante-phyto-actif-spiruline-ecocert-300-comprimes.webp\",\"width\":700,\"height\":700},{\"@type\":\"BreadcrumbList\",\"@id\":\"https:\/\/grainedecoton.fr\/wordpress\/produit\/spiruline-300cps\/#breadcrumb\",\"itemListElement\":[{\"@type\":\"ListItem\",\"position\":1,\"name\":\"Accueil\",\"item\":\"https:\/\/grainedecoton.fr\/wordpress\/\"},{\"@type\":\"ListItem\",\"position\":2,\"name\":\"Boutique\",\"item\":\"https:\/\/grainedecoton.fr\/wordpress\/boutique\/\"},{\"@type\":\"ListItem\",\"position\":3,\"name\":\"Spiruline 300cps\"}]},{\"@type\":\"WebSite\",\"@id\":\"https:\/\/grainedecoton.fr\/wordpress\/#website\",\"url\":\"https:\/\/grainedecoton.fr\/wordpress\/\",\"name\":\"Graine de coton - Parapharmacie\",\"description\":\"Produits Bios et naturels\",\"publisher\":{\"@id\":\"https:\/\/grainedecoton.fr\/wordpress\/#organization\"},\"potentialAction\":[{\"@type\":\"SearchAction\",\"target\":{\"@type\":\"EntryPoint\",\"urlTemplate\":\"https:\/\/grainedecoton.fr\/wordpress\/?s={search_term_string}\"},\"query-input\":{\"@type\":\"PropertyValueSpecification\",\"valueRequired\":true,\"valueName\":\"search_term_string\"}}],\"inLanguage\":\"fr-FR\"},{\"@type\":\"Organization\",\"@id\":\"https:\/\/grainedecoton.fr\/wordpress\/#organization\",\"name\":\"Graine de Coton\",\"url\":\"https:\/\/grainedecoton.fr\/wordpress\/\",\"logo\":{\"@type\":\"ImageObject\",\"inLanguage\":\"fr-FR\",\"@id\":\"https:\/\/grainedecoton.fr\/wordpress\/#\/schema\/logo\/image\/\",\"url\":\"https:\/\/grainedecoton.fr\/wordpress\/wp-content\/uploads\/2018\/11\/logo-graine-de-cotonpt.jpg\",\"contentUrl\":\"https:\/\/grainedecoton.fr\/wordpress\/wp-content\/uploads\/2018\/11\/logo-graine-de-cotonpt.jpg\",\"width\":576,\"height\":149,\"caption\":\"Graine de Coton\"},\"image\":{\"@id\":\"https:\/\/grainedecoton.fr\/wordpress\/#\/schema\/logo\/image\/\"},\"sameAs\":[\"https:\/\/www.facebook.com\/pages\/category\/Pharmacy---Drugstore\/Graine-de-coton-parapharmacie-339080217976\/\"]}]}<\/script>\n<!-- \/ Yoast SEO plugin. -->","yoast_head_json":{"title":"Spiruline 300cps - Graine de coton - Parapharmacie","robots":{"index":"index","follow":"follow","max-snippet":"max-snippet:-1","max-image-preview":"max-image-preview:large","max-video-preview":"max-video-preview:-1"},"canonical":"https:\/\/grainedecoton.fr\/wordpress\/produit\/spiruline-300cps\/","og_locale":"fr_FR","og_type":"article","og_title":"Spiruline 300cps - Graine de coton - Parapharmacie","og_description":"SPIRULINE AB PHYTO-ACTIF : FORMULATION ET MODE D'ACTION Avec sa forte teneur en prot\u00e9ines v\u00e9g\u00e9tales, dont elle est compos\u00e9e \u00e0 plus de 60%, la\u00a0Spiruline\u00a0est un des premiers v\u00e9g\u00e9taux a avoir fait son apparition sur terre et s'av\u00e8re \u00eatre un des pr\u00e9curseurs du ph\u00e9nom\u00e8ne de photosynth\u00e8se. Elle est consomm\u00e9e\u00a0depuis plusieurs si\u00e8cles en raison de ses propri\u00e9t\u00e9s nutritionnelles remarquables, car elle contient \u00e9galement des vitamines et des min\u00e9raux. Sa composition naturelle la rend tr\u00e8s appr\u00e9ci\u00e9e des sportifs, des v\u00e9g\u00e9tariens et des personnes \u00e2g\u00e9es.  La\u00a0Spiruline AB\u00a0de\u00a0Phyto-Actif\u00a0est issue d'une culture en bassins de plein air qui sont contr\u00f4l\u00e9s par\u00a0Ecocert, le tout dans une ferme aquacole qui se trouve sur la route des Indes. Cet environnement privil\u00e9gi\u00e9, qui a l'avantage d'\u00eatre \u00e0 l'\u00e9cart de la pollution, r\u00e9unit les conditions optimales pour permettre de pr\u00e9server au mieux les qualit\u00e9s nutritionnelles de la\u00a0Spiruline. Le\u00a0contr\u00f4le Ecocert\u00a0qui est r\u00e9alis\u00e9 se base sur le r\u00e9f\u00e9rentiel de l'Agriculture Biologique.","og_url":"https:\/\/grainedecoton.fr\/wordpress\/produit\/spiruline-300cps\/","og_site_name":"Graine de coton - Parapharmacie","article_publisher":"https:\/\/www.facebook.com\/pages\/category\/Pharmacy---Drugstore\/Graine-de-coton-parapharmacie-339080217976\/","article_modified_time":"2026-03-13T23:00:26+00:00","og_image":[{"width":700,"height":700,"url":"https:\/\/grainedecoton.fr\/wordpress\/wp-content\/uploads\/2021\/03\/powersante-phyto-actif-spiruline-ecocert-300-comprimes.webp","type":"image\/webp"}],"twitter_card":"summary_large_image","schema":{"@context":"https:\/\/schema.org","@graph":[{"@type":"WebPage","@id":"https:\/\/grainedecoton.fr\/wordpress\/produit\/spiruline-300cps\/","url":"https:\/\/grainedecoton.fr\/wordpress\/produit\/spiruline-300cps\/","name":"Spiruline 300cps - Graine de coton - Parapharmacie","isPartOf":{"@id":"https:\/\/grainedecoton.fr\/wordpress\/#website"},"primaryImageOfPage":{"@id":"https:\/\/grainedecoton.fr\/wordpress\/produit\/spiruline-300cps\/#primaryimage"},"image":{"@id":"https:\/\/grainedecoton.fr\/wordpress\/produit\/spiruline-300cps\/#primaryimage"},"thumbnailUrl":"https:\/\/grainedecoton.fr\/wordpress\/wp-content\/uploads\/2021\/03\/powersante-phyto-actif-spiruline-ecocert-300-comprimes.webp","datePublished":"2021-03-06T14:41:33+00:00","dateModified":"2026-03-13T23:00:26+00:00","breadcrumb":{"@id":"https:\/\/grainedecoton.fr\/wordpress\/produit\/spiruline-300cps\/#breadcrumb"},"inLanguage":"fr-FR","potentialAction":[{"@type":"ReadAction","target":["https:\/\/grainedecoton.fr\/wordpress\/produit\/spiruline-300cps\/"]}]},{"@type":"ImageObject","inLanguage":"fr-FR","@id":"https:\/\/grainedecoton.fr\/wordpress\/produit\/spiruline-300cps\/#primaryimage","url":"https:\/\/grainedecoton.fr\/wordpress\/wp-content\/uploads\/2021\/03\/powersante-phyto-actif-spiruline-ecocert-300-comprimes.webp","contentUrl":"https:\/\/grainedecoton.fr\/wordpress\/wp-content\/uploads\/2021\/03\/powersante-phyto-actif-spiruline-ecocert-300-comprimes.webp","width":700,"height":700},{"@type":"BreadcrumbList","@id":"https:\/\/grainedecoton.fr\/wordpress\/produit\/spiruline-300cps\/#breadcrumb","itemListElement":[{"@type":"ListItem","position":1,"name":"Accueil","item":"https:\/\/grainedecoton.fr\/wordpress\/"},{"@type":"ListItem","position":2,"name":"Boutique","item":"https:\/\/grainedecoton.fr\/wordpress\/boutique\/"},{"@type":"ListItem","position":3,"name":"Spiruline 300cps"}]},{"@type":"WebSite","@id":"https:\/\/grainedecoton.fr\/wordpress\/#website","url":"https:\/\/grainedecoton.fr\/wordpress\/","name":"Graine de coton - Parapharmacie","description":"Produits Bios et naturels","publisher":{"@id":"https:\/\/grainedecoton.fr\/wordpress\/#organization"},"potentialAction":[{"@type":"SearchAction","target":{"@type":"EntryPoint","urlTemplate":"https:\/\/grainedecoton.fr\/wordpress\/?s={search_term_string}"},"query-input":{"@type":"PropertyValueSpecification","valueRequired":true,"valueName":"search_term_string"}}],"inLanguage":"fr-FR"},{"@type":"Organization","@id":"https:\/\/grainedecoton.fr\/wordpress\/#organization","name":"Graine de Coton","url":"https:\/\/grainedecoton.fr\/wordpress\/","logo":{"@type":"ImageObject","inLanguage":"fr-FR","@id":"https:\/\/grainedecoton.fr\/wordpress\/#\/schema\/logo\/image\/","url":"https:\/\/grainedecoton.fr\/wordpress\/wp-content\/uploads\/2018\/11\/logo-graine-de-cotonpt.jpg","contentUrl":"https:\/\/grainedecoton.fr\/wordpress\/wp-content\/uploads\/2018\/11\/logo-graine-de-cotonpt.jpg","width":576,"height":149,"caption":"Graine de Coton"},"image":{"@id":"https:\/\/grainedecoton.fr\/wordpress\/#\/schema\/logo\/image\/"},"sameAs":["https:\/\/www.facebook.com\/pages\/category\/Pharmacy---Drugstore\/Graine-de-coton-parapharmacie-339080217976\/"]}]}},"_links":{"self":[{"href":"https:\/\/grainedecoton.fr\/wordpress\/wp-json\/wp\/v2\/product\/10036"}],"collection":[{"href":"https:\/\/grainedecoton.fr\/wordpress\/wp-json\/wp\/v2\/product"}],"about":[{"href":"https:\/\/grainedecoton.fr\/wordpress\/wp-json\/wp\/v2\/types\/product"}],"replies":[{"embeddable":true,"href":"https:\/\/grainedecoton.fr\/wordpress\/wp-json\/wp\/v2\/comments?post=10036"}],"wp:featuredmedia":[{"embeddable":true,"href":"https:\/\/grainedecoton.fr\/wordpress\/wp-json\/wp\/v2\/media\/13089"}],"wp:attachment":[{"href":"https:\/\/grainedecoton.fr\/wordpress\/wp-json\/wp\/v2\/media?parent=10036"}],"wp:term":[{"taxonomy":"product_brand","embeddable":true,"href":"https:\/\/grainedecoton.fr\/wordpress\/wp-json\/wp\/v2\/product_brand?post=10036"},{"taxonomy":"product_cat","embeddable":true,"href":"https:\/\/grainedecoton.fr\/wordpress\/wp-json\/wp\/v2\/product_cat?post=10036"},{"taxonomy":"product_tag","embeddable":true,"href":"https:\/\/grainedecoton.fr\/wordpress\/wp-json\/wp\/v2\/product_tag?post=10036"}],"curies":[{"name":"wp","href":"https:\/\/api.w.org\/{rel}","templated":true}]}}