{"id":114,"date":"2019-02-02T09:21:16","date_gmt":"2019-02-02T08:21:16","guid":{"rendered":"http:\/\/grainedecoton.fr\/wordpress\/home\/"},"modified":"2024-08-28T22:57:00","modified_gmt":"2024-08-28T20:57:00","slug":"home","status":"publish","type":"page","link":"https:\/\/grainedecoton.fr\/wordpress\/","title":{"rendered":"Accueil"},"content":{"rendered":"\t\t<div data-elementor-type=\"wp-page\" data-elementor-id=\"114\" class=\"elementor elementor-114\">\n\t\t\t\t\t\t<section class=\"elementor-section elementor-top-section elementor-element elementor-element-6ec1acf elementor-section-boxed elementor-section-height-default elementor-section-height-default\" data-id=\"6ec1acf\" data-element_type=\"section\" data-e-type=\"section\">\n\t\t\t\t\t\t<div class=\"elementor-container elementor-column-gap-default\">\n\t\t\t\t\t<div class=\"elementor-column elementor-col-100 elementor-top-column elementor-element elementor-element-87b9230\" data-id=\"87b9230\" data-element_type=\"column\" data-e-type=\"column\">\n\t\t\t<div class=\"elementor-widget-wrap elementor-element-populated\">\n\t\t\t\t\t\t<div class=\"elementor-element elementor-element-58510d9 elementor-widget elementor-widget-text-editor\" data-id=\"58510d9\" data-element_type=\"widget\" data-e-type=\"widget\" data-widget_type=\"text-editor.default\">\n\t\t\t\t<div class=\"elementor-widget-container\">\n\t\t\t\t\t\t\t\t\t<p>\u00a0<\/p><p><strong style=\"color: var( --e-global-color-text ); font-family: var( --e-global-typography-text-font-family ), Sans-serif;\">Le magasin vous accueille :<\/strong><\/p><p><span style=\"color: #ff0000;\">Jeudi, Vendredi 9h30-19h00<\/span><br \/><span style=\"color: #ff0000;\">Samedi 9h30-12h30<\/span><\/p><p>N&rsquo;h\u00e9sitez pas \u00e0 passer vos commandes pour r\u00e9cup\u00e9rer vos colis.<br \/>email contact@grainedecoton.fr, t\u00e9l\u00e9phone ou sur ce site.<\/p>\t\t\t\t\t\t\t\t<\/div>\n\t\t\t\t<\/div>\n\t\t\t\t\t<\/div>\n\t\t<\/div>\n\t\t\t\t\t<\/div>\n\t\t<\/section>\n\t\t\t\t<section class=\"elementor-section elementor-top-section elementor-element elementor-element-666240d elementor-section-boxed elementor-section-height-default elementor-section-height-default\" data-id=\"666240d\" data-element_type=\"section\" data-e-type=\"section\">\n\t\t\t\t\t\t<div class=\"elementor-container elementor-column-gap-default\">\n\t\t\t\t\t<div class=\"elementor-column elementor-col-100 elementor-top-column elementor-element elementor-element-4bc5ec5\" data-id=\"4bc5ec5\" data-element_type=\"column\" data-e-type=\"column\">\n\t\t\t<div class=\"elementor-widget-wrap elementor-element-populated\">\n\t\t\t\t\t\t<div class=\"elementor-element elementor-element-f73104e elementor-widget elementor-widget-image\" data-id=\"f73104e\" data-element_type=\"widget\" data-e-type=\"widget\" data-widget_type=\"image.default\">\n\t\t\t\t<div class=\"elementor-widget-container\">\n\t\t\t\t\t\t\t\t\t\t\t\t\t\t\t<img fetchpriority=\"high\" decoding=\"async\" width=\"576\" height=\"1024\" src=\"https:\/\/grainedecoton.fr\/wordpress\/wp-content\/uploads\/2020\/11\/IMG-20201102-WA0001-576x1024.jpg\" class=\"attachment-large size-large wp-image-8884\" alt=\"Jean Bouteille - Savons et lessive en vrac\" srcset=\"https:\/\/grainedecoton.fr\/wordpress\/wp-content\/uploads\/2020\/11\/IMG-20201102-WA0001-576x1024.jpg 576w, https:\/\/grainedecoton.fr\/wordpress\/wp-content\/uploads\/2020\/11\/IMG-20201102-WA0001-169x300.jpg 169w, https:\/\/grainedecoton.fr\/wordpress\/wp-content\/uploads\/2020\/11\/IMG-20201102-WA0001-768x1365.jpg 768w, https:\/\/grainedecoton.fr\/wordpress\/wp-content\/uploads\/2020\/11\/IMG-20201102-WA0001-864x1536.jpg 864w, https:\/\/grainedecoton.fr\/wordpress\/wp-content\/uploads\/2020\/11\/IMG-20201102-WA0001-600x1067.jpg 600w, https:\/\/grainedecoton.fr\/wordpress\/wp-content\/uploads\/2020\/11\/IMG-20201102-WA0001.jpg 900w\" sizes=\"(max-width: 576px) 100vw, 576px\" \/>\t\t\t\t\t\t\t\t\t\t\t\t\t\t\t<\/div>\n\t\t\t\t<\/div>\n\t\t\t\t\t<\/div>\n\t\t<\/div>\n\t\t\t\t\t<\/div>\n\t\t<\/section>\n\t\t\t\t<section class=\"elementor-section elementor-top-section elementor-element elementor-element-8da6e5c elementor-section-boxed elementor-section-height-default elementor-section-height-default\" data-id=\"8da6e5c\" data-element_type=\"section\" data-e-type=\"section\">\n\t\t\t\t\t\t<div class=\"elementor-container elementor-column-gap-default\">\n\t\t\t\t\t<div class=\"elementor-column elementor-col-100 elementor-top-column elementor-element elementor-element-1e57980\" data-id=\"1e57980\" data-element_type=\"column\" data-e-type=\"column\">\n\t\t\t<div class=\"elementor-widget-wrap elementor-element-populated\">\n\t\t\t\t\t\t<div class=\"elementor-element elementor-element-d262ca8 elementor-widget elementor-widget-html\" data-id=\"d262ca8\" data-element_type=\"widget\" data-e-type=\"widget\" data-widget_type=\"html.default\">\n\t\t\t\t<div class=\"elementor-widget-container\">\n\t\t\t\t\t<iframe src=\"https:\/\/www.google.com\/maps\/embed?pb=!1m18!1m12!1m3!1d2892.353099515263!2d-0.41638198520458747!3d43.536680979125435!2m3!1f0!2f0!3f0!3m2!1i1024!2i768!4f13.1!3m3!1m2!1s0xd5645da7c706175%3A0xf102e162737b5ee4!2sGraine%20de%20Coton!5e0!3m2!1sfr!2sfr!4v1581279800402!5m2!1sfr!2sfr\" width=\"600\" height=\"450\" frameborder=\"0\" style=\"border:0;\" allowfullscreen=\"\"><\/iframe>\t\t\t\t<\/div>\n\t\t\t\t<\/div>\n\t\t\t\t\t<\/div>\n\t\t<\/div>\n\t\t\t\t\t<\/div>\n\t\t<\/section>\n\t\t\t\t<\/div>\n\t\t","protected":false},"excerpt":{"rendered":"<p>\u00a0 Le magasin vous accueille : Jeudi, Vendredi 9h30-19h00Samedi 9h30-12h30 N&rsquo;h\u00e9sitez pas \u00e0 passer vos commandes pour r\u00e9cup\u00e9rer vos colis.email&hellip;<\/p>\n","protected":false},"author":1,"featured_media":0,"parent":0,"menu_order":0,"comment_status":"closed","ping_status":"closed","template":"","meta":{"footnotes":""},"class_list":["post-114","page","type-page","status-publish","hentry"],"yoast_head":"<!-- This site is optimized with the Yoast SEO plugin v25.6 - https:\/\/yoast.com\/wordpress\/plugins\/seo\/ -->\n<title>Accueil - Graine de coton - Parapharmacie<\/title>\n<meta name=\"description\" content=\"Graine de coton est votre parapharmacie du Nord de Pau \u00e0 Arzacq-Arraziguet. Venez d\u00e9couvrir nos produits Bio, naturels, Vrac, produits locaux, et nos conseils.\" \/>\n<meta name=\"robots\" content=\"index, follow, max-snippet:-1, max-image-preview:large, max-video-preview:-1\" \/>\n<link rel=\"canonical\" href=\"https:\/\/grainedecoton.fr\/wordpress\/\" \/>\n<meta property=\"og:locale\" content=\"fr_FR\" \/>\n<meta property=\"og:type\" content=\"article\" \/>\n<meta property=\"og:title\" content=\"Accueil - Graine de coton - Parapharmacie\" \/>\n<meta property=\"og:description\" content=\"Graine de coton est votre parapharmacie du Nord de Pau \u00e0 Arzacq-Arraziguet. Venez d\u00e9couvrir nos produits Bio, naturels, Vrac, produits locaux, et nos conseils.\" \/>\n<meta property=\"og:url\" content=\"https:\/\/grainedecoton.fr\/wordpress\/\" \/>\n<meta property=\"og:site_name\" content=\"Graine de coton - Parapharmacie\" \/>\n<meta property=\"article:publisher\" content=\"https:\/\/www.facebook.com\/pages\/category\/Pharmacy---Drugstore\/Graine-de-coton-parapharmacie-339080217976\/\" \/>\n<meta property=\"article:modified_time\" content=\"2024-08-28T20:57:00+00:00\" \/>\n<meta property=\"og:image\" content=\"https:\/\/grainedecoton.fr\/wordpress\/wp-content\/uploads\/2020\/11\/IMG-20201102-WA0001-576x1024.jpg\" \/>\n<meta name=\"twitter:card\" content=\"summary_large_image\" \/>\n<meta name=\"twitter:label1\" content=\"Dur\u00e9e de lecture estim\u00e9e\" \/>\n\t<meta name=\"twitter:data1\" content=\"1 minute\" \/>\n<script type=\"application\/ld+json\" class=\"yoast-schema-graph\">{\"@context\":\"https:\/\/schema.org\",\"@graph\":[{\"@type\":\"WebPage\",\"@id\":\"https:\/\/grainedecoton.fr\/wordpress\/\",\"url\":\"https:\/\/grainedecoton.fr\/wordpress\/\",\"name\":\"Accueil - Graine de coton - Parapharmacie\",\"isPartOf\":{\"@id\":\"https:\/\/grainedecoton.fr\/wordpress\/#website\"},\"primaryImageOfPage\":{\"@id\":\"https:\/\/grainedecoton.fr\/wordpress\/#primaryimage\"},\"image\":{\"@id\":\"https:\/\/grainedecoton.fr\/wordpress\/#primaryimage\"},\"thumbnailUrl\":\"https:\/\/grainedecoton.fr\/wordpress\/wp-content\/uploads\/2020\/11\/IMG-20201102-WA0001-576x1024.jpg\",\"datePublished\":\"2019-02-02T08:21:16+00:00\",\"dateModified\":\"2024-08-28T20:57:00+00:00\",\"description\":\"Graine de coton est votre parapharmacie du Nord de Pau \u00e0 Arzacq-Arraziguet. Venez d\u00e9couvrir nos produits Bio, naturels, Vrac, produits locaux, et nos conseils.\",\"breadcrumb\":{\"@id\":\"https:\/\/grainedecoton.fr\/wordpress\/#breadcrumb\"},\"inLanguage\":\"fr-FR\",\"potentialAction\":[{\"@type\":\"ReadAction\",\"target\":[\"https:\/\/grainedecoton.fr\/wordpress\/\"]}]},{\"@type\":\"ImageObject\",\"inLanguage\":\"fr-FR\",\"@id\":\"https:\/\/grainedecoton.fr\/wordpress\/#primaryimage\",\"url\":\"https:\/\/grainedecoton.fr\/wordpress\/wp-content\/uploads\/2020\/11\/IMG-20201102-WA0001.jpg\",\"contentUrl\":\"https:\/\/grainedecoton.fr\/wordpress\/wp-content\/uploads\/2020\/11\/IMG-20201102-WA0001.jpg\",\"width\":900,\"height\":1600,\"caption\":\"Jean Bouteille - Savons et lessive en vrac\"},{\"@type\":\"BreadcrumbList\",\"@id\":\"https:\/\/grainedecoton.fr\/wordpress\/#breadcrumb\",\"itemListElement\":[{\"@type\":\"ListItem\",\"position\":1,\"name\":\"Accueil\",\"item\":\"https:\/\/grainedecoton.fr\/wordpress\/\"},{\"@type\":\"ListItem\",\"position\":2,\"name\":\"Accueil\"}]},{\"@type\":\"WebSite\",\"@id\":\"https:\/\/grainedecoton.fr\/wordpress\/#website\",\"url\":\"https:\/\/grainedecoton.fr\/wordpress\/\",\"name\":\"Graine de coton - Parapharmacie\",\"description\":\"Produits Bios et naturels\",\"publisher\":{\"@id\":\"https:\/\/grainedecoton.fr\/wordpress\/#organization\"},\"potentialAction\":[{\"@type\":\"SearchAction\",\"target\":{\"@type\":\"EntryPoint\",\"urlTemplate\":\"https:\/\/grainedecoton.fr\/wordpress\/?s={search_term_string}\"},\"query-input\":{\"@type\":\"PropertyValueSpecification\",\"valueRequired\":true,\"valueName\":\"search_term_string\"}}],\"inLanguage\":\"fr-FR\"},{\"@type\":\"Organization\",\"@id\":\"https:\/\/grainedecoton.fr\/wordpress\/#organization\",\"name\":\"Graine de Coton\",\"url\":\"https:\/\/grainedecoton.fr\/wordpress\/\",\"logo\":{\"@type\":\"ImageObject\",\"inLanguage\":\"fr-FR\",\"@id\":\"https:\/\/grainedecoton.fr\/wordpress\/#\/schema\/logo\/image\/\",\"url\":\"https:\/\/grainedecoton.fr\/wordpress\/wp-content\/uploads\/2018\/11\/logo-graine-de-cotonpt.jpg\",\"contentUrl\":\"https:\/\/grainedecoton.fr\/wordpress\/wp-content\/uploads\/2018\/11\/logo-graine-de-cotonpt.jpg\",\"width\":576,\"height\":149,\"caption\":\"Graine de Coton\"},\"image\":{\"@id\":\"https:\/\/grainedecoton.fr\/wordpress\/#\/schema\/logo\/image\/\"},\"sameAs\":[\"https:\/\/www.facebook.com\/pages\/category\/Pharmacy---Drugstore\/Graine-de-coton-parapharmacie-339080217976\/\"]}]}<\/script>\n<!-- \/ Yoast SEO plugin. -->","yoast_head_json":{"title":"Accueil - Graine de coton - Parapharmacie","description":"Graine de coton est votre parapharmacie du Nord de Pau \u00e0 Arzacq-Arraziguet. Venez d\u00e9couvrir nos produits Bio, naturels, Vrac, produits locaux, et nos conseils.","robots":{"index":"index","follow":"follow","max-snippet":"max-snippet:-1","max-image-preview":"max-image-preview:large","max-video-preview":"max-video-preview:-1"},"canonical":"https:\/\/grainedecoton.fr\/wordpress\/","og_locale":"fr_FR","og_type":"article","og_title":"Accueil - Graine de coton - Parapharmacie","og_description":"Graine de coton est votre parapharmacie du Nord de Pau \u00e0 Arzacq-Arraziguet. Venez d\u00e9couvrir nos produits Bio, naturels, Vrac, produits locaux, et nos conseils.","og_url":"https:\/\/grainedecoton.fr\/wordpress\/","og_site_name":"Graine de coton - Parapharmacie","article_publisher":"https:\/\/www.facebook.com\/pages\/category\/Pharmacy---Drugstore\/Graine-de-coton-parapharmacie-339080217976\/","article_modified_time":"2024-08-28T20:57:00+00:00","og_image":[{"url":"https:\/\/grainedecoton.fr\/wordpress\/wp-content\/uploads\/2020\/11\/IMG-20201102-WA0001-576x1024.jpg","type":"","width":"","height":""}],"twitter_card":"summary_large_image","twitter_misc":{"Dur\u00e9e de lecture estim\u00e9e":"1 minute"},"schema":{"@context":"https:\/\/schema.org","@graph":[{"@type":"WebPage","@id":"https:\/\/grainedecoton.fr\/wordpress\/","url":"https:\/\/grainedecoton.fr\/wordpress\/","name":"Accueil - Graine de coton - Parapharmacie","isPartOf":{"@id":"https:\/\/grainedecoton.fr\/wordpress\/#website"},"primaryImageOfPage":{"@id":"https:\/\/grainedecoton.fr\/wordpress\/#primaryimage"},"image":{"@id":"https:\/\/grainedecoton.fr\/wordpress\/#primaryimage"},"thumbnailUrl":"https:\/\/grainedecoton.fr\/wordpress\/wp-content\/uploads\/2020\/11\/IMG-20201102-WA0001-576x1024.jpg","datePublished":"2019-02-02T08:21:16+00:00","dateModified":"2024-08-28T20:57:00+00:00","description":"Graine de coton est votre parapharmacie du Nord de Pau \u00e0 Arzacq-Arraziguet. Venez d\u00e9couvrir nos produits Bio, naturels, Vrac, produits locaux, et nos conseils.","breadcrumb":{"@id":"https:\/\/grainedecoton.fr\/wordpress\/#breadcrumb"},"inLanguage":"fr-FR","potentialAction":[{"@type":"ReadAction","target":["https:\/\/grainedecoton.fr\/wordpress\/"]}]},{"@type":"ImageObject","inLanguage":"fr-FR","@id":"https:\/\/grainedecoton.fr\/wordpress\/#primaryimage","url":"https:\/\/grainedecoton.fr\/wordpress\/wp-content\/uploads\/2020\/11\/IMG-20201102-WA0001.jpg","contentUrl":"https:\/\/grainedecoton.fr\/wordpress\/wp-content\/uploads\/2020\/11\/IMG-20201102-WA0001.jpg","width":900,"height":1600,"caption":"Jean Bouteille - Savons et lessive en vrac"},{"@type":"BreadcrumbList","@id":"https:\/\/grainedecoton.fr\/wordpress\/#breadcrumb","itemListElement":[{"@type":"ListItem","position":1,"name":"Accueil","item":"https:\/\/grainedecoton.fr\/wordpress\/"},{"@type":"ListItem","position":2,"name":"Accueil"}]},{"@type":"WebSite","@id":"https:\/\/grainedecoton.fr\/wordpress\/#website","url":"https:\/\/grainedecoton.fr\/wordpress\/","name":"Graine de coton - Parapharmacie","description":"Produits Bios et naturels","publisher":{"@id":"https:\/\/grainedecoton.fr\/wordpress\/#organization"},"potentialAction":[{"@type":"SearchAction","target":{"@type":"EntryPoint","urlTemplate":"https:\/\/grainedecoton.fr\/wordpress\/?s={search_term_string}"},"query-input":{"@type":"PropertyValueSpecification","valueRequired":true,"valueName":"search_term_string"}}],"inLanguage":"fr-FR"},{"@type":"Organization","@id":"https:\/\/grainedecoton.fr\/wordpress\/#organization","name":"Graine de Coton","url":"https:\/\/grainedecoton.fr\/wordpress\/","logo":{"@type":"ImageObject","inLanguage":"fr-FR","@id":"https:\/\/grainedecoton.fr\/wordpress\/#\/schema\/logo\/image\/","url":"https:\/\/grainedecoton.fr\/wordpress\/wp-content\/uploads\/2018\/11\/logo-graine-de-cotonpt.jpg","contentUrl":"https:\/\/grainedecoton.fr\/wordpress\/wp-content\/uploads\/2018\/11\/logo-graine-de-cotonpt.jpg","width":576,"height":149,"caption":"Graine de Coton"},"image":{"@id":"https:\/\/grainedecoton.fr\/wordpress\/#\/schema\/logo\/image\/"},"sameAs":["https:\/\/www.facebook.com\/pages\/category\/Pharmacy---Drugstore\/Graine-de-coton-parapharmacie-339080217976\/"]}]}},"_links":{"self":[{"href":"https:\/\/grainedecoton.fr\/wordpress\/wp-json\/wp\/v2\/pages\/114"}],"collection":[{"href":"https:\/\/grainedecoton.fr\/wordpress\/wp-json\/wp\/v2\/pages"}],"about":[{"href":"https:\/\/grainedecoton.fr\/wordpress\/wp-json\/wp\/v2\/types\/page"}],"author":[{"embeddable":true,"href":"https:\/\/grainedecoton.fr\/wordpress\/wp-json\/wp\/v2\/users\/1"}],"replies":[{"embeddable":true,"href":"https:\/\/grainedecoton.fr\/wordpress\/wp-json\/wp\/v2\/comments?post=114"}],"version-history":[{"count":59,"href":"https:\/\/grainedecoton.fr\/wordpress\/wp-json\/wp\/v2\/pages\/114\/revisions"}],"predecessor-version":[{"id":13110,"href":"https:\/\/grainedecoton.fr\/wordpress\/wp-json\/wp\/v2\/pages\/114\/revisions\/13110"}],"wp:attachment":[{"href":"https:\/\/grainedecoton.fr\/wordpress\/wp-json\/wp\/v2\/media?parent=114"}],"curies":[{"name":"wp","href":"https:\/\/api.w.org\/{rel}","templated":true}]}}