{"id":10,"date":"2018-11-11T21:05:22","date_gmt":"2018-11-11T20:05:22","guid":{"rendered":"http:\/\/grainedecoton.fr\/wordpress\/?page_id=10"},"modified":"2024-08-28T22:49:39","modified_gmt":"2024-08-28T20:49:39","slug":"a-propos-de","status":"publish","type":"page","link":"https:\/\/grainedecoton.fr\/wordpress\/a-propos-de\/","title":{"rendered":"\u00c0 propos de"},"content":{"rendered":"\t\t<div data-elementor-type=\"wp-page\" data-elementor-id=\"10\" class=\"elementor elementor-10\">\n\t\t\t\t\t\t<section class=\"elementor-section elementor-top-section elementor-element elementor-element-ac8cf4e elementor-section-boxed elementor-section-height-default elementor-section-height-default\" data-id=\"ac8cf4e\" data-element_type=\"section\" data-e-type=\"section\">\n\t\t\t\t\t\t<div class=\"elementor-container elementor-column-gap-default\">\n\t\t\t\t\t<div class=\"elementor-column elementor-col-100 elementor-top-column elementor-element elementor-element-5cc6e4a\" data-id=\"5cc6e4a\" data-element_type=\"column\" data-e-type=\"column\">\n\t\t\t<div class=\"elementor-widget-wrap elementor-element-populated\">\n\t\t\t\t\t\t<div class=\"elementor-element elementor-element-4bdeb4d elementor-widget elementor-widget-image\" data-id=\"4bdeb4d\" data-element_type=\"widget\" data-e-type=\"widget\" data-widget_type=\"image.default\">\n\t\t\t\t<div class=\"elementor-widget-container\">\n\t\t\t\t\t\t\t\t\t\t\t\t\t\t\t<img fetchpriority=\"high\" decoding=\"async\" width=\"1024\" height=\"113\" src=\"https:\/\/grainedecoton.fr\/wordpress\/wp-content\/uploads\/2018\/11\/BanniereLongue-1024x113.png\" class=\"attachment-large size-large wp-image-65\" alt=\"\" srcset=\"https:\/\/grainedecoton.fr\/wordpress\/wp-content\/uploads\/2018\/11\/BanniereLongue-1024x113.png 1024w, https:\/\/grainedecoton.fr\/wordpress\/wp-content\/uploads\/2018\/11\/BanniereLongue-600x66.png 600w, https:\/\/grainedecoton.fr\/wordpress\/wp-content\/uploads\/2018\/11\/BanniereLongue-300x33.png 300w, https:\/\/grainedecoton.fr\/wordpress\/wp-content\/uploads\/2018\/11\/BanniereLongue-768x84.png 768w, https:\/\/grainedecoton.fr\/wordpress\/wp-content\/uploads\/2018\/11\/BanniereLongue.png 1356w\" sizes=\"(max-width: 1024px) 100vw, 1024px\" \/>\t\t\t\t\t\t\t\t\t\t\t\t\t\t\t<\/div>\n\t\t\t\t<\/div>\n\t\t\t\t\t<\/div>\n\t\t<\/div>\n\t\t\t\t\t<\/div>\n\t\t<\/section>\n\t\t\t\t<section class=\"elementor-section elementor-top-section elementor-element elementor-element-133992d6 elementor-section-boxed elementor-section-height-default elementor-section-height-default\" data-id=\"133992d6\" data-element_type=\"section\" data-e-type=\"section\">\n\t\t\t\t\t\t<div class=\"elementor-container elementor-column-gap-default\">\n\t\t\t\t\t<div class=\"elementor-column elementor-col-100 elementor-top-column elementor-element elementor-element-144ba896\" data-id=\"144ba896\" data-element_type=\"column\" data-e-type=\"column\">\n\t\t\t<div class=\"elementor-widget-wrap elementor-element-populated\">\n\t\t\t\t\t\t<div class=\"elementor-element elementor-element-c145aa6 elementor-widget elementor-widget-text-editor\" data-id=\"c145aa6\" data-element_type=\"widget\" data-e-type=\"widget\" data-widget_type=\"text-editor.default\">\n\t\t\t\t<div class=\"elementor-widget-container\">\n\t\t\t\t\t\t\t\t\t<p>Depuis maintenant 10 ans, graine de coton est votre parapharmacie de produits bio et naturels.<\/p>\n<p>D\u00e9sormais install\u00e9e \u00e0 Arzacq, venez d\u00e9couvrir notre large choix de produits bio, naturels, locaux pour prendre soin de vous.<\/p>\t\t\t\t\t\t\t\t<\/div>\n\t\t\t\t<\/div>\n\t\t\t\t\t<\/div>\n\t\t<\/div>\n\t\t\t\t\t<\/div>\n\t\t<\/section>\n\t\t\t\t<section class=\"elementor-section elementor-top-section elementor-element elementor-element-81d826e elementor-section-boxed elementor-section-height-default elementor-section-height-default\" data-id=\"81d826e\" data-element_type=\"section\" data-e-type=\"section\">\n\t\t\t\t\t\t<div class=\"elementor-container elementor-column-gap-default\">\n\t\t\t\t\t<div class=\"elementor-column elementor-col-100 elementor-top-column elementor-element elementor-element-6207837\" data-id=\"6207837\" data-element_type=\"column\" data-e-type=\"column\">\n\t\t\t<div class=\"elementor-widget-wrap elementor-element-populated\">\n\t\t\t\t\t\t<div class=\"elementor-element elementor-element-38e15e4 elementor-widget elementor-widget-text-editor\" data-id=\"38e15e4\" data-element_type=\"widget\" data-e-type=\"widget\" data-widget_type=\"text-editor.default\">\n\t\t\t\t<div class=\"elementor-widget-container\">\n\t\t\t\t\t\t\t\t\t<p>Graine de coton &#8211; Parapharmacie<br \/>SARL MARINELLY<br \/>23bis Place de la r\u00e9publique<br \/>64410 ARZACQ<\/p><p>Tel : 05-59-21-74-66<\/p><p><strong>Nouveaux Horaires, <\/strong><\/p><p><strong>le magasin vous accueille :<\/strong><br \/><span style=\"color: #ff0000;\">Jeudi, Vendredi 9h30-19h00<\/span><br \/><span style=\"color: #ff0000;\">Samedi 9h30-12h3<\/span><\/p><p>\u00a0<\/p>\t\t\t\t\t\t\t\t<\/div>\n\t\t\t\t<\/div>\n\t\t\t\t\t<\/div>\n\t\t<\/div>\n\t\t\t\t\t<\/div>\n\t\t<\/section>\n\t\t\t\t<\/div>\n\t\t","protected":false},"excerpt":{"rendered":"<p>Depuis maintenant 10 ans, graine de coton est votre parapharmacie de produits bio et naturels. D\u00e9sormais install\u00e9e \u00e0 Arzacq, venez&hellip;<\/p>\n","protected":false},"author":1,"featured_media":0,"parent":0,"menu_order":0,"comment_status":"closed","ping_status":"closed","template":"","meta":{"footnotes":""},"class_list":["post-10","page","type-page","status-publish","hentry"],"yoast_head":"<!-- This site is optimized with the Yoast SEO plugin v25.6 - https:\/\/yoast.com\/wordpress\/plugins\/seo\/ -->\n<title>\u00c0 propos de - Graine de coton - Parapharmacie<\/title>\n<meta name=\"robots\" content=\"index, follow, max-snippet:-1, max-image-preview:large, max-video-preview:-1\" \/>\n<link rel=\"canonical\" href=\"https:\/\/grainedecoton.fr\/wordpress\/a-propos-de\/\" \/>\n<meta property=\"og:locale\" content=\"fr_FR\" \/>\n<meta property=\"og:type\" content=\"article\" \/>\n<meta property=\"og:title\" content=\"\u00c0 propos de - Graine de coton - Parapharmacie\" \/>\n<meta property=\"og:description\" content=\"Depuis maintenant 10 ans, graine de coton est votre parapharmacie de produits bio et naturels. D\u00e9sormais install\u00e9e \u00e0 Arzacq, venez&hellip;\" \/>\n<meta property=\"og:url\" content=\"https:\/\/grainedecoton.fr\/wordpress\/a-propos-de\/\" \/>\n<meta property=\"og:site_name\" content=\"Graine de coton - Parapharmacie\" \/>\n<meta property=\"article:publisher\" content=\"https:\/\/www.facebook.com\/pages\/category\/Pharmacy---Drugstore\/Graine-de-coton-parapharmacie-339080217976\/\" \/>\n<meta property=\"article:modified_time\" content=\"2024-08-28T20:49:39+00:00\" \/>\n<meta property=\"og:image\" content=\"https:\/\/grainedecoton.fr\/wordpress\/wp-content\/uploads\/2018\/11\/BanniereLongue-1024x113.png\" \/>\n<meta name=\"twitter:card\" content=\"summary_large_image\" \/>\n<meta name=\"twitter:label1\" content=\"Dur\u00e9e de lecture estim\u00e9e\" \/>\n\t<meta name=\"twitter:data1\" content=\"1 minute\" \/>\n<script type=\"application\/ld+json\" class=\"yoast-schema-graph\">{\"@context\":\"https:\/\/schema.org\",\"@graph\":[{\"@type\":\"WebPage\",\"@id\":\"https:\/\/grainedecoton.fr\/wordpress\/a-propos-de\/\",\"url\":\"https:\/\/grainedecoton.fr\/wordpress\/a-propos-de\/\",\"name\":\"\u00c0 propos de - Graine de coton - Parapharmacie\",\"isPartOf\":{\"@id\":\"https:\/\/grainedecoton.fr\/wordpress\/#website\"},\"primaryImageOfPage\":{\"@id\":\"https:\/\/grainedecoton.fr\/wordpress\/a-propos-de\/#primaryimage\"},\"image\":{\"@id\":\"https:\/\/grainedecoton.fr\/wordpress\/a-propos-de\/#primaryimage\"},\"thumbnailUrl\":\"https:\/\/grainedecoton.fr\/wordpress\/wp-content\/uploads\/2018\/11\/BanniereLongue-1024x113.png\",\"datePublished\":\"2018-11-11T20:05:22+00:00\",\"dateModified\":\"2024-08-28T20:49:39+00:00\",\"breadcrumb\":{\"@id\":\"https:\/\/grainedecoton.fr\/wordpress\/a-propos-de\/#breadcrumb\"},\"inLanguage\":\"fr-FR\",\"potentialAction\":[{\"@type\":\"ReadAction\",\"target\":[\"https:\/\/grainedecoton.fr\/wordpress\/a-propos-de\/\"]}]},{\"@type\":\"ImageObject\",\"inLanguage\":\"fr-FR\",\"@id\":\"https:\/\/grainedecoton.fr\/wordpress\/a-propos-de\/#primaryimage\",\"url\":\"https:\/\/grainedecoton.fr\/wordpress\/wp-content\/uploads\/2018\/11\/BanniereLongue.png\",\"contentUrl\":\"https:\/\/grainedecoton.fr\/wordpress\/wp-content\/uploads\/2018\/11\/BanniereLongue.png\",\"width\":1356,\"height\":149},{\"@type\":\"BreadcrumbList\",\"@id\":\"https:\/\/grainedecoton.fr\/wordpress\/a-propos-de\/#breadcrumb\",\"itemListElement\":[{\"@type\":\"ListItem\",\"position\":1,\"name\":\"Accueil\",\"item\":\"https:\/\/grainedecoton.fr\/wordpress\/\"},{\"@type\":\"ListItem\",\"position\":2,\"name\":\"\u00c0 propos de\"}]},{\"@type\":\"WebSite\",\"@id\":\"https:\/\/grainedecoton.fr\/wordpress\/#website\",\"url\":\"https:\/\/grainedecoton.fr\/wordpress\/\",\"name\":\"Graine de coton - Parapharmacie\",\"description\":\"Produits Bios et naturels\",\"publisher\":{\"@id\":\"https:\/\/grainedecoton.fr\/wordpress\/#organization\"},\"potentialAction\":[{\"@type\":\"SearchAction\",\"target\":{\"@type\":\"EntryPoint\",\"urlTemplate\":\"https:\/\/grainedecoton.fr\/wordpress\/?s={search_term_string}\"},\"query-input\":{\"@type\":\"PropertyValueSpecification\",\"valueRequired\":true,\"valueName\":\"search_term_string\"}}],\"inLanguage\":\"fr-FR\"},{\"@type\":\"Organization\",\"@id\":\"https:\/\/grainedecoton.fr\/wordpress\/#organization\",\"name\":\"Graine de Coton\",\"url\":\"https:\/\/grainedecoton.fr\/wordpress\/\",\"logo\":{\"@type\":\"ImageObject\",\"inLanguage\":\"fr-FR\",\"@id\":\"https:\/\/grainedecoton.fr\/wordpress\/#\/schema\/logo\/image\/\",\"url\":\"https:\/\/grainedecoton.fr\/wordpress\/wp-content\/uploads\/2018\/11\/logo-graine-de-cotonpt.jpg\",\"contentUrl\":\"https:\/\/grainedecoton.fr\/wordpress\/wp-content\/uploads\/2018\/11\/logo-graine-de-cotonpt.jpg\",\"width\":576,\"height\":149,\"caption\":\"Graine de Coton\"},\"image\":{\"@id\":\"https:\/\/grainedecoton.fr\/wordpress\/#\/schema\/logo\/image\/\"},\"sameAs\":[\"https:\/\/www.facebook.com\/pages\/category\/Pharmacy---Drugstore\/Graine-de-coton-parapharmacie-339080217976\/\"]}]}<\/script>\n<!-- \/ Yoast SEO plugin. -->","yoast_head_json":{"title":"\u00c0 propos de - Graine de coton - Parapharmacie","robots":{"index":"index","follow":"follow","max-snippet":"max-snippet:-1","max-image-preview":"max-image-preview:large","max-video-preview":"max-video-preview:-1"},"canonical":"https:\/\/grainedecoton.fr\/wordpress\/a-propos-de\/","og_locale":"fr_FR","og_type":"article","og_title":"\u00c0 propos de - Graine de coton - Parapharmacie","og_description":"Depuis maintenant 10 ans, graine de coton est votre parapharmacie de produits bio et naturels. D\u00e9sormais install\u00e9e \u00e0 Arzacq, venez&hellip;","og_url":"https:\/\/grainedecoton.fr\/wordpress\/a-propos-de\/","og_site_name":"Graine de coton - Parapharmacie","article_publisher":"https:\/\/www.facebook.com\/pages\/category\/Pharmacy---Drugstore\/Graine-de-coton-parapharmacie-339080217976\/","article_modified_time":"2024-08-28T20:49:39+00:00","og_image":[{"url":"https:\/\/grainedecoton.fr\/wordpress\/wp-content\/uploads\/2018\/11\/BanniereLongue-1024x113.png","type":"","width":"","height":""}],"twitter_card":"summary_large_image","twitter_misc":{"Dur\u00e9e de lecture estim\u00e9e":"1 minute"},"schema":{"@context":"https:\/\/schema.org","@graph":[{"@type":"WebPage","@id":"https:\/\/grainedecoton.fr\/wordpress\/a-propos-de\/","url":"https:\/\/grainedecoton.fr\/wordpress\/a-propos-de\/","name":"\u00c0 propos de - Graine de coton - Parapharmacie","isPartOf":{"@id":"https:\/\/grainedecoton.fr\/wordpress\/#website"},"primaryImageOfPage":{"@id":"https:\/\/grainedecoton.fr\/wordpress\/a-propos-de\/#primaryimage"},"image":{"@id":"https:\/\/grainedecoton.fr\/wordpress\/a-propos-de\/#primaryimage"},"thumbnailUrl":"https:\/\/grainedecoton.fr\/wordpress\/wp-content\/uploads\/2018\/11\/BanniereLongue-1024x113.png","datePublished":"2018-11-11T20:05:22+00:00","dateModified":"2024-08-28T20:49:39+00:00","breadcrumb":{"@id":"https:\/\/grainedecoton.fr\/wordpress\/a-propos-de\/#breadcrumb"},"inLanguage":"fr-FR","potentialAction":[{"@type":"ReadAction","target":["https:\/\/grainedecoton.fr\/wordpress\/a-propos-de\/"]}]},{"@type":"ImageObject","inLanguage":"fr-FR","@id":"https:\/\/grainedecoton.fr\/wordpress\/a-propos-de\/#primaryimage","url":"https:\/\/grainedecoton.fr\/wordpress\/wp-content\/uploads\/2018\/11\/BanniereLongue.png","contentUrl":"https:\/\/grainedecoton.fr\/wordpress\/wp-content\/uploads\/2018\/11\/BanniereLongue.png","width":1356,"height":149},{"@type":"BreadcrumbList","@id":"https:\/\/grainedecoton.fr\/wordpress\/a-propos-de\/#breadcrumb","itemListElement":[{"@type":"ListItem","position":1,"name":"Accueil","item":"https:\/\/grainedecoton.fr\/wordpress\/"},{"@type":"ListItem","position":2,"name":"\u00c0 propos de"}]},{"@type":"WebSite","@id":"https:\/\/grainedecoton.fr\/wordpress\/#website","url":"https:\/\/grainedecoton.fr\/wordpress\/","name":"Graine de coton - Parapharmacie","description":"Produits Bios et naturels","publisher":{"@id":"https:\/\/grainedecoton.fr\/wordpress\/#organization"},"potentialAction":[{"@type":"SearchAction","target":{"@type":"EntryPoint","urlTemplate":"https:\/\/grainedecoton.fr\/wordpress\/?s={search_term_string}"},"query-input":{"@type":"PropertyValueSpecification","valueRequired":true,"valueName":"search_term_string"}}],"inLanguage":"fr-FR"},{"@type":"Organization","@id":"https:\/\/grainedecoton.fr\/wordpress\/#organization","name":"Graine de Coton","url":"https:\/\/grainedecoton.fr\/wordpress\/","logo":{"@type":"ImageObject","inLanguage":"fr-FR","@id":"https:\/\/grainedecoton.fr\/wordpress\/#\/schema\/logo\/image\/","url":"https:\/\/grainedecoton.fr\/wordpress\/wp-content\/uploads\/2018\/11\/logo-graine-de-cotonpt.jpg","contentUrl":"https:\/\/grainedecoton.fr\/wordpress\/wp-content\/uploads\/2018\/11\/logo-graine-de-cotonpt.jpg","width":576,"height":149,"caption":"Graine de Coton"},"image":{"@id":"https:\/\/grainedecoton.fr\/wordpress\/#\/schema\/logo\/image\/"},"sameAs":["https:\/\/www.facebook.com\/pages\/category\/Pharmacy---Drugstore\/Graine-de-coton-parapharmacie-339080217976\/"]}]}},"_links":{"self":[{"href":"https:\/\/grainedecoton.fr\/wordpress\/wp-json\/wp\/v2\/pages\/10"}],"collection":[{"href":"https:\/\/grainedecoton.fr\/wordpress\/wp-json\/wp\/v2\/pages"}],"about":[{"href":"https:\/\/grainedecoton.fr\/wordpress\/wp-json\/wp\/v2\/types\/page"}],"author":[{"embeddable":true,"href":"https:\/\/grainedecoton.fr\/wordpress\/wp-json\/wp\/v2\/users\/1"}],"replies":[{"embeddable":true,"href":"https:\/\/grainedecoton.fr\/wordpress\/wp-json\/wp\/v2\/comments?post=10"}],"version-history":[{"count":22,"href":"https:\/\/grainedecoton.fr\/wordpress\/wp-json\/wp\/v2\/pages\/10\/revisions"}],"predecessor-version":[{"id":13104,"href":"https:\/\/grainedecoton.fr\/wordpress\/wp-json\/wp\/v2\/pages\/10\/revisions\/13104"}],"wp:attachment":[{"href":"https:\/\/grainedecoton.fr\/wordpress\/wp-json\/wp\/v2\/media?parent=10"}],"curies":[{"name":"wp","href":"https:\/\/api.w.org\/{rel}","templated":true}]}}